{"id":309824,"date":"2024-02-07T12:52:50","date_gmt":"2024-02-07T11:52:50","guid":{"rendered":"https:\/\/www.pomoline.com\/web-pruebas\/aviso-legal\/"},"modified":"2024-06-24T19:04:52","modified_gmt":"2024-06-24T17:04:52","slug":"aviso-legal","status":"publish","type":"page","link":"https:\/\/www.pomoline.com\/de\/aviso-legal\/","title":{"rendered":"Rechtlicher Hinweis"},"content":{"rendered":"\n<h2 class=\"wp-block-heading\">UNTERNEHMENSDATEN<\/h2>\n\n\n\n<p>EXCLUSIVAS Y DISTRIBUCIONES KUATRO, SLU (nachstehend DAS UNTERNEHMEN) ist der Inhaber dieser Website und des Domainnamens:\u00a0<a href=\"https:\/\/www.pomoline.com\/\">www.pomoline.com<\/a><\/p>\n\n\n\n<p>\u2013 Vollst\u00e4ndiger Firmenname: EXCLUSIVAS Y DISTRIBUCIONES KUATRO, SLU<br>\u2013 CIF: B54439534<br>\u2013 Handelsregister: Registro Mercantil de Alicante, tomo 3401, libro 0, folio 197 y 199, secci\u00f3n 8, hoja A118515, inscripci\u00f3n 1\u00aa y 2\u00aa<br>\u2013 Adresse: C\/ Maestro Lope 44 \u2013 46100 Burjassot (Valencia)<br>\u2013 Tel: +34 961917046<br>\u2013 E-mail:&nbsp;<a href=\"mailto:info@pomoline.com\">info@pomoline.com<\/a><\/p>\n\n\n\n<p>Gegenstand des Unternehmens ist der Verkauf von Kn\u00f6pfen, Griffen, Aufh\u00e4ngern und Griffen f\u00fcr M\u00f6bel und Einrichtungs- und Dekorationsgegenst\u00e4nde f\u00fcr den Haushalt.<\/p>\n\n\n\n<h2 class=\"wp-block-heading\"><strong>ANNAHME DER NUTZUNGSBEDINGUNGEN&nbsp;<\/strong><\/h2>\n\n\n\n<p>Der Zweck der vorliegenden Bedingungen (im Folgenden \u201cRechtlicher Hinweis\u201d genannt) besteht darin, die Nutzung dieser Website zu regeln, die der Eigent\u00fcmer unter dieser URL der \u00d6ffentlichkeit zur Verf\u00fcgung stellt.<br>Die Nutzung der Website durch einen Dritten verleiht den Status eines Nutzers und setzt die vollst\u00e4ndige Annahme aller in diesem Dokument enthaltenen Bedingungen durch den besagten Nutzer voraus<\/p>\n\n\n\n<h2 class=\"wp-block-heading\">1. <strong>GEISTIGES UND GEWERBLICHES EIGENTUM<\/strong><\/h2>\n\n\n\n<p>Alle Inhalte der Website sind, sofern nicht anders angegeben, ausschlie\u00dfliches Eigentum der FIRMA oder Dritter, einschlie\u00dflich, aber nicht beschr\u00e4nkt auf das grafische Design, den Quellcode, Logos, Texte, Grafiken, Illustrationen, Fotos und andere Elemente, die auf der Website erscheinen.<br>Ebenso sind alle Handelsnamen, Marken oder Unterscheidungszeichen jeglicher Art, die auf der Webseite enthalten sind, gesetzlich gesch\u00fctzt.<br>DAS UNTERNEHMEN gew\u00e4hrt dem Nutzer keinerlei Lizenz oder Genehmigung zur pers\u00f6nlichen Nutzung seiner geistigen und gewerblichen Eigentumsrechte oder sonstiger Rechte im Zusammenhang mit seiner Website und den darin angebotenen Dienstleistungen.<br>Der Nutzer erkennt daher an, dass die Vervielf\u00e4ltigung, der Vertrieb, die Kommerzialisierung, die Umwandlung und im Allgemeinen jede andere Form der Verwertung des gesamten oder eines Teils des Inhalts dieser Website durch irgendein Verfahren eine Verletzung der geistigen und\/oder gewerblichen Eigentumsrechte des Eigent\u00fcmers der Website oder des Eigent\u00fcmers derselben darstellt.<\/p>\n\n\n\n<p>DAS UNTERNEHMEN kann den Inhalt dieser Website ohne Vorank\u00fcndigung \u00e4ndern, sowohl in Bezug auf die Informationen \u00fcber seine Produkte oder Dienstleistungen, wenn es sein Angebot erweitert und verbessert, als auch in Bezug auf jedes andere Element, das Teil desselben ist. Der Inhalt dieser Website hat informativen Charakter, so dass DIE FIRMA keine Garantie f\u00fcr die Richtigkeit, Vollst\u00e4ndigkeit oder Wahrhaftigkeit der auf dieser Website enthaltenen Informationen \u00fcbernimmt, unabh\u00e4ngig davon, ob es sich um eigene Informationen oder um Informationen von Dritten handelt. DAS UNTERNEHMEN haftet weder f\u00fcr direkte oder indirekte Sch\u00e4den, die durch die Richtigkeit, Vollst\u00e4ndigkeit oder Wahrhaftigkeit dieser Informationen verursacht werden, noch f\u00fcr die Nutzung der Inhalte oder Elemente dieser Website.<\/p>\n\n\n\n<p>Diese Website kann Links zu externen Seiten enthalten, und Tiradores Pomoline S.L. ist nicht verantwortlich f\u00fcr den Inhalt dieser externen Seiten oder andere damit verbundene Aspekte.<\/p>\n\n\n\n<h2 class=\"wp-block-heading\">2. <strong>KORREKTE NUTZUNG DER WEBSITE<\/strong><\/h2>\n\n\n\n<p>Der Nutzer verpflichtet sich, die Website, ihre Inhalte und Dienstleistungen in \u00dcbereinstimmung mit dem Gesetz, den vorliegenden rechtlichen Hinweisen, den guten Sitten und der \u00f6ffentlichen Ordnung zu nutzen. Ebenso verpflichtet sich der Nutzer, die Website oder die \u00fcber sie erbrachten Dienstleistungen nicht f\u00fcr Zwecke oder Wirkungen zu nutzen, die rechtswidrig sind oder im Widerspruch zum Inhalt dieses rechtlichen Hinweises stehen, die Interessen oder Rechte Dritter sch\u00e4digen oder die Website oder ihre Dienstleistungen in irgendeiner Weise besch\u00e4digen, unbrauchbar machen oder verschlechtern oder die normale Nutzung der Website durch andere Nutzer verhindern k\u00f6nnen.<br>Ebenso verpflichtet sich der Nutzer ausdr\u00fccklich, die Daten, Programme oder elektronischen Dokumente und andere, die auf dieser Website zu finden sind, nicht zu zerst\u00f6ren, zu ver\u00e4ndern, unbrauchbar zu machen oder in irgendeiner anderen Weise zu besch\u00e4digen.<br>Der Nutzer verpflichtet sich, den Zugang anderer Nutzer zum Zugriffsdienst nicht durch massive Inanspruchnahme der EDV-Ressourcen zu behindern, \u00fcber die der Eigent\u00fcmer der Website den Dienst bereitstellt, oder Handlungen vorzunehmen, die die genannten Systeme besch\u00e4digen, unterbrechen oder Fehler erzeugen.<br>Der Nutzer verpflichtet sich, keine Programme, Viren, Makros, Applets, ActiveX-Steuerungen oder andere logische Vorrichtungen oder Zeichenfolgen einzuf\u00fchren, die irgendeine Art von Ver\u00e4nderung in den Computersystemen des Inhabers der Website oder Dritter verursachen oder verursachen k\u00f6nnen.<\/p>\n\n\n\n<h2 class=\"wp-block-heading\">3. <strong>ANZEIGEN<\/strong><\/h2>\n\n\n\n<p>Einige Teile der Website k\u00f6nnen Werbeinhalte enthalten oder gesponsert sein. Werbetreibende und Sponsoren sind allein daf\u00fcr verantwortlich, dass das zur Aufnahme in die Website eingereichte Material mit den geltenden Gesetzen \u00fcbereinstimmt. DAS UNTERNEHMEN haftet nicht f\u00fcr Fehler, Ungenauigkeiten oder Unregelm\u00e4\u00dfigkeiten, die in den Werbeinhalten oder Sponsoren enthalten sein k\u00f6nnen. In jedem Fall ist f\u00fcr die Geltendmachung von Anspr\u00fcchen im Zusammenhang mit den auf dieser Website eingestellten Werbeinhalten die folgende E-Mail-Adresse zu kontaktieren:&nbsp;<a href=\"mailto:info@pomoline.com\">info@pomoline.com<\/a><\/p>\n\n\n\n<h2 class=\"wp-block-heading\">4. <strong>HAFTUNGSREGELUNG<\/strong><\/h2>\n\n\n\n<h3 class=\"wp-block-heading\">4.1. <strong>Verantwortung f\u00fcr die Nutzung der Website<\/strong><\/h3>\n\n\n\n<p>Der Nutzer ist allein verantwortlich f\u00fcr eventuelle Verst\u00f6\u00dfe oder Sch\u00e4den, die durch die Nutzung der Website verursacht werden, und der Eigent\u00fcmer der Website, seine Partner, Konzerngesellschaften, Mitarbeiter, Angestellten und Vertreter sind von jeglicher Haftung, die sich aus den Handlungen des Nutzers ergeben k\u00f6nnte, befreit.<br>Der Eigent\u00fcmer der Website unternimmt alle angemessenen Anstrengungen und Mittel, um aktuelle und zuverl\u00e4ssige Informationen auf der Website bereitzustellen, jedoch \u00fcbernimmt der Eigent\u00fcmer der Website keine Garantie in Bezug auf das Fehlen von Fehlern oder m\u00f6glichen Ungenauigkeiten und\/oder Auslassungen in den \u00fcber diese Website zug\u00e4nglichen Inhalten.<br>Der Nutzer ist allein verantwortlich f\u00fcr alle gerichtlichen oder au\u00dfergerichtlichen Anspr\u00fcche oder Klagen, die von Dritten gegen den Inhaber der Website aufgrund der Nutzung der Website durch den Nutzer erhoben werden. Gegebenenfalls \u00fcbernimmt der Nutzer alle Ausgaben, Kosten und Entsch\u00e4digungen, die dem Eigent\u00fcmer der Website durch solche Anspr\u00fcche oder Klagen entstehen.<\/p>\n\n\n\n<h3 class=\"wp-block-heading\">4.2. <strong>Verantwortung f\u00fcr den Betrieb der Website<\/strong><\/h3>\n\n\n\n<p>Der Eigent\u00fcmer der Website schlie\u00dft jede Haftung aus, die sich aus St\u00f6rungen, Auslassungen, Unterbrechungen, Computerviren, Telefonausf\u00e4llen oder Unterbrechungen im Betrieb des elektronischen Systems aufgrund von Ursachen ergeben kann, die au\u00dferhalb der Kontrolle des Eigent\u00fcmers der Website liegen.<br>Ebenso schlie\u00dft der Inhaber der Website jede Haftung aus, die sich aus Verz\u00f6gerungen oder Blockaden im Betrieb dieses elektronischen Systems ergeben kann, die durch M\u00e4ngel oder \u00dcberlastung der Telefonleitungen oder des Internets verursacht werden, sowie aus Sch\u00e4den, die von Dritten durch unrechtm\u00e4\u00dfige Eingriffe au\u00dferhalb der Kontrolle des Inhabers der Website verursacht werden.<br>Der Eigent\u00fcmer der Website ist berechtigt, den Zugang zur Website f\u00fcr Wartungs-, Reparatur-, Aktualisierungs- oder Verbesserungsarbeiten ohne vorherige Ank\u00fcndigung vor\u00fcbergehend auszusetzen.<\/p>\n\n\n\n<h3 class=\"wp-block-heading\">4.3. <strong>Haftung f\u00fcr Links<\/strong><\/h3>\n\n\n\n<p>Die auf der Website enthaltenen Links k\u00f6nnen den Nutzer zu anderen Websites f\u00fchren, die von Dritten verwaltet werden.<br>Der Eigent\u00fcmer der Website lehnt jede Verantwortung f\u00fcr die au\u00dferhalb der Website gefundenen Informationen ab, da die Funktion der angezeigten Links lediglich darin besteht, den Nutzer \u00fcber die Existenz anderer Informationsquellen zu einem bestimmten Thema zu informieren.<br>Der Inhaber der Website ist von jeglicher Verantwortung f\u00fcr das ordnungsgem\u00e4\u00dfe Funktionieren dieser Links, f\u00fcr die durch diese Links erzielten Ergebnisse, f\u00fcr die Richtigkeit und Rechtm\u00e4\u00dfigkeit der Inhalte oder Informationen, auf die zugegriffen werden kann, sowie f\u00fcr etwaige Sch\u00e4den, die der Benutzer aufgrund der auf der verlinkten Website gefundenen Informationen erleiden k\u00f6nnte, befreit.<\/p>\n\n\n\n<h2 class=\"wp-block-heading\">5. <strong>\u00c4NDERUNGEN DER RECHTLICHEN HINWEISE UND BEDINGUNGEN<\/strong><\/h2>\n\n\n\n<p>DAS UNTERNEHMEN beh\u00e4lt sich das Recht vor, die rechtlichen Hinweise und Bedingungen dieser Website jederzeit und ohne vorherige Ank\u00fcndigung zu \u00e4ndern, weiterzuentwickeln oder zu aktualisieren. Der Nutzer ist automatisch an die Nutzungsbedingungen gebunden, die zum Zeitpunkt des Zugriffs auf die Website in Kraft sind, und sollte daher regelm\u00e4\u00dfig die oben genannten rechtlichen Hinweise und Bedingungen lesen.<\/p>\n\n\n\n<h2 class=\"wp-block-heading\">6. <strong>ANWENDBARES RECHT UND GERICHTSBARKEIT<\/strong><\/h2>\n\n\n\n<p>Alle Streitigkeiten oder Anspr\u00fcche, die sich aus der Auslegung oder Ausf\u00fchrung dieses rechtlichen Hinweises ergeben, unterliegen dem spanischen Recht und der Gerichtsbarkeit der Gerichte von Valencia (Spanien)..<\/p>\n","protected":false},"excerpt":{"rendered":"<p>UNTERNEHMENSDATEN EXCLUSIVAS Y DISTRIBUCIONES KUATRO, SLU (nachstehend DAS UNTERNEHMEN) ist der Inhaber dieser Website und des Domainnamens:\u00a0www.pomoline.com \u2013 Vollst\u00e4ndiger Firmenname: EXCLUSIVAS Y DISTRIBUCIONES KUATRO, SLU\u2013 CIF: B54439534\u2013 Handelsregister: Registro Mercantil de Alicante, tomo 3401, libro 0, folio 197 y 199, secci\u00f3n 8, hoja A118515, inscripci\u00f3n 1\u00aa y 2\u00aa\u2013 Adresse: C\/ Maestro Lope 44 \u2013 46100 [&#8230;]\n","protected":false},"author":27357,"featured_media":0,"parent":0,"menu_order":0,"comment_status":"closed","ping_status":"closed","template":"","meta":{"_joinchat":[],"footnotes":""},"class_list":["post-309824","page","type-page","status-publish","hentry"],"_links":{"self":[{"href":"https:\/\/www.pomoline.com\/de\/wp-json\/wp\/v2\/pages\/309824","targetHints":{"allow":["GET"]}}],"collection":[{"href":"https:\/\/www.pomoline.com\/de\/wp-json\/wp\/v2\/pages"}],"about":[{"href":"https:\/\/www.pomoline.com\/de\/wp-json\/wp\/v2\/types\/page"}],"author":[{"embeddable":true,"href":"https:\/\/www.pomoline.com\/de\/wp-json\/wp\/v2\/users\/27357"}],"replies":[{"embeddable":true,"href":"https:\/\/www.pomoline.com\/de\/wp-json\/wp\/v2\/comments?post=309824"}],"version-history":[{"count":0,"href":"https:\/\/www.pomoline.com\/de\/wp-json\/wp\/v2\/pages\/309824\/revisions"}],"wp:attachment":[{"href":"https:\/\/www.pomoline.com\/de\/wp-json\/wp\/v2\/media?parent=309824"}],"curies":[{"name":"wp","href":"https:\/\/api.w.org\/{rel}","templated":true}]}}