{"id":310250,"date":"2024-02-07T14:39:45","date_gmt":"2024-02-07T13:39:45","guid":{"rendered":"https:\/\/www.pomoline.com\/web-pruebas\/politica-cookies\/"},"modified":"2024-06-24T19:40:44","modified_gmt":"2024-06-24T17:40:44","slug":"politica-cookies","status":"publish","type":"page","link":"https:\/\/www.pomoline.com\/de\/politica-cookies\/","title":{"rendered":"Cookies-Politik"},"content":{"rendered":"\n<p>Leider ist der Eintrag nur auf&nbsp;<a href=\"https:\/\/www.pomoline.com\/es\/politica-cookies\/\">Espa\u00f1ol<\/a>&nbsp;und&nbsp;<a href=\"https:\/\/www.pomoline.com\/fr\/politica-cookies\/\">Fran\u00e7ais<\/a>&nbsp;verf\u00fcgbar. Der Inhalt wird in der Standard-Sprache dieser Website angezeigt. Sie k\u00f6nnen einen Link anklicken, um zu einer anderen verf\u00fcgbaren Sprache zu wechseln.<\/p>\n\n\n\n<h2 class=\"wp-block-heading\">1. <strong>Objeto<\/strong><\/h2>\n\n\n\n<p>Esta Pol\u00edtica de Cookies, le ofrece la informaci\u00f3n necesaria sobre el uso de cookies en nuestro sitio web.<\/p>\n\n\n\n<p>Tambi\u00e9n para dar cumplimiento a la Ley 34\/2002, de 11 de julio, de Servicios de la Sociedad de la Informaci\u00f3n y Comercio Electr\u00f3nico, (en adelante, LSSICE), al Reglamento General de protecci\u00f3n de datos personales 2016\/679 (en adelante RGPD) y a la Ley Org\u00e1nica 3\/2018 de protecci\u00f3n de datos personales y garant\u00eda de los derechos digitales (en adelante, LOPDGDD).<\/p>\n\n\n\n<h2 class=\"wp-block-heading\">2. <strong>Identificaci\u00f3n del Responsable \/ Prestador de servicios de la sociedad de la informaci\u00f3n<\/strong><\/h2>\n\n\n\n<p>En cumplimiento de lo establecido en el art\u00edculo 10 de la Ley 34\/2002, de 11 de julio, de Servicios de la Sociedad de la Informaci\u00f3n y de Comercio Electr\u00f3nico (en adelante, LSSI-CE), se informa de modo expreso, preciso e inequ\u00edvoco, tanto a los usuarios, destinatarios del servicio, como a los \u00f3rganos competentes, de los siguientes aspectos relativos al prestador de servicios de la sociedad de la informaci\u00f3n:<\/p>\n\n\n\n<figure class=\"wp-block-table\"><table><tbody><tr><td>Identidad \u2013 Entidad<\/td><td>EXCLUSIVAS Y DISTRIBUCIONES KUATRO, S.L.U<\/td><\/tr><tr><td>CIF\/NIF<\/td><td>B54439534<\/td><\/tr><tr><td>Direcci\u00f3n postal<\/td><td>C\/ Maestro Lope, 44, CP 46100 Burjassot (Valencia) Espa\u00f1a<\/td><\/tr><tr><td>Tel\u00e9fono<\/td><td>961917046<\/td><\/tr><tr><td>Correo electr\u00f3nico<\/td><td>info@pomoline.com<\/td><\/tr><tr><td>Objeto Social<\/td><td>Venta on line de Herrajes para el mueble<\/td><\/tr><tr><td>Sitio web<\/td><td><strong>https:\/\/www.pomoline.com\/<\/strong><\/td><\/tr><tr><td>Datos registrales<\/td><td><strong>Registro Mercantil de ALICANTE Tomo 10030, Libro 7312, Folio 16, Secci\u00f3n 8, Hoja V167612<\/strong><\/td><\/tr><\/tbody><\/table><\/figure>\n\n\n\n<h2 class=\"wp-block-heading\">3. <strong>Definiciones<\/strong><\/h2>\n\n\n\n<p>Como Usuario de nuestro sitio web, le informamos que utilizamos cookies y\/o tecnolog\u00edas similares (en adelante cookies) que almacenan y recuperan informaci\u00f3n cuando navega.<\/p>\n\n\n\n<p>En general, estas tecnolog\u00edas pueden servir para finalidades muy diversas, como, por ejemplo, reconocerle como usuario, contar el n\u00famero de visitas que recibimos, para recordar su idioma de preferencia, obtener informaci\u00f3n sobre sus h\u00e1bitos de navegaci\u00f3n, mostrarte publicidad o personalizar la forma en que se muestra el contenido.<\/p>\n\n\n\n<p>Las cookies tambi\u00e9n pueden ser instaladas por entidades terceras a las que hayamos autorizado o contratado.<\/p>\n\n\n\n<h2 class=\"wp-block-heading\">4. <strong>Tipos de cookies existentes<\/strong><\/h2>\n\n\n\n<p>A continuaci\u00f3n, le detallamos los diferentes tipos de cookies existentes:<\/p>\n\n\n\n<ul class=\"wp-block-list\">\n<li><strong>Tipo de cookies seg\u00fan su finalidad<\/strong><\/li>\n<\/ul>\n\n\n\n<p>Cookies T\u00e9cnicas:<\/p>\n\n\n\n<p>Permiten al usuario la navegaci\u00f3n a trav\u00e9s de una p\u00e1gina web, plataforma o aplicaci\u00f3n, controlar el tr\u00e1fico de datos, identificar la sesi\u00f3n, realizar compras, realizar solicitudes, utilizar elementos de seguridad durante la navegaci\u00f3n, almacenar contenidos para visualizaci\u00f3n de videos o sonido o compartir contenidos mediante las redes sociales.<\/p>\n\n\n\n<p>Cookies de An\u00e1lisis\/Medici\u00f3n:<\/p>\n\n\n\n<p>Permiten al responsable de estas, realizar an\u00e1lisis del comportamiento de los usuarios del sitio web y se utilizan para la medici\u00f3n de la actividad del sitio web y para elaborar perfiles de navegaci\u00f3n de los usuarios, con la finalidad de ofrecer mejoras de uso para los usuarios.<\/p>\n\n\n\n<p>Cookies Sociales:<\/p>\n\n\n\n<p>Son necesarias para las redes sociales externas (Facebook, Twitter, Pinterest, Instagram, etc.). Su funci\u00f3n es controlar la interacci\u00f3n con los widgets sociales dentro del sitio web.<\/p>\n\n\n\n<p>Cookies de Geolocalizaci\u00f3n:<\/p>\n\n\n\n<p>Permiten conocer el lugar donde se encuentra el usuario y ofrecerle la informaci\u00f3n adecuada seg\u00fan la ciudad o pa\u00eds que m\u00e1s le interesa. Esta cookie es an\u00f3nima.<\/p>\n\n\n\n<p>Cookies de Personalizaci\u00f3n:<\/p>\n\n\n\n<p>Permiten reconocer al usuario y ofrecerle informaci\u00f3n personalizada, como el idioma, tipo de navegador, etc.<\/p>\n\n\n\n<p>Cookies Publicitarias:<\/p>\n\n\n\n<p>Permiten gestionar la publicidad que hay en el sitio web, adecu\u00e1ndola al servicio o productos solicitados.<\/p>\n\n\n\n<p>Cookies de Publicidad Comportamental:<\/p>\n\n\n\n<p>Permiten gestionar la publicidad que hay en el sitio web, almacenando comportamientos del usuario como resultado de la observaci\u00f3n continuada de sus h\u00e1bitos de navegaci\u00f3n, lo que permite desarrollar publicidad con un perfil espec\u00edfico.<\/p>\n\n\n\n<ul class=\"wp-block-list\">\n<li><strong>Tipos de cookies seg\u00fan su duraci\u00f3n<\/strong><\/li>\n<\/ul>\n\n\n\n<p>De sesi\u00f3n:<\/p>\n\n\n\n<p>Se trata de cookies dise\u00f1adas para recabar y almacenar datos mientras el usuario visita un sitio web. Cuando finaliza la sesi\u00f3n no quedan almacenadas en el dispositivo inform\u00e1tico del usuario.<\/p>\n\n\n\n<p>Persistentes:<\/p>\n\n\n\n<p>Se trata de cookies que permanecen instaladas en el dispositivo inform\u00e1tico del usuario y la informaci\u00f3n proporcionada puede ser tratada cuando el usuario abandona el sitio web y cuando vuelva a conectarse de nuevo. Estas cookies pueden ser eliminadas en cualquier momento por el usuario.<\/p>\n\n\n\n<ul class=\"wp-block-list\">\n<li><strong>Tipos de cookies seg\u00fan la entidad que las gestione<\/strong><\/li>\n<\/ul>\n\n\n\n<p>Cookies Propias:<\/p>\n\n\n\n<p>Se trata de cookies que se env\u00edan al dispositivo inform\u00e1tico del usuario desde el sistema inform\u00e1tico propiedad del titular del sitio web, desde donde se ha realizado la solicitud, prestado el servicio o realizado una compra.<\/p>\n\n\n\n<p>Cookies de Terceros:<\/p>\n\n\n\n<p>Se trata de cookies que se env\u00edan al dispositivo inform\u00e1tico del usuario desde un dominio o sistema inform\u00e1tico que no es propiedad del titular del sitio web, sino por otra entidad tercera autorizada o contratada por el titular del sitio web, desde donde se ha realizado la solicitud, prestado el servicio o realizado una compra.<\/p>\n\n\n\n<p>Debe saber que, si acepta las cookies de terceros, deber\u00e1 eliminarlas desde las opciones del navegador o desde el sistema ofrecido por el propio tercero. A continuaci\u00f3n, le detallamos sitios que podr\u00e1 visitar para conocer mejor las cookies de terceros (desactivaci\u00f3n, posibles transferencias de datos a terceros pa\u00edses, etc.):<\/p>\n\n\n\n<p><a href=\"https:\/\/support.google.com\/chrome\/answer\/95647?hl=es\" target=\"_blank\" rel=\"noopener\">Google Chrome<\/a><\/p>\n\n\n\n<p><a href=\"https:\/\/support.mozilla.org\/es\/kb\/habilitar-y-deshabilitar-cookies-sitios-web-rastrear-preferencias?redirectlocale=es&amp;redirectslug=habilitar-y-deshabilitar-cookies-que-los-sitios-we\" target=\"_blank\" rel=\"noopener\">Mozilla Firefox<\/a><\/p>\n\n\n\n<p><a href=\"https:\/\/privacy.microsoft.com\/es-es\/windows-10-microsoft-edge-and-privacy\" target=\"_blank\" rel=\"noopener\">Microsoft Edge<\/a><\/p>\n\n\n\n<p><a href=\"https:\/\/support.google.com\/chrome\/answer\/95647?co=GENIE.Platform%3DAndroid&amp;hl=es-419\" target=\"_blank\" rel=\"noopener\">Chrome para Android<\/a><\/p>\n\n\n\n<p><a href=\"https:\/\/support.apple.com\/es-es\/guide\/safari\/manage-cookies-and-website-data-sfri11471\/mac\" target=\"_blank\" rel=\"noopener\">Safari (Apple)<\/a><\/p>\n\n\n\n<p><a href=\"https:\/\/www.habilitarlascookies.com\/como-habilitar-las-cookies-en-opera.html\" target=\"_blank\" rel=\"noopener\">Opera<\/a><\/p>\n\n\n\n<p><a href=\"http:\/\/support.mozilla.org\/es\/kb\/habilitar-y-deshabilitar-cookies-que-los-sitios-we\" target=\"_blank\" rel=\"noopener\">Firefox<\/a><\/p>\n\n\n\n<p>As\u00ed como&nbsp;<a href=\"http:\/\/www.google.es\/intl\/es\/policies\/technologies\/cookies\/\" target=\"_blank\" rel=\"noopener\">Google AdWords<\/a><\/p>\n\n\n\n<p>Si utiliza otros navegadores le recomendamos consultar su pol\u00edtica de uso y gesti\u00f3n de cookies.<\/p>\n\n\n\n<p>Le informamos que puede realizar una navegaci\u00f3n privada, la cual evitar\u00e1 que los navegadores web almacenen informaci\u00f3n sobre la p\u00e1gina web que visite.<\/p>\n\n\n\n<p>Le puede ser muy \u00fatil la herramienta&nbsp;<a href=\"http:\/\/www.youronlinechoices.com\/\" target=\"_blank\" rel=\"noopener\">http:\/\/www.youronlinechoices.com\/<\/a>&nbsp;para gestionar el uso de las cookies.<\/p>\n\n\n\n<ul class=\"wp-block-list\">\n<li><strong>Tipos de cookies exceptuadas de consentimiento<\/strong><\/li>\n<\/ul>\n\n\n\n<ul class=\"wp-block-list\">\n<li>Cookies de \u201centrada del usuario\u201d<\/li>\n\n\n\n<li>Cookies de autenticaci\u00f3n o identificaci\u00f3n de usuario (\u00fanicamente de sesi\u00f3n).<\/li>\n\n\n\n<li>Cookies de seguridad del usuario<\/li>\n\n\n\n<li>Cookies de sesi\u00f3n de reproductor multimedia.<\/li>\n\n\n\n<li>Cookies de sesi\u00f3n para equilibrar la carga.<\/li>\n\n\n\n<li>Cookies de personalizaci\u00f3n de la interfaz de usuario.<\/li>\n\n\n\n<li>Determinadas cookies de complemento (plug-in) para intercambiar contenidos sociales<\/li>\n\n\n\n<li>Cookies que permitan prestar el servicio solicitado por el usuario.<\/li>\n\n\n\n<li><strong>Tipos de cookies utilizadas en este sitio web<\/strong><\/li>\n<\/ul>\n\n\n\n<div class= \"cky-audit-table-element\"><\/div>\n\n\n\n<p>Recomendamos revisar nuestra pol\u00edtica de cookies cada vez que acceda a nuestro sitio web para informarse de cualquier modificaci\u00f3n sobre el uso de nuestras cookies. Nuestra entidad se reserva el derecho a la modificaci\u00f3n de esta Pol\u00edtica sin previo aviso.<\/p>\n\n\n\n<p>Le informamos que, si desactiva alguna de las cookies, la herramienta de control dejar\u00e1 de funcionar con eficacia y esto puede tener un efecto negativo en su experiencia de navegaci\u00f3n en general.<\/p>\n\n\n\n<h2 class=\"wp-block-heading\">5. <strong>Elaboraci\u00f3n&nbsp;de perfiles<\/strong><\/h2>\n\n\n\n<p>Como parte del deber de informaci\u00f3n del art\u00edculo 13.2 f) del RGPD, le comunicamos que, en caso de realizar perfiles sobre su persona, le solicitaremos consentimiento previo. No obstante, debe saber que puede oponerse a ser objeto de una decisi\u00f3n automatizada de sus datos, donde se eval\u00faen aspectos personales, como puede ser analizar o predecir aspectos relacionados con su rendimiento en el trabajo, situaci\u00f3n econ\u00f3mica, salud, las preferencias o intereses personales, fiabilidad o el comportamiento, de manera que a consecuencia de ello se produzcan efectos jur\u00eddicos sobre su persona o le afecte de una manera similar.<\/p>\n\n\n\n<p>Nuestra entidad adoptar\u00e1 las medidas de seguridad adecuadas que protejan sus derechos y libertades, as\u00ed como sus intereses leg\u00edtimos, como son el derecho a obtener intervenci\u00f3n humana por nuestra parte para expresar tu punto de vista e impugnar la decisi\u00f3n.<\/p>\n\n\n\n<h2 class=\"wp-block-heading\">6. <strong>Transferencia&nbsp;de datos<\/strong><\/h2>\n\n\n\n<p>Sus datos personales no se ceder\u00e1n a otros pa\u00edses ni a terceros. En caso de cesiones a otras entidades o a otros pa\u00edses fuera de la Uni\u00f3n Europea, le informaremos y solicitaremos su consentimiento previo.<\/p>\n\n\n\n<h2 class=\"wp-block-heading\">7. <strong>Legitimaci\u00f3n<\/strong><\/h2>\n\n\n\n<p>Al pulsar libremente el bot\u00f3n ACEPTAR de la ventana informativa de cookies (banner o pop up), usted consiente expresamente el uso de cookies, aunque en cualquier momento puede cambiar de opini\u00f3n y rechazar la instalaci\u00f3n de cookies.<\/p>\n\n\n\n<h2 class=\"wp-block-heading\">8. <strong>Legitimaci\u00f3n del uso de las cookies y rechazo de las mismas<\/strong><\/h2>\n\n\n\n<p>Al pulsar libremente el bot\u00f3n ACEPTAR de la ventana informativa de cookies (banner o pop up), usted consiente expresamente el uso de cookies, aunque en cualquier momento puede cambiar de opini\u00f3n y rechazar la instalaci\u00f3n de cookies. Usted podr\u00e1 rechazar las cookies que desee de manera sencilla en nuestra ventana informativa de cookies (banner o pop up), pulsando los botones de rechazar o los de configuraci\u00f3n\/personalizaci\u00f3n.<\/p>\n\n\n\n<h2 class=\"wp-block-heading\">9. <strong>Plazo de conservaci\u00f3n<\/strong><\/h2>\n\n\n\n<p>El plazo de conservaci\u00f3n de los datos ser\u00e1 el menor posible, de acuerdo con la finalidad para la cual se recabaron los datos, atendiendo al principio de minimizaci\u00f3n de los datos.<\/p>\n\n\n\n<p>Para m\u00e1s informaci\u00f3n sobre el tratamiento de datos personales consulte nuestra&nbsp;<strong><u><a href=\"https:\/\/www.pomoline.com\/de\/politica-privacidad\/\" data-type=\"page\" data-id=\"3\">Pol\u00edtica de Privacidad<\/a><\/u>.<\/strong><\/p>\n\n\n\n<h2 class=\"wp-block-heading\">10. <strong>Sus Derechos<\/strong><\/h2>\n\n\n\n<p>Tiene derecho a conocer si nuestra entidad est\u00e1 tratando sus datos personales; por tanto, tiene derecho a acceder a sus datos, rectificarlos si son inexactos o solicitar su supresi\u00f3n cuando los datos ya no sean necesarios.<\/p>\n\n\n\n<p>Tambi\u00e9n puede ejercer su derecho de oposici\u00f3n, limitaci\u00f3n o portabilidad si as\u00ed lo estima conveniente y para ello puede realizarlo por escrito mediante correo electr\u00f3nico a info@pomoline.com, adjuntando copia de su DNI para identificarle.<\/p>\n\n\n\n<p>Si desea trasladar alguna sugerencia o consulta sobre el tratamiento de sus datos personales, puede contactar con nuestros consultores de protecci\u00f3n de datos, indicando el nombre de nuestra empresa o el nombre comercial:<\/p>\n\n\n\n<p>BUSINESS ADAPTER, S.L.<\/p>\n\n\n\n<p>Ronda Guglielmo Marconi, 11, 26, (Parque Tecnol\u00f3gico) 46980 Paterna (Valencia).<\/p>\n\n\n\n<p><a href=\"https:\/\/www.businessadapter.es\/contacta-con-el-delegado-de-proteccion-de-datos\" target=\"_blank\" rel=\"noopener\">Formulario de atenci\u00f3n al interesado<\/a><\/p>\n\n\n\n<p>Si quieres ejercer tus derechos y tienes menos de 14 a\u00f1os, podr\u00e1s ejercerlos a trav\u00e9s de tus padres, tutores o representante legal.<\/p>\n\n\n\n<p>Si quiere realizar una reclamaci\u00f3n por entender que sus derechos han sido vulnerados, puede hacerlo ante la Agencia Espa\u00f1ola de Protecci\u00f3n de Datos, C\/ Jorge Juan, 6, 28001 Madrid o en www.aepd.es.<\/p>\n\n\n\n<h2 class=\"wp-block-heading\">11. <strong>Actualizaci\u00f3n&nbsp;de esta Pol\u00edtica<\/strong><\/h2>\n\n\n\n<p>Nuestra entidad se reserva el derecho a la modificaci\u00f3n de esta Pol\u00edtica sin previo aviso. Es por ello, que recomendamos consultarla cada vez que visite nuestra web.<\/p>\n\n\n\n<p>Actualizado el 15 de noviembre de 2022.<\/p>\n","protected":false},"excerpt":{"rendered":"<p>Leider ist der Eintrag nur auf&nbsp;Espa\u00f1ol&nbsp;und&nbsp;Fran\u00e7ais&nbsp;verf\u00fcgbar. Der Inhalt wird in der Standard-Sprache dieser Website angezeigt. Sie k\u00f6nnen einen Link anklicken, um zu einer anderen verf\u00fcgbaren Sprache zu wechseln. 1. Objeto Esta Pol\u00edtica de Cookies, le ofrece la informaci\u00f3n necesaria sobre el uso de cookies en nuestro sitio web. Tambi\u00e9n para dar cumplimiento a la Ley [&#8230;]\n","protected":false},"author":27357,"featured_media":0,"parent":0,"menu_order":0,"comment_status":"closed","ping_status":"closed","template":"","meta":{"_joinchat":[],"footnotes":""},"class_list":["post-310250","page","type-page","status-publish","hentry"],"_links":{"self":[{"href":"https:\/\/www.pomoline.com\/de\/wp-json\/wp\/v2\/pages\/310250","targetHints":{"allow":["GET"]}}],"collection":[{"href":"https:\/\/www.pomoline.com\/de\/wp-json\/wp\/v2\/pages"}],"about":[{"href":"https:\/\/www.pomoline.com\/de\/wp-json\/wp\/v2\/types\/page"}],"author":[{"embeddable":true,"href":"https:\/\/www.pomoline.com\/de\/wp-json\/wp\/v2\/users\/27357"}],"replies":[{"embeddable":true,"href":"https:\/\/www.pomoline.com\/de\/wp-json\/wp\/v2\/comments?post=310250"}],"version-history":[{"count":0,"href":"https:\/\/www.pomoline.com\/de\/wp-json\/wp\/v2\/pages\/310250\/revisions"}],"wp:attachment":[{"href":"https:\/\/www.pomoline.com\/de\/wp-json\/wp\/v2\/media?parent=310250"}],"curies":[{"name":"wp","href":"https:\/\/api.w.org\/{rel}","templated":true}]}}