{"id":310585,"date":"2024-02-07T14:34:16","date_gmt":"2024-02-07T13:34:16","guid":{"rendered":"https:\/\/www.pomoline.com\/web-pruebas\/politica-redes-sociales\/"},"modified":"2024-06-24T19:50:15","modified_gmt":"2024-06-24T17:50:15","slug":"politica-cookies-2","status":"publish","type":"page","link":"https:\/\/www.pomoline.com\/de\/politica-cookies-2\/","title":{"rendered":"Social-media-richtlinie"},"content":{"rendered":"\n<h2 class=\"wp-block-heading\"><strong>1. <strong>\u00a0Identifizierung des Datenverantwortlichen<\/strong><\/strong><\/h2>\n\n\n\n<figure class=\"wp-block-table\"><table><tbody><tr><td>Identit\u00e4t \u2013 Entit\u00e4t<\/td><td>EXCLUSIVAS Y DISTRIBUCIONES KUATRO, S.L.U<\/td><\/tr><tr><td>CIF\/NIF<\/td><td>B54439534<\/td><\/tr><tr><td>Postanschrift<\/td><td>C\/ Maestro Lope, 44, CP 46100, Burjassot (Valencia)<\/td><\/tr><tr><td><a href=\"Telefon:\">Te<\/a>lefon<\/td><td>961917046<\/td><\/tr><tr><td>E-Mail Adresse<\/td><td>info@pomoline.com<\/td><\/tr><tr><td>Objekt der Firma<\/td><td>Online-Shop f\u00fcr M\u00f6belbeschl\u00e4gen<\/td><\/tr><tr><td>Webseite<\/td><td><a href=\"https:\/\/www.pomoline.com\/\">https:\/\/www.pomoline.com\/<\/a><\/td><\/tr><tr><td>Registrierungsdaten<\/td><td>Handelsregister von ALICANTE Band 10030, Buch 7312, Folio 16, Abschnitt 8, Seite V167612<\/td><\/tr><\/tbody><\/table><\/figure>\n\n\n\n<p>In \u00dcbereinstimmung mit den Artikeln 13 bis 24.2 der Europ\u00e4ischen Datenschutzverordnung 2016\/679 (RGPD) und dem Gesetz 34\/2002 \u00fcber Dienste der Informationsgesellschaft und des elektronischen Handels (LSSI-CE) informiert der f\u00fcr die Verarbeitung Verantwortliche, dass er ein Profil in den folgenden Sozialen Netzwerken (RRSS) erstellt hat:<\/p>\n\n\n\n<ul class=\"wp-block-list\">\n<li><a href=\"https:\/\/www.facebook.com\/sharer\/sharer.php?u=https%3A%2F%2Fpomoline.com%2F\" target=\"_blank\" rel=\"noopener\">Facebook<\/a><\/li>\n\n\n\n<li><a href=\"https:\/\/twitter.com\/intent\/tweet?url=https%3A%2F%2Fpomoline.com%2F\" target=\"_blank\" rel=\"noopener\">Twitter<\/a><\/li>\n<\/ul>\n\n\n\n<p>Mit dem Hauptzweck der Werbung f\u00fcr unsere Dienstleistungen und der Kontaktaufnahme mit Kunden oder potenziellen Kunden.<br>Wenn Sie als Benutzer ein Profil in demselben sozialen Netzwerk wie unser Unternehmen haben, k\u00f6nnen Sie der von uns erstellten Seite frei beitreten und damit Ihr Interesse an den von uns in diesem Netzwerk ver\u00f6ffentlichten Informationen zeigen.<br>Indem Sie beitreten, bieten Sie uns die Sichtbarkeit bestimmter pers\u00f6nlicher Daten an, die Sie in Ihrem Profil \u00f6ffentlich zur Verf\u00fcgung stellen.<br>Nur f\u00fcr den Fall, dass Sie unserer Seite in den oben genannten Sozialen Netzwerken beitreten, werden Ihre Profildaten von uns nur innerhalb des Sozialen Netzwerks selbst verarbeitet und nicht ohne Ihre vorherige Einwilligung au\u00dferhalb des Sozialen Netzwerks verarbeitet.<br>Als Benutzer k\u00f6nnen Sie jederzeit auf die Datenschutzrichtlinien des Sozialen Netzwerks selbst zugreifen und Ihr Profil so konfigurieren, dass die Daten, die Sie nicht \u00f6ffentlich machen m\u00f6chten, gesch\u00fctzt sind.<\/p>\n\n\n\n<h2 class=\"wp-block-heading\"><strong>2. <strong>Ver\u00f6ffentlichungen<\/strong><\/strong><\/h2>\n\n\n\n<p>Sobald Sie unserer Seite beigetreten sind und wenn Sie es f\u00fcr angemessen halten, k\u00f6nnen Sie Kommentare, Links, Bilder, Fotos oder jede andere Art von multimedialen Inhalten, die vom Sozialen Netzwerk unterst\u00fctzt werden, ver\u00f6ffentlichen, wobei Sie daran erinnert werden, dass Sie in allen F\u00e4llen der Eigent\u00fcmer dieser sein m\u00fcssen, \u00fcber Urheberrechte und geistiges Eigentum verf\u00fcgen oder die Zustimmung der betroffenen Dritten haben m\u00fcssen.<\/p>\n\n\n\n<p><br>Jegliche Ver\u00f6ffentlichung auf der Seite, ob Texte, Grafiken, Fotos, Videos usw., die sich auf Minderj\u00e4hrige beziehen, die gegen die Ehre, die Moral, die Ethik, den guten Geschmack, den Anstand versto\u00dfen oder versto\u00dfen k\u00f6nnten und\/oder die Rechte des geistigen oder gewerblichen Eigentums, das Recht am eigenen Bild oder andere, die gegen das Gesetz versto\u00dfen, verletzen, ist ausdr\u00fccklich verboten. In diesen F\u00e4llen beh\u00e4lt sich unser Unternehmen das Recht vor, den Inhalt sofort zu entfernen, und kann die dauerhafte Sperrung des Benutzers verlangen.<\/p>\n\n\n\n<p><br>Unser Unternehmen ist nicht verantwortlich f\u00fcr die Inhalte, die von einem Benutzer frei ver\u00f6ffentlicht werden. Der Benutzer muss bedenken, dass seine Ver\u00f6ffentlichungen anderen Benutzern bekannt sein werden, sodass er allein f\u00fcr seine Ver\u00f6ffentlichungen und seine Privatsph\u00e4re verantwortlich ist.<\/p>\n\n\n\n<h2 class=\"wp-block-heading\"><strong>3. <strong>Werbung<\/strong><\/strong><\/h2>\n\n\n\n<p>Unser Unternehmen kann das soziale Netzwerk zu Werbezwecken nutzen, in jedem Fall unter Einhaltung der Anforderungen der geltenden Datenschutzbestimmungen und des LSSI-CE.<br>Das Empfehlen unserer Seiten an andere Benutzer, damit diese ebenfalls in den Genuss von Werbeaktionen kommen oder \u00fcber Veranstaltungen oder Aktivit\u00e4ten unseres Unternehmens informiert werden, wird nicht als Werbung angesehen.<\/p>\n\n\n\n<h2 class=\"wp-block-heading\"><strong>4. <strong>Wettbewerbe und Promotionen<\/strong><\/strong><\/h2>\n\n\n\n<p>Unser Unternehmen beh\u00e4lt sich das Recht vor, Wettbewerbe und Werbeaktionen durchzuf\u00fchren, an denen Benutzer, die daran teilnehmen m\u00f6chten und die mit unserer Seite verlinkt sind, teilnehmen k\u00f6nnen. Wenn die Plattform des Sozialen Netzwerks zu diesem Zweck genutzt wird, werden die jeweiligen Bedingungen auf derselben ver\u00f6ffentlicht, wobei stets das geltende Recht oder die geltenden Vorschriften eingehalten werden.<\/p>\n\n\n\n<p><br>The Social Network sponsert, unterst\u00fctzt oder verwaltet unsere Werbeaktionen in keiner Weise und ist auch nicht mit ihnen verbunden.<\/p>\n\n\n\n<h2 class=\"wp-block-heading\"><strong>5. <strong>Pers\u00f6nliche Daten<\/strong><\/strong><\/h2>\n\n\n\n<p>Unser Unternehmen, als Data Controller, wird die folgenden Aktionen durchf\u00fchren:<\/p>\n\n\n\n<ul class=\"wp-block-list\">\n<li>Zugriff auf die \u00f6ffentlichen Informationen des Benutzerprofils.<\/li>\n\n\n\n<li>Reagieren Sie auf Benutzeranfragen.<\/li>\n\n\n\n<li>Senden von individuellen Nachrichten an den Benutzer \u00fcber die Kan\u00e4le des sozialen Netzwerks.<\/li>\n\n\n\n<li>Ver\u00f6ffentlichung von Informationen im Profil des Benutzers, die sich auf unser Unternehmen beziehen.<\/li>\n\n\n\n<li>Updates zum Status der Seite, die im Profil des Benutzers ver\u00f6ffentlicht werden soll.<\/li>\n<\/ul>\n\n\n\n<p>Der Benutzer kann jederzeit aufh\u00f6ren, unserem Unternehmen in den sozialen Netzwerken zu folgen, seine Verbindungen kontrollieren, Inhalte l\u00f6schen, die ihn nicht mehr interessieren, und einschr\u00e4nken, mit wem er seine Verbindungen teilt, wof\u00fcr er auf seine Privatsph\u00e4re-Einstellungen zugreifen muss.<\/p>\n\n\n\n<p>Nachfolgend finden Sie die Links zu den Datenschutzrichtlinien der verschiedenen sozialen Netzwerke:<\/p>\n\n\n\n<ul class=\"wp-block-list\">\n<li>Facebook:&nbsp;&nbsp;&nbsp;&nbsp;&nbsp;&nbsp;&nbsp;&nbsp;&nbsp;&nbsp;&nbsp;&nbsp;&nbsp;&nbsp;<a href=\"https:\/\/www.facebook.com\/help\/323540651073243\/\" target=\"_blank\" rel=\"noopener\">https:\/\/www.facebook.com\/help\/323540651073243\/<\/a><\/li>\n\n\n\n<li>Twitter: &nbsp;&nbsp;&nbsp;&nbsp;&nbsp;&nbsp;&nbsp;&nbsp;&nbsp;&nbsp;&nbsp;&nbsp;&nbsp;&nbsp;&nbsp;&nbsp;&nbsp;&nbsp;<a href=\"https:\/\/twitter.com\/privacy\" target=\"_blank\" rel=\"noopener\">https:\/\/twitter.com\/privacy<\/a><\/li>\n\n\n\n<li>Instagram: &nbsp;&nbsp;&nbsp;&nbsp;&nbsp;&nbsp;&nbsp;&nbsp;&nbsp;&nbsp;&nbsp;&nbsp;<a href=\"https:\/\/es-la.facebook.com\/help\/instagram\/155833707900388\/%20\" target=\"_blank\" rel=\"noopener\">https:\/\/es-la.facebook.com\/help\/instagram\/155833707900388\/<\/a><\/li>\n\n\n\n<li>YouTube: &nbsp;&nbsp;&nbsp;&nbsp;&nbsp;&nbsp;&nbsp;&nbsp;&nbsp;&nbsp;&nbsp;&nbsp;&nbsp;&nbsp;&nbsp;<a href=\"https:\/\/www.youtube.com\/intl\/es\/about\/policies\/#community-guidelines\" target=\"_blank\" rel=\"noopener\">https:\/\/www.youtube.com\/intl\/es\/about\/policies\/#community-guidelines<\/a><\/li>\n\n\n\n<li>LinkedIn: &nbsp;&nbsp;&nbsp;&nbsp;&nbsp;&nbsp;&nbsp;&nbsp;&nbsp;&nbsp;&nbsp;&nbsp;&nbsp;&nbsp;&nbsp;&nbsp;<a href=\"https:\/\/www.linkedin.com\/legal\/privacy-policy?_l=es_ES\" target=\"_blank\" rel=\"noopener\">https:\/\/www.linkedin.com\/legal\/privacy-policy?_l=es_ES<\/a><\/li>\n\n\n\n<li>Vimeo:&nbsp;&nbsp;&nbsp;&nbsp;&nbsp;&nbsp;&nbsp;&nbsp;&nbsp;&nbsp;&nbsp;&nbsp;&nbsp;&nbsp;&nbsp;&nbsp;&nbsp;&nbsp;&nbsp;&nbsp;&nbsp;<a href=\"https:\/\/vimeo.com\/privacy\" target=\"_blank\" rel=\"noopener\">https:\/\/vimeo.com\/privacy<\/a><\/li>\n\n\n\n<li>Pinterest:&nbsp;&nbsp;&nbsp;&nbsp;&nbsp;&nbsp;&nbsp;&nbsp;&nbsp;&nbsp;&nbsp;&nbsp;&nbsp;&nbsp;&nbsp;&nbsp;<a href=\"https:\/\/policy.pinterest.com\/es\/privacy-policy\" target=\"_blank\" rel=\"noopener\">https:\/\/policy.pinterest.com\/es\/privacy-policy<\/a><\/li>\n<\/ul>\n\n\n\n<p>Sie k\u00f6nnen sich jederzeit an unser Unternehmen wenden, um zu erfahren, welche personenbezogenen Daten wir \u00fcber Sie verarbeiten, um auf diese zuzugreifen, sie zu berichtigen, wenn sie unrichtig sind, ihre Verwendung einzuschr\u00e4nken, sie zu l\u00f6schen, sogar ihre \u00dcbertragbarkeit zu verlangen und Ihr Recht auf Widerspruch gegen ihre Verarbeitung auszu\u00fcben, indem Sie dies schriftlich unter info@businessadapter.es beantragen und Ihrem Antrag eine Kopie Ihres Personalausweises oder eines Dokuments zum Nachweis Ihrer Identit\u00e4t beif\u00fcgen.<br>Weitere Informationen \u00fcber die Verarbeitung personenbezogener Daten finden Sie in unserer Datenschutzrichtlinie.<\/p>\n\n\n\n<p>Aktualisiert am 2. November 2020<\/p>\n","protected":false},"excerpt":{"rendered":"<p>1. \u00a0Identifizierung des Datenverantwortlichen Identit\u00e4t \u2013 Entit\u00e4t EXCLUSIVAS Y DISTRIBUCIONES KUATRO, S.L.U CIF\/NIF B54439534 Postanschrift C\/ Maestro Lope, 44, CP 46100, Burjassot (Valencia) Telefon 961917046 E-Mail Adresse info@pomoline.com Objekt der Firma Online-Shop f\u00fcr M\u00f6belbeschl\u00e4gen Webseite https:\/\/www.pomoline.com\/ Registrierungsdaten Handelsregister von ALICANTE Band 10030, Buch 7312, Folio 16, Abschnitt 8, Seite V167612 In \u00dcbereinstimmung mit den Artikeln [&#8230;]\n","protected":false},"author":27357,"featured_media":0,"parent":0,"menu_order":0,"comment_status":"closed","ping_status":"closed","template":"","meta":{"_joinchat":[],"footnotes":""},"class_list":["post-310585","page","type-page","status-publish","hentry"],"_links":{"self":[{"href":"https:\/\/www.pomoline.com\/de\/wp-json\/wp\/v2\/pages\/310585","targetHints":{"allow":["GET"]}}],"collection":[{"href":"https:\/\/www.pomoline.com\/de\/wp-json\/wp\/v2\/pages"}],"about":[{"href":"https:\/\/www.pomoline.com\/de\/wp-json\/wp\/v2\/types\/page"}],"author":[{"embeddable":true,"href":"https:\/\/www.pomoline.com\/de\/wp-json\/wp\/v2\/users\/27357"}],"replies":[{"embeddable":true,"href":"https:\/\/www.pomoline.com\/de\/wp-json\/wp\/v2\/comments?post=310585"}],"version-history":[{"count":0,"href":"https:\/\/www.pomoline.com\/de\/wp-json\/wp\/v2\/pages\/310585\/revisions"}],"wp:attachment":[{"href":"https:\/\/www.pomoline.com\/de\/wp-json\/wp\/v2\/media?parent=310585"}],"curies":[{"name":"wp","href":"https:\/\/api.w.org\/{rel}","templated":true}]}}