{"id":311405,"date":"2024-02-07T14:33:38","date_gmt":"2024-02-07T13:33:38","guid":{"rendered":"https:\/\/www.pomoline.com\/web-pruebas\/condiciones-venta\/"},"modified":"2024-06-24T19:27:58","modified_gmt":"2024-06-24T17:27:58","slug":"condiciones-venta","status":"publish","type":"page","link":"https:\/\/www.pomoline.com\/de\/condiciones-venta\/","title":{"rendered":"Verkaufsbedingungen"},"content":{"rendered":"\n<h2 class=\"wp-block-heading\">VERKAUFSBEDINGUNGEN<\/h2>\n\n\n\n<p>Diese Verkaufsbedingungen gelten f\u00fcr alle Eink\u00e4ufe, die auf der Website www.pomoline.com get\u00e4tigt werden, die dem Unternehmen EXCLUSIVAS Y DISTRIBUCIONES KUATRO,S.L. con C.I.F B54439534<\/p>\n\n\n\n<h2 class=\"wp-block-heading\"><strong>1.- KAUFVERTRAG<\/strong><\/h2>\n\n\n\n<p>Indem Sie eine Bestellung \u00fcber diese Website aufgeben, garantieren Sie uns, dass Sie \u00fcber 18 Jahre alt sind und dass Sie die Rechtsf\u00e4higkeit besitzen, verbindliche Vertr\u00e4ge abzuschlie\u00dfen.<br>Dieser Vertrag bindet Sie als Nutzer und uns als Unternehmen und ist sowohl f\u00fcr Sie als auch f\u00fcr uns sehr wichtig, da seine Bedingungen dazu dienen, eine rechtsverbindliche Vereinbarung zwischen uns zu schaffen, die Ihre Rechte als Kunde und unsere Rechte als Unternehmen sch\u00fctzt. Mit Ihrer Bestellung erkl\u00e4ren Sie, dass Sie diese Allgemeinen Gesch\u00e4ftsbedingungen gelesen haben, sie vorbehaltlos akzeptieren und einen solchen Vertrag abschlie\u00dfen m\u00f6chten.<br>Jedes Mal, wenn Sie eine neue Bestellung aufgeben, m\u00fcssen Sie diesen Vertrag und seine Bedingungen akzeptieren, da jeder akzeptierte Vertrag nur f\u00fcr eine einzige Bestellung bindend ist.<br>Indem Sie diese Website nutzen oder eine Bestellung \u00fcber diese Website aufgeben, erkl\u00e4ren Sie sich mit diesen Gesch\u00e4ftsbedingungen und unserer Datenschutzrichtlinie einverstanden.<br>Diese Informationen und die auf dieser Website enthaltenen Angaben stellen kein Verkaufsangebot, sondern eine Aufforderung zur Gesch\u00e4ftsaufnahme dar. Es kommt kein Vertrag zwischen Ihnen und uns in Bezug auf ein Produkt zustande, solange wir Ihre Bestellung nicht ausdr\u00fccklich angenommen haben (auch wenn Ihr Konto bereits belastet wurde). Wenn Ihr Angebot nicht angenommen wird und Ihr Konto bereits belastet wurde, wird Ihnen der Betrag der Belastung in voller H\u00f6he zur\u00fcckerstattet.<\/p>\n\n\n\n<h2 class=\"wp-block-heading\"><strong>2.- PRODUKTVERF\u00dcGBARKEIT<\/strong><\/h2>\n\n\n\n<p>Alle Produktbestellungen unterliegen der Verf\u00fcgbarkeit. Sollten Lieferschwierigkeiten auftreten oder Artikel nicht mehr vorr\u00e4tig sein, behalten wir uns das Recht vor, Ihnen Informationen \u00fcber Ersatzprodukte von gleicher oder besserer Qualit\u00e4t und Wert zukommen zu lassen, die Sie bestellen k\u00f6nnen. Wenn Sie solche Ersatzprodukte nicht bestellen m\u00f6chten, erstatten wir Ihnen den von Ihnen gezahlten Betrag zur\u00fcck.<\/p>\n\n\n\n<h2 class=\"wp-block-heading\"><strong>3.- SHIPMENTS<\/strong><\/h2>\n\n\n\n<p>Sofern keine au\u00dfergew\u00f6hnlichen Umst\u00e4nde vorliegen, bem\u00fchen wir uns, Ihre Bestellung f\u00fcr das\/die in der Versandbest\u00e4tigung aufgef\u00fchrte(n) Produkt(e) vor dem in der Versandbest\u00e4tigung angegebenen Lieferdatum oder, falls kein Lieferdatum angegeben ist, innerhalb von 30 Tagen ab dem Datum der Auftragsbest\u00e4tigung zu versenden.<br>Sollten wir aus irgendeinem Grund nicht in der Lage sein, das Lieferdatum einzuhalten, werden wir Sie \u00fcber diesen Umstand informieren und Ihnen die M\u00f6glichkeit geben, entweder mit dem Kauf fortzufahren, indem wir ein neues Lieferdatum festlegen, oder die Bestellung zu stornieren, wobei Ihnen der gezahlte Preis vollst\u00e4ndig erstattet wird.<\/p>\n\n\n\n<h2 class=\"wp-block-heading\"><strong>4.- EIGENTUM AN DEN PRODUKTEN<\/strong><\/h2>\n\n\n\n<p>Die Risiken der Produkte gehen ab dem Zeitpunkt der Lieferung zu Ihren Lasten.<br>Sie erwerben das Eigentum an den Produkten, wenn wir die vollst\u00e4ndige Zahlung aller f\u00fcr die Produkte f\u00e4lligen Betr\u00e4ge, einschlie\u00dflich der Lieferkosten, erhalten haben, oder zum Zeitpunkt der Lieferung, wenn die Lieferung zu einem sp\u00e4teren Zeitpunkt erfolgt.<\/p>\n\n\n\n<h2 class=\"wp-block-heading\"><strong>5.- MEHRWERTSTEUER<\/strong><\/h2>\n\n\n\n<p>Gem\u00e4\u00df der geltenden Gesetzgebung unterliegen alle \u00fcber die Website get\u00e4tigten K\u00e4ufe, die f\u00fcr das spanische Hoheitsgebiet bestimmt sind, der Mehrwertsteuer (MwSt.), mit Ausnahme derjenigen, die f\u00fcr die Kanarischen Inseln, Ceuta und Melilla bestimmt sind. Bestellungen, die f\u00fcr die Kanarischen Inseln, Ceuta und Melilla bestimmt sind, sind gem\u00e4\u00df den Bestimmungen von Artikel 146 der oben genannten Richtlinie von der Mehrwertsteuer befreit, unbeschadet der Anwendung der entsprechenden Steuern und Abgaben gem\u00e4\u00df den in diesen L\u00e4ndern geltenden Vorschriften.<br>Gem\u00e4\u00df Titel V Kapitel I der Richtlinie 2006\/112\/EG des Rates vom 28. November 2006 \u00fcber das gemeinsame Mehrwertsteuersystem gilt der Ort der Lieferung als in dem Staat oder Land gelegen, das in der Lieferanschrift der Gegenst\u00e4nde angegeben ist.<br>Wenn der Bestimmungsort ein anderer Mitgliedstaat der Europ\u00e4ischen Gemeinschaft als Spanien ist und der K\u00e4ufer eine Privatperson ist, wird die im spanischen Hoheitsgebiet geltende Mehrwertsteuer auf die Bestellung angewandt, aber im gleichen Fall mit der Variante, dass der Kauf von einem Unternehmen oder einem Gewerbetreibenden get\u00e4tigt wird, dann wird die Bestellung von der Mehrwertsteuer befreit sein. In \u00dcbereinstimmung mit den in der jeweiligen Rechtsprechung geltenden Vorschriften kann bei Warenlieferungen, die in bestimmten Mitgliedsl\u00e4ndern der Europ\u00e4ischen Union an einen unternehmerischen oder professionellen Empf\u00e4nger get\u00e4tigt werden, die \u201cReverse-Charge\u201d-Regel (Artikel 194 der Richtlinie 2006\/112) zur Anwendung kommen, was bedeutet, dass EXCLUSIVAS Y DISTRIBUCIONES KUATRO, S.L. keine Mehrwertsteuer in Rechnung stellt, unbeschadet der Verpflichtung des Empf\u00e4ngers, die bei der Transaktion angefallene Steuer zu berechnen.<br>Bei Bestellungen, die f\u00fcr L\u00e4nder bestimmt sind, die nicht Mitglied der Europ\u00e4ischen Gemeinschaft sind, ist der Kauf von der Mehrwertsteuer befreit.<\/p>\n\n\n\n<h2 class=\"wp-block-heading\"><strong>6.- PREISE<\/strong><\/h2>\n\n\n\n<p>Der Preis der Produkte entspricht den Angaben auf unserer Website, es sei denn, es handelt sich um einen offensichtlichen Fehler. Obwohl wir uns bem\u00fchen, dass alle auf der Website angegebenen Preise korrekt sind, k\u00f6nnen Fehler auftreten. Wenn wir einen Fehler im Preis der von Ihnen bestellten Produkte feststellen, werden wir Sie so schnell wie m\u00f6glich informieren und Ihnen die M\u00f6glichkeit geben, Ihre Bestellung zum richtigen Preis zu best\u00e4tigen oder zu stornieren. Wenn wir Sie nicht erreichen k\u00f6nnen, gilt die Bestellung als storniert, und die gezahlten Betr\u00e4ge werden in voller H\u00f6he zur\u00fcckerstattet.<br>Wir sind nicht verpflichtet, Ihnen das\/die Produkt(e) zum falschen, niedrigeren Preis zu liefern (selbst wenn wir Ihnen eine Versandbest\u00e4tigung geschickt haben), wenn der Preisfehler offensichtlich und unmissverst\u00e4ndlich ist und von Ihnen vern\u00fcnftigerweise als falscher Preis erkannt werden konnte.<br>Die Preise auf der Website enthalten die Mehrwertsteuer, nicht aber die Versandkosten, die zum Gesamtbetrag der Bestellung hinzugerechnet werden, wie im Abschnitt VERSAND des Einkaufsf\u00fchrers dargelegt. Die Preise k\u00f6nnen sich jederzeit \u00e4ndern, aber (mit Ausnahme der oben genannten Punkte) wirken sich die \u00c4nderungen nicht auf Bestellungen aus, f\u00fcr die wir Ihnen bereits eine Versandbest\u00e4tigung geschickt haben.<\/p>\n\n\n\n<h2 class=\"wp-block-heading\"><strong>7.- R\u00dcCKGABE UND R\u00dcCKTRITTSRECHT VOM KAUF.<\/strong><\/h2>\n\n\n\n<p>Wenn Sie den Vertrag als Verbraucher abschlie\u00dfen, k\u00f6nnen Sie jederzeit innerhalb von 30 Tagen ab dem Kaufdatum vom Vertrag zur\u00fccktreten. In diesem Fall wird Ihnen der f\u00fcr die Produkte gezahlte Preis zur\u00fcckerstattet, wobei die Versand-, Abhol- und Bankgeb\u00fchren von der Erstattung abgezogen werden. Ihr Recht auf R\u00fccktritt vom Vertrag gilt nur f\u00fcr Produkte, die in demselben Zustand zur\u00fcckgegeben werden, in dem Sie sie erhalten haben. Au\u00dferdem m\u00fcssen Sie alle Anleitungen, Dokumente und Produktverpackungen beif\u00fcgen. Es wird keine R\u00fcckerstattung gew\u00e4hrt, wenn das Produkt benutzt oder besch\u00e4digt wurde, daher sollten Sie vorsichtig mit dem Produkt umgehen, solange es in Ihrem Besitz ist.<br>Wenn Sie der Meinung sind, dass das Produkt zum Zeitpunkt der Lieferung nicht den Vertragsbedingungen entspricht, sollten Sie uns unverz\u00fcglich \u00fcber unser Kontaktformular oder per E-Mail an info@pomoline.com unter Angabe des Produkts und des erlittenen Schadens oder telefonisch unter +34 961917046 kontaktieren.<br>Wir werden das zur\u00fcckgesendete Produkt sorgf\u00e4ltig pr\u00fcfen und Sie innerhalb einer angemessenen Frist per E-Mail dar\u00fcber informieren, ob das Produkt zur\u00fcckgesendet oder ersetzt werden soll (falls zutreffend). Die R\u00fccksendung oder der Ersatz des Artikels erfolgt so schnell wie m\u00f6glich, in jedem Fall aber innerhalb von 30 Tagen ab dem Datum, an dem wir Ihnen eine E-Mail mit der Best\u00e4tigung der R\u00fccksendung oder des Ersatzes des nicht konformen Artikels senden.<br>Die Betr\u00e4ge, die f\u00fcr Produkte gezahlt wurden, die wegen eines Mangels oder Fehlers an uns zur\u00fcckgeschickt werden, werden Ihnen in voller H\u00f6he erstattet, einschlie\u00dflich der Versandkosten, die bei der Lieferung des Artikels an Sie angefallen sind, und der Kosten, die Ihnen bei der R\u00fccksendung des Artikels an uns entstanden sind. Die Erstattung erfolgt auf dieselbe Kreditkarte, mit der Sie den Kauf bezahlt haben. Unter keinen Umst\u00e4nden akzeptieren wir die R\u00fcckgabe von Produkten, die missbr\u00e4uchlich verwendet, falsch behandelt oder unsachgem\u00e4\u00df mit ungeeigneten Chemikalien oder Schleifmitteln gereinigt wurden.<\/p>\n","protected":false},"excerpt":{"rendered":"<p>VERKAUFSBEDINGUNGEN Diese Verkaufsbedingungen gelten f\u00fcr alle Eink\u00e4ufe, die auf der Website www.pomoline.com get\u00e4tigt werden, die dem Unternehmen EXCLUSIVAS Y DISTRIBUCIONES KUATRO,S.L. con C.I.F B54439534 1.- KAUFVERTRAG Indem Sie eine Bestellung \u00fcber diese Website aufgeben, garantieren Sie uns, dass Sie \u00fcber 18 Jahre alt sind und dass Sie die Rechtsf\u00e4higkeit besitzen, verbindliche Vertr\u00e4ge abzuschlie\u00dfen.Dieser Vertrag bindet [&#8230;]\n","protected":false},"author":27357,"featured_media":0,"parent":0,"menu_order":0,"comment_status":"closed","ping_status":"closed","template":"","meta":{"_joinchat":[],"footnotes":""},"class_list":["post-311405","page","type-page","status-publish","hentry"],"_links":{"self":[{"href":"https:\/\/www.pomoline.com\/de\/wp-json\/wp\/v2\/pages\/311405","targetHints":{"allow":["GET"]}}],"collection":[{"href":"https:\/\/www.pomoline.com\/de\/wp-json\/wp\/v2\/pages"}],"about":[{"href":"https:\/\/www.pomoline.com\/de\/wp-json\/wp\/v2\/types\/page"}],"author":[{"embeddable":true,"href":"https:\/\/www.pomoline.com\/de\/wp-json\/wp\/v2\/users\/27357"}],"replies":[{"embeddable":true,"href":"https:\/\/www.pomoline.com\/de\/wp-json\/wp\/v2\/comments?post=311405"}],"version-history":[{"count":0,"href":"https:\/\/www.pomoline.com\/de\/wp-json\/wp\/v2\/pages\/311405\/revisions"}],"wp:attachment":[{"href":"https:\/\/www.pomoline.com\/de\/wp-json\/wp\/v2\/media?parent=311405"}],"curies":[{"name":"wp","href":"https:\/\/api.w.org\/{rel}","templated":true}]}}