{"id":311413,"date":"2024-02-07T14:30:16","date_gmt":"2024-02-07T13:30:16","guid":{"rendered":"https:\/\/www.pomoline.com\/web-pruebas\/cuestiones-generales\/"},"modified":"2024-06-24T19:31:36","modified_gmt":"2024-06-24T17:31:36","slug":"allgemeine-fragen","status":"publish","type":"page","link":"https:\/\/www.pomoline.com\/de\/allgemeine-fragen\/","title":{"rendered":"Allgemeine Fragen"},"content":{"rendered":"\n<h2 class=\"wp-block-heading\"><strong>Was ist POMOLINE?<\/strong><\/h2>\n\n\n\n<p>Pomoline ist ein Online-Shop f\u00fcr Kn\u00f6pfe, B\u00fcgel, Griffe und Klinken, in dem Kunden das gew\u00fcnschte Produkt finden und kaufen k\u00f6nnen. All dies dank der Suchtechnologie und der gro\u00dfen Anzahl von Produkten im Katalog.<br>Pomoline hat es sich zum Ziel gesetzt, den Nutzern zu helfen, schnell und einfach online einzukaufen, ohne ihr Haus oder B\u00fcro zu verlassen!.<\/p>\n\n\n\n<h2 class=\"wp-block-heading\"><strong>In welchen L\u00e4ndern kann ich online kaufen?<\/strong><\/h2>\n\n\n\n<p>Sie k\u00f6nnen auf Pomoline weltweit online einkaufen.<\/p>\n\n\n\n<h2 class=\"wp-block-heading\"><strong>In wie vielen Sprachen kann ich suchen?<\/strong><\/h2>\n\n\n\n<p>Auf der Pomoline-Webseite k\u00f6nnen Sie in mehreren Sprachen bl\u00e4ttern. Diese sind: Englisch, Spanisch und Franz\u00f6sisch.<br>Sie k\u00f6nnen die Sprache der Webseite oben rechts auf der Webseite \u00e4ndern.<\/p>\n\n\n\n<h2 class=\"wp-block-heading\"><strong>Sind die Preise im Online-Shop inklusive Mehrwertsteuer?<\/strong><\/h2>\n\n\n\n<p>Ja, die auf den Produktbl\u00e4ttern angegebenen Preise enthalten die Mehrwertsteuer.<br>Wenn der Lieferort Spanien mit Ausnahme der Kanarischen Inseln, Ceuta und Melilla ist, wird die Mehrwertsteuer auf die Bestellung erhoben.<br>Wenn der Lieferort ein anderes Mitgliedsland der Europ\u00e4ischen Union als Spanien ist und der K\u00e4ufer eine Privatperson ist, gilt f\u00fcr die Bestellung die in Spanien geltende Mehrwertsteuer. In dem Fall, dass der Kauf von einem innergemeinschaftlichen Unternehmen get\u00e4tigt wird, dann ist die Bestellung von der Mehrwertsteuer befreit.<br>Wenn der Bestimmungsort ein Land ist, das nicht Mitglied der Europ\u00e4ischen Gemeinschaft ist, ist die Bestellung von der Mehrwertsteuer befreit.<\/p>\n\n\n\n<h2 class=\"wp-block-heading\"><strong>Wo kann ich Artikel f\u00fcr Kinder finden?<\/strong><\/h2>\n\n\n\n<p>In der Rubrik haben Sie einen kompletten Online-Shop mit einer gro\u00dfen Auswahl an Produkten f\u00fcr Kinder.<\/p>\n\n\n\n<h2 class=\"wp-block-heading\"><strong>Werde ich das gleiche Produkt erhalten, das ich auf dem Foto sehe?<\/strong><\/h2>\n\n\n\n<p>Die Fotos sind in hoher Qualit\u00e4t aufgenommen, um jedes der Produkte im Detail wiederzugeben. Unterschiede finden Sie m\u00f6glicherweise bei Produkten, bei denen das Rohmaterial selbst und der Herstellungsprozess das Endergebnis beeinflussen, z. B. bei handgefertigten Produkten. Um Ihnen zu helfen, sich ein reales Bild vom Produkt zu machen, k\u00f6nnen Sie in der Datei jedes Artikels sowohl das Foto als auch einen Plan mit seinen Abmessungen sehen.<\/p>\n\n\n\n<h2 class=\"wp-block-heading\"><strong>Ist es m\u00f6glich, regelm\u00e4\u00dfig Informationen per E-Mail mit den neuesten Nachrichten und Angeboten von POMOLINE zu erhalten?<\/strong><\/h2>\n\n\n\n<p>Um immer auf dem neuesten Stand zu sein, k\u00f6nnen Pomoline-Benutzer einen regelm\u00e4\u00dfigen Newsletter mit Informationen \u00fcber Angebote und Neuigkeiten abonnieren. Sie k\u00f6nnen sich im Bereich \u201cUnsere News erhalten\u201d anmelden.<\/p>\n\n\n\n<h2 class=\"wp-block-heading\"><strong>Kann ich den POMOLINE NEWSLETTER abbestellen?<\/strong><\/h2>\n\n\n\n<p>In jeder E-Mail, die Sie von Pomoline erhalten, befindet sich ein Link, mit dem Sie sich sofort abmelden k\u00f6nnen, oder Sie k\u00f6nnen sich auch unter \u201cNewsletter abbestellen\u201d abmelden.<\/p>\n\n\n\n<h2 class=\"wp-block-heading\"><strong>Was ist die Datenschutzrichtlinie des POMOLINE Online-Shops?<\/strong><\/h2>\n\n\n\n<p>Sie haben alle Informationen in dem Link: Datenschutzrichtlinie.<\/p>\n\n\n\n<h2 class=\"wp-block-heading\"><strong>Muss ich mich f\u00fcr den Kauf registrieren?<\/strong><\/h2>\n\n\n\n<p>Ja, Sie m\u00fcssen sich im Login-Bereich oder w\u00e4hrend des Bestellvorgangs registrieren.<\/p>\n\n\n\n<h2 class=\"wp-block-heading\"><strong>Wie \u00e4ndere ich meine Daten, E-Mail oder Login\/Passwort?<\/strong><\/h2>\n\n\n\n<p>Im Bereich \u201cLogin\u201d auf der Hauptseite der Webseite finden Sie die Option \u201cDeine Details ansehen\/\u00e4ndern\u201d. Von dort aus k\u00f6nnen Sie Ihr Passwort, Ihre E-Mail, die von Ihrem Unternehmen akzeptierten Zahlungsmethoden und den Rest Ihrer Kontaktinformationen \u00e4ndern.<\/p>\n\n\n\n<h2 class=\"wp-block-heading\"><strong>Ich habe mein Login\/Passwort vergessen, wie kann ich es wiederherstellen?<\/strong><\/h2>\n\n\n\n<p>Wenn Sie Ihr Passwort vergessen haben, k\u00f6nnen Sie es leicht wiederherstellen. Dazu m\u00fcssen Sie auf den Bereich Login klicken und den Link Passwort vergessen anklicken. Geben Sie Ihre E-Mail-Adresse ein und klicken Sie auf \u201cPasswort speichern\u201d. Wir senden Ihnen automatisch eine E-Mail mit Ihrem Passwort an die E-Mail-Adresse, mit der Sie auf unserer Webseite registriert sind.<\/p>\n","protected":false},"excerpt":{"rendered":"<p>Was ist POMOLINE? Pomoline ist ein Online-Shop f\u00fcr Kn\u00f6pfe, B\u00fcgel, Griffe und Klinken, in dem Kunden das gew\u00fcnschte Produkt finden und kaufen k\u00f6nnen. All dies dank der Suchtechnologie und der gro\u00dfen Anzahl von Produkten im Katalog.Pomoline hat es sich zum Ziel gesetzt, den Nutzern zu helfen, schnell und einfach online einzukaufen, ohne ihr Haus oder [&#8230;]\n","protected":false},"author":27357,"featured_media":0,"parent":0,"menu_order":0,"comment_status":"closed","ping_status":"closed","template":"wp-custom-template-plantilla-imagen","meta":{"_joinchat":[],"footnotes":""},"class_list":["post-311413","page","type-page","status-publish","hentry"],"_links":{"self":[{"href":"https:\/\/www.pomoline.com\/de\/wp-json\/wp\/v2\/pages\/311413","targetHints":{"allow":["GET"]}}],"collection":[{"href":"https:\/\/www.pomoline.com\/de\/wp-json\/wp\/v2\/pages"}],"about":[{"href":"https:\/\/www.pomoline.com\/de\/wp-json\/wp\/v2\/types\/page"}],"author":[{"embeddable":true,"href":"https:\/\/www.pomoline.com\/de\/wp-json\/wp\/v2\/users\/27357"}],"replies":[{"embeddable":true,"href":"https:\/\/www.pomoline.com\/de\/wp-json\/wp\/v2\/comments?post=311413"}],"version-history":[{"count":0,"href":"https:\/\/www.pomoline.com\/de\/wp-json\/wp\/v2\/pages\/311413\/revisions"}],"wp:attachment":[{"href":"https:\/\/www.pomoline.com\/de\/wp-json\/wp\/v2\/media?parent=311413"}],"curies":[{"name":"wp","href":"https:\/\/api.w.org\/{rel}","templated":true}]}}