{"id":311422,"date":"2024-02-07T14:30:41","date_gmt":"2024-02-07T13:30:41","guid":{"rendered":"https:\/\/www.pomoline.com\/web-pruebas\/como-comprar\/"},"modified":"2024-06-24T19:24:16","modified_gmt":"2024-06-24T17:24:16","slug":"wie-kaufen","status":"publish","type":"page","link":"https:\/\/www.pomoline.com\/de\/wie-kaufen\/","title":{"rendered":"Wie kaufen"},"content":{"rendered":"\n<h2 class=\"wp-block-heading\">1. Die Produktsuche<\/h2>\n\n\n\n<p>Auf dem Startbildschirm zeigen wir Ihnen einige unserer empfohlenen Produkte, Neuigkeiten und Angebote. Die Produkte sind nach Materialien (Acryl, Keramik, Metall, Glas\u2026) in verschiedene Familien und jede Kategorie in mehrere Unterfamilien unterteilt. \u00dcber das Men\u00fc auf der linken Seite k\u00f6nnen Sie die Produktart ausw\u00e4hlen, die Sie interessiert (z. B.: Acrylkn\u00f6pfe) und Sie k\u00f6nnen die Unterfamilien sehen, aus denen sie sich zusammensetzt. Jede Unterfamilie (z.B.: Methacrylat-Kn\u00f6pfe) besteht aus einer Gruppe von Modellen (z.B.: Mod.600), die, wenn man sie anklickt, alle Produkte, aus denen sie sich zusammensetzt, mit ihren verschiedenen Farben und Oberfl\u00e4chen (z.B.: Ref.600AZ) anzeigen. Von diesem Bildschirm aus kann man auf den Button \u201cKaufen\u201d klicken, um den Kaufvorgang zu starten. Wenn wir auf das Foto oder \u201c+Info\u201d klicken, \u00f6ffnet sich das Produktblatt mit den Spezifikationen, einem hochaufl\u00f6senden Foto und einer Zeichnung, hier gibt es auch eine Schaltfl\u00e4che \u201cKaufen\u201d. Sie k\u00f6nnen auch die beiden Suchmaschinen verwenden, die sich oben links befinden. Hier k\u00f6nnen Sie nach Kollektion und nach Farbe suchen. Dies ist eine sehr bequeme Suchmethode, wenn Sie sich \u00fcber die Art des Designs, das Sie suchen oder die Farbe Ihrer M\u00f6bel oder Ihres Zimmers im Klaren sind. Das Suchergebnis \u00f6ffnet einen Bildschirm direkt mit den gefundenen Produkten, ohne \u00fcber Familien, Unterfamilien oder Modelle zu gehen. In diesem Bildschirm k\u00f6nnen wir mit der Schaltfl\u00e4che \u201cKaufen\u201d Produkte in den Warenkorb legen.<\/p>\n\n\n\n<h2 class=\"wp-block-heading\">2. Wie Sie kaufen<\/h2>\n\n\n\n<p>Oben rechts sehen Sie das Symbol Mein Warenkorb mit den Anzeigen f\u00fcr die Anzahl der ausgew\u00e4hlten Artikel und den Gesamtbetrag Ihrer Bestellung. Diese beiden Indikatoren sind immer sichtbar und wenn Sie auf Mein Warenkorb klicken, \u00f6ffnet sich ein Bildschirm mit Ihrer detaillierten Bestellung. Wenn Sie von Ihrer Bestellung aus auf den Button \u201cEinkauf fortsetzen\u201d klicken, gelangen Sie zur\u00fcck zur vorrigen Seite, die Sie ge\u00f6ffnet hatten.<br><strong>Wie lege ich einen Artikel in meinen Warenkorb?<\/strong><br>Nachdem Sie die Produktreferenz ausgew\u00e4hlt haben, m\u00fcssen Sie auf den Button \u201cKaufen\u201d klicken, damit der Artikel zu unserer Bestellung gesendet wird und wir dort die gew\u00fcnschte Menge angeben.<br><strong>Welche Schritte muss ich befolgen, um eine Bestellung aufzugeben?<\/strong><\/p>\n\n\n\n<ol class=\"wp-block-list\">\n<li>Wenn Sie alle Artikel Ihrer Bestellung ausgew\u00e4hlt haben, gehen Sie zum Warenkorb, indem Sie auf den Button \u201cMein Warenkorb\u201d in der oberen rechten Ecke der Seite klicken. Im Einkaufskorb k\u00f6nnen Sie Artikel aus der Bestellung entfernen oder die Mengen \u00e4ndern. Jetzt geben wir das Land ein, in das die Bestellung gesendet wird, damit das System die Mehrwertsteuer hinzuf\u00fcgt, falls sie anf\u00e4llt (nur f\u00fcr Spanien au\u00dfer Kanarische Inseln, Ceuta und Melilla). Klicken Sie auf den Button \u201cWeiter\u201d, um fortzufahren und den Bestellwert inklusive Steuern zu sehen. Wenn Sie mit der Bestellung einverstanden sind, klicken Sie auf den Button \u201cBestellung aufgeben\u201d.<\/li>\n\n\n\n<li>Geben Sie Ihre pers\u00f6nlichen Daten, Rechnungsadresse, Lieferadresse und Zahlungsmethode ein oder wenn Sie ein registrierter Benutzer sind, melden Sie sich mit Ihren Passw\u00f6rtern an. Wenn Sie ein Erstk\u00e4ufer sind, m\u00fcssen Sie ein Benutzerkonto anlegen und die Datenschutzbestimmungen akzeptieren. Lesen und akzeptieren Sie nun die Verkaufsbedingungen und klicken Sie auf den Button \u201cZahlung vornehmen\u201d..<\/li>\n\n\n\n<li>Das System leitet Sie nun auf die sichere https: Seite Ihrer Bank weiter, um die Zahlung durchzuf\u00fchren. Geben Sie Ihre Kreditkartendaten ein und klicken Sie auf den Button \u201cWeiter\u201d. Nun sehen Sie den Bildschirm, in dem Sie die Zahlung mit Ihrer Karte autorisieren. Beachten Sie, dass Sie bei einigen Karten nach Ihrem pers\u00f6nlichen Identifikationscode (PIN) gefragt werden. Drucken Sie den Zahlungsbeleg aus und klicken Sie auf den Button \u201cWeiter\u201d.<\/li>\n\n\n\n<li>Wenn die Zahlung erfolgreich durchgef\u00fchrt wurde, sehen Sie den Bildschirm \u201cBestellung abgeschlossen\u201d, der die Bestellnummer enth\u00e4lt und Ihnen die M\u00f6glichkeit gibt, die Bestellung zu drucken. Wir erhalten eine E-Mail mit der Zahlungsbest\u00e4tigung und in K\u00fcrze eine zweite E-Mail mit der Best\u00e4tigung des Liefertermins.<\/li>\n<\/ol>\n\n\n\n<h2 class=\"wp-block-heading\">\u00a03. Kommerzielle Rechnung<\/h2>\n\n\n\n<p><strong>Kann ich eine Rechnung f\u00fcr meine Firma anfordern?<\/strong><\/p>\n\n\n\n<p>Ja, wenn Sie das K\u00e4stchen \u201cFirma\u201d markieren, werden die Felder Firma und CIF\/NIF aktiviert. Wenn Sie diese ausf\u00fcllen, werden sie f\u00fcr die Rechnung verwendet.<\/p>\n","protected":false},"excerpt":{"rendered":"<p>1. Die Produktsuche Auf dem Startbildschirm zeigen wir Ihnen einige unserer empfohlenen Produkte, Neuigkeiten und Angebote. Die Produkte sind nach Materialien (Acryl, Keramik, Metall, Glas\u2026) in verschiedene Familien und jede Kategorie in mehrere Unterfamilien unterteilt. \u00dcber das Men\u00fc auf der linken Seite k\u00f6nnen Sie die Produktart ausw\u00e4hlen, die Sie interessiert (z. B.: Acrylkn\u00f6pfe) und Sie [&#8230;]\n","protected":false},"author":27357,"featured_media":0,"parent":0,"menu_order":0,"comment_status":"closed","ping_status":"closed","template":"wp-custom-template-plantilla-imagen","meta":{"_joinchat":[],"footnotes":""},"class_list":["post-311422","page","type-page","status-publish","hentry"],"_links":{"self":[{"href":"https:\/\/www.pomoline.com\/de\/wp-json\/wp\/v2\/pages\/311422","targetHints":{"allow":["GET"]}}],"collection":[{"href":"https:\/\/www.pomoline.com\/de\/wp-json\/wp\/v2\/pages"}],"about":[{"href":"https:\/\/www.pomoline.com\/de\/wp-json\/wp\/v2\/types\/page"}],"author":[{"embeddable":true,"href":"https:\/\/www.pomoline.com\/de\/wp-json\/wp\/v2\/users\/27357"}],"replies":[{"embeddable":true,"href":"https:\/\/www.pomoline.com\/de\/wp-json\/wp\/v2\/comments?post=311422"}],"version-history":[{"count":0,"href":"https:\/\/www.pomoline.com\/de\/wp-json\/wp\/v2\/pages\/311422\/revisions"}],"wp:attachment":[{"href":"https:\/\/www.pomoline.com\/de\/wp-json\/wp\/v2\/media?parent=311422"}],"curies":[{"name":"wp","href":"https:\/\/api.w.org\/{rel}","templated":true}]}}