{"id":311442,"date":"2024-02-07T14:31:04","date_gmt":"2024-02-07T13:31:04","guid":{"rendered":"https:\/\/www.pomoline.com\/web-pruebas\/como-pagar\/"},"modified":"2024-06-24T19:25:58","modified_gmt":"2024-06-24T17:25:58","slug":"como-pagar","status":"publish","type":"page","link":"https:\/\/www.pomoline.com\/de\/como-pagar\/","title":{"rendered":"WIE SIE BEZAHLEN"},"content":{"rendered":"\n<h2 class=\"wp-block-heading\">Mit welcher Zahlungsmethode kann ich meinen Einkauf t\u00e4tigen?<\/h2>\n\n\n\n<p>\u2013 Bank\u00fcberweisung<br>\u2013 Kreditkarten: VISA, Mastercard<br>\u2013 Debitkarte: Visa Electr\u00f3n<br>\u2013 Paypal<\/p>\n\n\n\n<div class=\"wp-block-group is-nowrap is-layout-flex wp-container-core-group-is-layout-992bb7ee wp-block-group-is-layout-flex\" style=\"margin-top:var(--wp--preset--spacing--50);margin-bottom:var(--wp--preset--spacing--50)\">\n<figure class=\"wp-block-image size-full\"><img loading=\"lazy\" decoding=\"async\" width=\"37\" height=\"23\" src=\"https:\/\/www.pomoline.com\/wp-content\/uploads\/2024\/02\/como-pagar_clip_image001.gif\" alt=\"visa\" class=\"wp-image-1006\" title=\"\"><\/figure>\n\n\n\n<figure class=\"wp-block-image size-full\"><img loading=\"lazy\" decoding=\"async\" width=\"37\" height=\"23\" src=\"https:\/\/www.pomoline.com\/wp-content\/uploads\/2024\/02\/como-pagar_clip_image002.gif\" alt=\"mastercard\" class=\"wp-image-1002\" title=\"\"><\/figure>\n\n\n\n<figure class=\"wp-block-image size-full\"><img loading=\"lazy\" decoding=\"async\" width=\"37\" height=\"23\" src=\"https:\/\/www.pomoline.com\/wp-content\/uploads\/2024\/02\/como-pagar_clip_image005.gif\" alt=\"paypal\" class=\"wp-image-998\" title=\"\"><\/figure>\n<\/div>\n\n\n\n<div class=\"wp-block-group is-layout-flow wp-block-group-is-layout-flow\">\n<h2 class=\"wp-block-heading\">Aus welchem Grund kann meine Kreditkarte abgelehnt werden?<\/h2>\n\n\n\n<p>Die Angaben, um die wir Sie zur Zahlung bitten, m\u00fcssen mit Ihren Kreditkartendaten \u00fcbereinstimmen. Ein einfacher Tippfehler kann dazu f\u00fchren, dass die Transaktion abgelehnt wird, daher bitten wir Sie, das Zahlungsformular sorgf\u00e4ltig auszuf\u00fcllen.<br>Es kann auch sein, dass das Kreditlimit \u00fcberschritten wurde oder die Karte abgelaufen ist.<br>Bitte erkundigen Sie sich bei Ihrer Bank, wenn Sie Zweifel an Ihrer Karte als Zahlungsmittel haben.<\/p>\n<\/div>\n\n\n\n<h2 class=\"wp-block-heading\">Kann ich eine Rechnung auf meinen Firmennamen bekommen?<\/h2>\n\n\n\n<p>Ja, w\u00e4hrend des Kaufvorgangs ist es m\u00f6glich, anzugeben, ob der Kauf f\u00fcr eine Einzelperson oder eine Firma erfolgt. In letzterem Fall werden Sie nach steuerlichen Daten gefragt.<\/p>\n","protected":false},"excerpt":{"rendered":"<p>Mit welcher Zahlungsmethode kann ich meinen Einkauf t\u00e4tigen? \u2013 Bank\u00fcberweisung\u2013 Kreditkarten: VISA, Mastercard\u2013 Debitkarte: Visa Electr\u00f3n\u2013 Paypal Aus welchem Grund kann meine Kreditkarte abgelehnt werden? Die Angaben, um die wir Sie zur Zahlung bitten, m\u00fcssen mit Ihren Kreditkartendaten \u00fcbereinstimmen. Ein einfacher Tippfehler kann dazu f\u00fchren, dass die Transaktion abgelehnt wird, daher bitten wir Sie, das [&#8230;]\n","protected":false},"author":27357,"featured_media":0,"parent":0,"menu_order":0,"comment_status":"closed","ping_status":"closed","template":"wp-custom-template-plantilla-imagen","meta":{"_joinchat":[],"footnotes":""},"class_list":["post-311442","page","type-page","status-publish","hentry"],"_links":{"self":[{"href":"https:\/\/www.pomoline.com\/de\/wp-json\/wp\/v2\/pages\/311442","targetHints":{"allow":["GET"]}}],"collection":[{"href":"https:\/\/www.pomoline.com\/de\/wp-json\/wp\/v2\/pages"}],"about":[{"href":"https:\/\/www.pomoline.com\/de\/wp-json\/wp\/v2\/types\/page"}],"author":[{"embeddable":true,"href":"https:\/\/www.pomoline.com\/de\/wp-json\/wp\/v2\/users\/27357"}],"replies":[{"embeddable":true,"href":"https:\/\/www.pomoline.com\/de\/wp-json\/wp\/v2\/comments?post=311442"}],"version-history":[{"count":0,"href":"https:\/\/www.pomoline.com\/de\/wp-json\/wp\/v2\/pages\/311442\/revisions"}],"wp:attachment":[{"href":"https:\/\/www.pomoline.com\/de\/wp-json\/wp\/v2\/media?parent=311442"}],"curies":[{"name":"wp","href":"https:\/\/api.w.org\/{rel}","templated":true}]}}