{"id":311462,"date":"2024-02-07T14:31:42","date_gmt":"2024-02-07T13:31:42","guid":{"rendered":"https:\/\/www.pomoline.com\/web-pruebas\/devoluciones\/"},"modified":"2025-03-23T18:03:36","modified_gmt":"2025-03-23T17:03:36","slug":"rucksendungen","status":"publish","type":"page","link":"https:\/\/www.pomoline.com\/de\/rucksendungen\/","title":{"rendered":"R\u00fccksendungen"},"content":{"rendered":"\n<h2 class=\"wp-block-heading\">Verf\u00fcgt Pomoline online \u00fcber einen Kundendienst?<\/h2>\n\n\n\n<p>Ja, \u00fcber ein&nbsp;<a href=\"https:\/\/www.pomoline.com\/de\/kontakt\/\">Kontaktformular<\/a>&nbsp;oder per E-Mail an info@pomoline.com und \u00fcber unseren Telefondienst, den Sie anrufen k\u00f6nnen:<br>Montag bis Donnerstag: von 10 Uhr bis 14 Uhr und von 16 Uhr bis 18 Uhr<br>Freitag: von 10h bis 14h (GMT+1)<\/p>\n\n\n\n<p>Rufnummer des Kundendienstes:&nbsp;<strong>+34 961917046<\/strong><\/p>\n\n\n\n<h2 class=\"wp-block-heading\">Welche Informationen kann ich vom Kundendienst erhalten?<\/h2>\n\n\n\n<p>Sie k\u00f6nnen Fragen zu Produkten, Bestellungen, Zahlungen, R\u00fcckgaben und anderen Vorf\u00e4llen kl\u00e4ren.<\/p>\n\n\n\n<h2 class=\"wp-block-heading\">Ist es m\u00f6glich, eine Bestellung zu stornieren?<\/h2>\n\n\n\n<p>Ja, solange die Bestellung noch nicht in den Verpackungs- und Versandprozess eingetreten ist. Sie k\u00f6nnen die Stornierung \u00fcber das&nbsp;<a href=\"https:\/\/www.pomoline.com\/de\/kontakt\/\">Kontaktformular<\/a>&nbsp;anfordern, indem Sie an die folgende E-Mail-Adresse schreiben&nbsp;<a href=\"mailto:info@pomoline.es\">info@pomoline.com<\/a>&nbsp;oder durch einen Anruf beim Kundendienst<strong>: +34 961917046<\/strong><\/p>\n\n\n\n<h2 class=\"wp-block-heading\">Was soll ich tun, wenn ich einen anderen Artikel erhalte als den, den ich bestellt habe?<\/h2>\n\n\n\n<p>Wir tauschen es so schnell wie m\u00f6glich und kostenlos gegen den richtigen Artikel aus.<\/p>\n\n\n\n<h2 class=\"wp-block-heading\">Kann ich ein Produkt zur\u00fcckgeben, wenn ich seinen Kauf bereue?<\/h2>\n\n\n\n<p>Ja, wir erstatten Ihnen den Betrag des Artikels auf dieselbe Karte, mit der Sie Ihre Bestellung aufgegeben haben, oder per Bank\u00fcberweisung auf Ihr Konto, jedoch erst, nachdem wir die zur\u00fcckgegebenen Artikel erhalten haben. Die maximale Bearbeitungszeit f\u00fcr diese R\u00fcckerstattung betr\u00e4gt 10 Tage nach Erhalt der zur\u00fcckgesendeten Artikel. Sie sind f\u00fcr die anfallenden Versand- und Bankgeb\u00fchren verantwortlich. Um diesen Vorfall zu kl\u00e4ren, verwenden Sie das\u00a0<a href=\"https:\/\/www.pomoline.com\/de\/kontakt\/\">Kontaktformular<\/a>, schreiben Sie an die E-Mail-Adresse\u00a0<a href=\"mailto:info@pomoline.es\">info@pomoline.com<\/a>\u00a0oder rufen Sie den Kundendienst an<strong>: +34 961917046<\/strong><br><strong>Die maximale Frist f\u00fcr die R\u00fcckgabe eines Kaufs betr\u00e4gt 30 Tage ab dem Datum der Zahlung.<\/strong><br>In unseren\u00a0<a href=\"https:\/\/www.pomoline.com\/de\/condiciones-venta\/\">Verkaufsbedingungen<\/a>\u00a0k\u00f6nnen Sie sehen, in welchen Ausnahmef\u00e4llen wir keine R\u00fccksendungen akzeptieren.<\/p>\n\n\n\n<p><\/p>\n","protected":false},"excerpt":{"rendered":"<p>Verf\u00fcgt Pomoline online \u00fcber einen Kundendienst? Ja, \u00fcber ein&nbsp;Kontaktformular&nbsp;oder per E-Mail an info@pomoline.com und \u00fcber unseren Telefondienst, den Sie anrufen k\u00f6nnen:Montag bis Donnerstag: von 10 Uhr bis 14 Uhr und von 16 Uhr bis 18 UhrFreitag: von 10h bis 14h (GMT+1) Rufnummer des Kundendienstes:&nbsp;+34 961917046 Welche Informationen kann ich vom Kundendienst erhalten? Sie k\u00f6nnen Fragen [&#8230;]\n","protected":false},"author":27357,"featured_media":0,"parent":0,"menu_order":0,"comment_status":"closed","ping_status":"closed","template":"wp-custom-template-plantilla-imagen","meta":{"_joinchat":[],"footnotes":""},"class_list":["post-311462","page","type-page","status-publish","hentry"],"_links":{"self":[{"href":"https:\/\/www.pomoline.com\/de\/wp-json\/wp\/v2\/pages\/311462","targetHints":{"allow":["GET"]}}],"collection":[{"href":"https:\/\/www.pomoline.com\/de\/wp-json\/wp\/v2\/pages"}],"about":[{"href":"https:\/\/www.pomoline.com\/de\/wp-json\/wp\/v2\/types\/page"}],"author":[{"embeddable":true,"href":"https:\/\/www.pomoline.com\/de\/wp-json\/wp\/v2\/users\/27357"}],"replies":[{"embeddable":true,"href":"https:\/\/www.pomoline.com\/de\/wp-json\/wp\/v2\/comments?post=311462"}],"version-history":[{"count":0,"href":"https:\/\/www.pomoline.com\/de\/wp-json\/wp\/v2\/pages\/311462\/revisions"}],"wp:attachment":[{"href":"https:\/\/www.pomoline.com\/de\/wp-json\/wp\/v2\/media?parent=311462"}],"curies":[{"name":"wp","href":"https:\/\/api.w.org\/{rel}","templated":true}]}}