{"id":320858,"date":"2024-04-27T12:01:41","date_gmt":"2024-04-27T10:01:41","guid":{"rendered":"https:\/\/www.pomoline.com\/web-pruebas\/producto\/tirador-asa-160-pintura-negra-mate-armario-cocina-cajon\/"},"modified":"2025-03-14T01:25:23","modified_gmt":"2025-03-14T00:25:23","slug":"mobelknopf-mobelgriff-160-farbe-schwarz-matt-schrank-kuche-schublade","status":"publish","type":"product","link":"https:\/\/www.pomoline.com\/de\/produkt\/mobelknopf-mobelgriff-160-farbe-schwarz-matt-schrank-kuche-schublade\/","title":{"rendered":"M\u00d6BELKNOPF M\u00d6BLEGRIFF 160 FARBE SCHWARZ MATT SCHRANK K\u00dcCHE SCHUBLADE"},"content":{"rendered":"<p>Moderner mattschwarz oder wei\u00df lackierter M\u00f6belgriff aus Metall, erh\u00e4ltlich in 160 mm, perfekt f\u00fcr K\u00fcchen- und Wohnzimmerm\u00f6bel, hochwertig und in Europa hergestellt, bietet ein modernes Aussehen und l\u00e4sst sich mit den anderen Elementen des Raums kombinier<\/p>\n","protected":false},"excerpt":{"rendered":"<p>Moderner mattschwarz oder wei\u00df lackierter M\u00f6belgriff aus Metall, erh\u00e4ltlich in 160 mm, perfekt f\u00fcr K\u00fcchen- und Wohnzimmerm\u00f6bel, hochwertig und in Europa hergestellt, bietet ein modernes Aussehen und l\u00e4sst sich mit den anderen Elementen des Raums kombinier<\/p>\n","protected":false},"featured_media":411317,"template":"","meta":{"_joinchat":[]},"product_brand":[],"product_cat":[5187,3482,957],"product_tag":[],"class_list":{"0":"post-320858","1":"product","2":"type-product","3":"status-publish","4":"has-post-thumbnail","6":"product_cat-mobelgriffe-und-knopfe-fur-schubladen","7":"product_cat-mobelknopfe-griffe-industriemobel-chic-verschlissen-naturholz","8":"product_cat-moderne-kuchengriffe","9":"pa_color-schwarz-schrank-griffe-griffe-wandaufhanger-turhaken-mobelbeine","10":"pa_distancia-agujeros-tornillos-tiradores-160-mm-entre-centros-de-tornillos-cajon-puerta-mueble-de","11":"pa_tendencia-kuchenschrank-griffe-mobel","13":"first","14":"instock","15":"taxable","16":"shipping-taxable","17":"purchasable","18":"product-type-variable","19":"has-default-attributes","20":"wvs-archive-product-wrapper"},"_links":{"self":[{"href":"https:\/\/www.pomoline.com\/de\/wp-json\/wp\/v2\/product\/320858","targetHints":{"allow":["GET"]}}],"collection":[{"href":"https:\/\/www.pomoline.com\/de\/wp-json\/wp\/v2\/product"}],"about":[{"href":"https:\/\/www.pomoline.com\/de\/wp-json\/wp\/v2\/types\/product"}],"wp:featuredmedia":[{"embeddable":true,"href":"https:\/\/www.pomoline.com\/de\/wp-json\/wp\/v2\/media\/411317"}],"wp:attachment":[{"href":"https:\/\/www.pomoline.com\/de\/wp-json\/wp\/v2\/media?parent=320858"}],"wp:term":[{"taxonomy":"product_brand","embeddable":true,"href":"https:\/\/www.pomoline.com\/de\/wp-json\/wp\/v2\/product_brand?post=320858"},{"taxonomy":"product_cat","embeddable":true,"href":"https:\/\/www.pomoline.com\/de\/wp-json\/wp\/v2\/product_cat?post=320858"},{"taxonomy":"product_tag","embeddable":true,"href":"https:\/\/www.pomoline.com\/de\/wp-json\/wp\/v2\/product_tag?post=320858"}],"curies":[{"name":"wp","href":"https:\/\/api.w.org\/{rel}","templated":true}]}}