{"id":320866,"date":"2024-04-27T12:01:50","date_gmt":"2024-04-27T10:01:50","guid":{"rendered":"https:\/\/www.pomoline.com\/web-pruebas\/producto\/percha-puerta-negra-bolas-madera\/"},"modified":"2025-03-14T01:24:47","modified_gmt":"2025-03-14T00:24:47","slug":"turhanger-schwarz-kugeln-holz","status":"publish","type":"product","link":"https:\/\/www.pomoline.com\/de\/produkt\/turhanger-schwarz-kugeln-holz\/","title":{"rendered":"T\u00dcRH\u00c4NGER SCHWARZ FARBE | HOLZ- UND ABS-KUGELN"},"content":{"rendered":"<p>Aufh\u00e4nger und Haken an der T\u00fcr ideal f\u00fcr die Innent\u00fcr des Badezimmers oder Kinderzimmers. Dieses besondere Modell ist MOD 902 T\u00dcRH\u00c4NGER schwarz | Kugeln holz und abs<\/p>\n","protected":false},"excerpt":{"rendered":"<p>Aufh\u00e4nger und Haken an der T\u00fcr ideal f\u00fcr die Innent\u00fcr des Badezimmers oder Kinderzimmers. Dieses besondere Modell ist MOD 902 T\u00dcRH\u00c4NGER schwarz | Kugeln holz und abs<\/p>\n","protected":false},"featured_media":411309,"template":"","meta":{"_joinchat":[]},"product_brand":[],"product_cat":[5358,5355,5183],"product_tag":[],"class_list":{"0":"post-320866","1":"product","2":"type-product","3":"status-publish","4":"has-post-thumbnail","6":"product_cat-ofertas-de","7":"product_cat-ofertas","8":"product_cat-garderobenstander-kleiderbugel-uber-der-tur","9":"pa_color-schwarz-schrank-griffe-griffe-wandaufhanger-turhaken-mobelbeine","10":"pa_color-natur-buche-schrank-knauf-griffe-wandaufhanger-turhaken-mobel-beine","11":"pa_color-weis-schrank-griffe-griffe-wandhaken-turhaken-mobelbeine","12":"pa_color-buche-honig-schrank-knopfe-griffe-wandhanger-turhaken-mobelbeine","13":"pa_tendencia-uber-tur-kleiderbugel-wohndeko","15":"first","16":"instock","17":"sale","18":"featured","19":"taxable","20":"shipping-taxable","21":"purchasable","22":"product-type-variable","23":"has-default-attributes","24":"wvs-archive-product-wrapper"},"_links":{"self":[{"href":"https:\/\/www.pomoline.com\/de\/wp-json\/wp\/v2\/product\/320866","targetHints":{"allow":["GET"]}}],"collection":[{"href":"https:\/\/www.pomoline.com\/de\/wp-json\/wp\/v2\/product"}],"about":[{"href":"https:\/\/www.pomoline.com\/de\/wp-json\/wp\/v2\/types\/product"}],"wp:featuredmedia":[{"embeddable":true,"href":"https:\/\/www.pomoline.com\/de\/wp-json\/wp\/v2\/media\/411309"}],"wp:attachment":[{"href":"https:\/\/www.pomoline.com\/de\/wp-json\/wp\/v2\/media?parent=320866"}],"wp:term":[{"taxonomy":"product_brand","embeddable":true,"href":"https:\/\/www.pomoline.com\/de\/wp-json\/wp\/v2\/product_brand?post=320866"},{"taxonomy":"product_cat","embeddable":true,"href":"https:\/\/www.pomoline.com\/de\/wp-json\/wp\/v2\/product_cat?post=320866"},{"taxonomy":"product_tag","embeddable":true,"href":"https:\/\/www.pomoline.com\/de\/wp-json\/wp\/v2\/product_tag?post=320866"}],"curies":[{"name":"wp","href":"https:\/\/api.w.org\/{rel}","templated":true}]}}