{"id":320870,"date":"2024-04-27T12:01:54","date_gmt":"2024-04-27T10:01:54","guid":{"rendered":"https:\/\/www.pomoline.com\/web-pruebas\/producto\/percha-puerta-blanca-bolas-madera\/"},"modified":"2025-03-14T01:24:30","modified_gmt":"2025-03-14T00:24:30","slug":"turhanger-weiss-kugeln-holz","status":"publish","type":"product","link":"https:\/\/www.pomoline.com\/de\/produkt\/turhanger-weiss-kugeln-holz\/","title":{"rendered":"T\u00dcRH\u00c4NGER WEISSE FARBE | HOLZ- UND ABS-KUGELN"},"content":{"rendered":"<p>Aufh\u00e4nger und Haken an der T\u00fcr ideal f\u00fcr die Innent\u00fcr des Badezimmers oder Kinderzimmers. Dieses besondere Modell ist MOD 902 T\u00dcRH\u00c4NGER weiss | Kugeln holz und abs<\/p>\n","protected":false},"excerpt":{"rendered":"<p>Aufh\u00e4nger und Haken an der T\u00fcr ideal f\u00fcr die Innent\u00fcr des Badezimmers oder Kinderzimmers. Dieses besondere Modell ist MOD 902 T\u00dcRH\u00c4NGER weiss | Kugeln holz und abs<\/p>\n","protected":false},"featured_media":411305,"template":"","meta":{"_joinchat":[]},"product_brand":[],"product_cat":[5358,5355,5183],"product_tag":[],"class_list":{"0":"post-320870","1":"product","2":"type-product","3":"status-publish","4":"has-post-thumbnail","6":"product_cat-ofertas-de","7":"product_cat-ofertas","8":"product_cat-garderobenstander-kleiderbugel-uber-der-tur","9":"pa_color-natur-buche-schrank-knauf-griffe-wandaufhanger-turhaken-mobel-beine","10":"pa_color-weis-schrank-griffe-griffe-wandhaken-turhaken-mobelbeine","11":"pa_color-buche-honig-schrank-knopfe-griffe-wandhanger-turhaken-mobelbeine","12":"pa_tendencia-uber-tur-kleiderbugel-wohndeko","14":"first","15":"instock","16":"sale","17":"featured","18":"taxable","19":"shipping-taxable","20":"purchasable","21":"product-type-variable","22":"has-default-attributes","23":"wvs-archive-product-wrapper"},"_links":{"self":[{"href":"https:\/\/www.pomoline.com\/de\/wp-json\/wp\/v2\/product\/320870","targetHints":{"allow":["GET"]}}],"collection":[{"href":"https:\/\/www.pomoline.com\/de\/wp-json\/wp\/v2\/product"}],"about":[{"href":"https:\/\/www.pomoline.com\/de\/wp-json\/wp\/v2\/types\/product"}],"wp:featuredmedia":[{"embeddable":true,"href":"https:\/\/www.pomoline.com\/de\/wp-json\/wp\/v2\/media\/411305"}],"wp:attachment":[{"href":"https:\/\/www.pomoline.com\/de\/wp-json\/wp\/v2\/media?parent=320870"}],"wp:term":[{"taxonomy":"product_brand","embeddable":true,"href":"https:\/\/www.pomoline.com\/de\/wp-json\/wp\/v2\/product_brand?post=320870"},{"taxonomy":"product_cat","embeddable":true,"href":"https:\/\/www.pomoline.com\/de\/wp-json\/wp\/v2\/product_cat?post=320870"},{"taxonomy":"product_tag","embeddable":true,"href":"https:\/\/www.pomoline.com\/de\/wp-json\/wp\/v2\/product_tag?post=320870"}],"curies":[{"name":"wp","href":"https:\/\/api.w.org\/{rel}","templated":true}]}}