{"id":320890,"date":"2024-04-27T12:02:16","date_gmt":"2024-04-27T10:02:16","guid":{"rendered":"https:\/\/www.pomoline.com\/web-pruebas\/producto\/pomo-mueble-metal-37mm-plata-vieja-con-tela-antimanchas-blanca-mod-550-ptt\/"},"modified":"2025-03-14T01:23:09","modified_gmt":"2025-03-14T00:23:09","slug":"knopf-mobel-metall-37mm-altsilber-mit-stoff-anti-flecken-weiss","status":"publish","type":"product","link":"https:\/\/www.pomoline.com\/de\/produkt\/knopf-mobel-metall-37mm-altsilber-mit-stoff-anti-flecken-weiss\/","title":{"rendered":"KNOPF M\u00d6BEL METALL 37MM ALTSILBER MIT STOFF ANTI-FLECKEN WEISS"},"content":{"rendered":"<p>Dieser M\u00f6belknopf M\u00f6belgriff wurde f\u00fcr Schubladen und T\u00fcren von klassischen vintage M\u00f6beln entwickelt mod 550 PTT<\/p>\n","protected":false},"excerpt":{"rendered":"<p>Dieser M\u00f6belknopf M\u00f6belgriff wurde f\u00fcr Schubladen und T\u00fcren von klassischen vintage M\u00f6beln entwickelt mod 550 PTT<\/p>\n","protected":false},"featured_media":411285,"template":"","meta":{"_joinchat":[]},"product_brand":[],"product_cat":[5187,997],"product_tag":[],"class_list":{"0":"post-320890","1":"product","2":"type-product","3":"status-publish","4":"has-post-thumbnail","6":"product_cat-mobelgriffe-und-knopfe-fur-schubladen","7":"product_cat-mobelknopfe-aus-leder-und-stoff-griffe-fur-mobelschublade","8":"pa_color-grun-schrank-griffe-griffe-wandaufhanger-turhaken-mobel-beine","9":"pa_color-schwarz-schrank-griffe-griffe-wandaufhanger-turhaken-mobelbeine","10":"pa_color-weis-schrank-griffe-griffe-wandhaken-turhaken-mobelbeine","11":"pa_color-braun-schrank-griffe-griffe-wandaufhanger-turhaken-mobel-beine","12":"pa_color-grau-schrank-knauf-griffe-wandaufhanger-turhaken-mobel-beine","13":"pa_color-knochen-schrank-knaufe-griffe-wandaufhanger-turhaken-mobelbeine","14":"pa_color-lila-schrankknopfe-griffe-wandhaken-turhaken-mobelbeine","15":"pa_color-sand-schrank-griffe-griffe-wandhaken-turhaken-mobel-beine","16":"pa_tendencia-leder-stoff-knopfe-fur-mobel","18":"first","19":"instock","20":"featured","21":"taxable","22":"shipping-taxable","23":"purchasable","24":"product-type-variable","25":"has-default-attributes","26":"wvs-archive-product-wrapper"},"_links":{"self":[{"href":"https:\/\/www.pomoline.com\/de\/wp-json\/wp\/v2\/product\/320890","targetHints":{"allow":["GET"]}}],"collection":[{"href":"https:\/\/www.pomoline.com\/de\/wp-json\/wp\/v2\/product"}],"about":[{"href":"https:\/\/www.pomoline.com\/de\/wp-json\/wp\/v2\/types\/product"}],"wp:featuredmedia":[{"embeddable":true,"href":"https:\/\/www.pomoline.com\/de\/wp-json\/wp\/v2\/media\/411285"}],"wp:attachment":[{"href":"https:\/\/www.pomoline.com\/de\/wp-json\/wp\/v2\/media?parent=320890"}],"wp:term":[{"taxonomy":"product_brand","embeddable":true,"href":"https:\/\/www.pomoline.com\/de\/wp-json\/wp\/v2\/product_brand?post=320890"},{"taxonomy":"product_cat","embeddable":true,"href":"https:\/\/www.pomoline.com\/de\/wp-json\/wp\/v2\/product_cat?post=320890"},{"taxonomy":"product_tag","embeddable":true,"href":"https:\/\/www.pomoline.com\/de\/wp-json\/wp\/v2\/product_tag?post=320890"}],"curies":[{"name":"wp","href":"https:\/\/api.w.org\/{rel}","templated":true}]}}