{"id":320902,"date":"2024-04-27T12:02:32","date_gmt":"2024-04-27T10:02:32","guid":{"rendered":"https:\/\/www.pomoline.com\/web-pruebas\/producto\/pomo-mueble-metal-37mm-blanco-plata-con-piel-sintetica-blanca-mod-550-pbp\/"},"modified":"2025-03-14T01:22:19","modified_gmt":"2025-03-14T00:22:19","slug":"knopf-mobel-metall-37mm-weiss-silber-mit-leder-kunstleder-weiss","status":"publish","type":"product","link":"https:\/\/www.pomoline.com\/de\/produkt\/knopf-mobel-metall-37mm-weiss-silber-mit-leder-kunstleder-weiss\/","title":{"rendered":"KNOPF M\u00d6BEL METALL 37MM WEISS SILBER MIT LEDER KUNSTLEDER WEISS"},"content":{"rendered":"<p>Dieser M\u00f6belknopf M\u00f6belgriff wurde f\u00fcr Schubladen und T\u00fcren von klassischen vintage M\u00f6beln entwickelt mod 550 PBP<\/p>\n","protected":false},"excerpt":{"rendered":"<p>Dieser M\u00f6belknopf M\u00f6belgriff wurde f\u00fcr Schubladen und T\u00fcren von klassischen vintage M\u00f6beln entwickelt mod 550 PBP<\/p>\n","protected":false},"featured_media":411273,"template":"","meta":{"_joinchat":[]},"product_brand":[],"product_cat":[5187,997],"product_tag":[],"class_list":{"0":"post-320902","1":"product","2":"type-product","3":"status-publish","4":"has-post-thumbnail","6":"product_cat-mobelgriffe-und-knopfe-fur-schubladen","7":"product_cat-mobelknopfe-aus-leder-und-stoff-griffe-fur-mobelschublade","8":"pa_color-weis-schrank-griffe-griffe-wandhaken-turhaken-mobelbeine","9":"pa_color-braun-schrank-griffe-griffe-wandaufhanger-turhaken-mobel-beine","10":"pa_tendencia-leder-stoff-knopfe-fur-mobel","12":"first","13":"instock","14":"featured","15":"taxable","16":"shipping-taxable","17":"purchasable","18":"product-type-variable","19":"has-default-attributes","20":"wvs-archive-product-wrapper"},"_links":{"self":[{"href":"https:\/\/www.pomoline.com\/de\/wp-json\/wp\/v2\/product\/320902","targetHints":{"allow":["GET"]}}],"collection":[{"href":"https:\/\/www.pomoline.com\/de\/wp-json\/wp\/v2\/product"}],"about":[{"href":"https:\/\/www.pomoline.com\/de\/wp-json\/wp\/v2\/types\/product"}],"wp:featuredmedia":[{"embeddable":true,"href":"https:\/\/www.pomoline.com\/de\/wp-json\/wp\/v2\/media\/411273"}],"wp:attachment":[{"href":"https:\/\/www.pomoline.com\/de\/wp-json\/wp\/v2\/media?parent=320902"}],"wp:term":[{"taxonomy":"product_brand","embeddable":true,"href":"https:\/\/www.pomoline.com\/de\/wp-json\/wp\/v2\/product_brand?post=320902"},{"taxonomy":"product_cat","embeddable":true,"href":"https:\/\/www.pomoline.com\/de\/wp-json\/wp\/v2\/product_cat?post=320902"},{"taxonomy":"product_tag","embeddable":true,"href":"https:\/\/www.pomoline.com\/de\/wp-json\/wp\/v2\/product_tag?post=320902"}],"curies":[{"name":"wp","href":"https:\/\/api.w.org\/{rel}","templated":true}]}}