{"id":320926,"date":"2024-04-27T12:02:56","date_gmt":"2024-04-27T10:02:56","guid":{"rendered":"https:\/\/www.pomoline.com\/web-pruebas\/producto\/gancho-pared-138mm-hierro-fundido-desgastado-shabby-chic-mod-980s\/"},"modified":"2025-03-14T01:20:41","modified_gmt":"2025-03-14T00:20:41","slug":"wandhaken-138mm-gusseisen-verschlissen-shabby-chic","status":"publish","type":"product","link":"https:\/\/www.pomoline.com\/de\/produkt\/wandhaken-138mm-gusseisen-verschlissen-shabby-chic\/","title":{"rendered":"WANDHAKEN 138MM GUSSEISEN VERSCHLISSEN SHABBY CHIC"},"content":{"rendered":"<p>Wandgarderobe und Wandaufh\u00e4nger zum Aufh\u00e4ngen von Kleidung, M\u00e4nteln und modischen Accessoires f\u00fcr Wohnungen mit klassischem Design mod 980S<\/p>\n","protected":false},"excerpt":{"rendered":"<p>Wandgarderobe und Wandaufh\u00e4nger zum Aufh\u00e4ngen von Kleidung, M\u00e4nteln und modischen Accessoires f\u00fcr Wohnungen mit klassischem Design mod 980S<\/p>\n","protected":false},"featured_media":411249,"template":"","meta":{"_joinchat":[]},"product_brand":[],"product_cat":[1005],"product_tag":[],"class_list":{"0":"post-320926","1":"product","2":"type-product","3":"status-publish","4":"has-post-thumbnail","6":"product_cat-wandgarderobe-hakengarderobe","7":"pa_color-schwarz-schrank-griffe-griffe-wandaufhanger-turhaken-mobelbeine","8":"pa_color-weis-schrank-griffe-griffe-wandhaken-turhaken-mobelbeine","9":"pa_tendencia-wandhaken-aufhanger","11":"first","12":"instock","13":"featured","14":"taxable","15":"shipping-taxable","16":"purchasable","17":"product-type-variable","18":"has-default-attributes","19":"wvs-archive-product-wrapper"},"_links":{"self":[{"href":"https:\/\/www.pomoline.com\/de\/wp-json\/wp\/v2\/product\/320926","targetHints":{"allow":["GET"]}}],"collection":[{"href":"https:\/\/www.pomoline.com\/de\/wp-json\/wp\/v2\/product"}],"about":[{"href":"https:\/\/www.pomoline.com\/de\/wp-json\/wp\/v2\/types\/product"}],"wp:featuredmedia":[{"embeddable":true,"href":"https:\/\/www.pomoline.com\/de\/wp-json\/wp\/v2\/media\/411249"}],"wp:attachment":[{"href":"https:\/\/www.pomoline.com\/de\/wp-json\/wp\/v2\/media?parent=320926"}],"wp:term":[{"taxonomy":"product_brand","embeddable":true,"href":"https:\/\/www.pomoline.com\/de\/wp-json\/wp\/v2\/product_brand?post=320926"},{"taxonomy":"product_cat","embeddable":true,"href":"https:\/\/www.pomoline.com\/de\/wp-json\/wp\/v2\/product_cat?post=320926"},{"taxonomy":"product_tag","embeddable":true,"href":"https:\/\/www.pomoline.com\/de\/wp-json\/wp\/v2\/product_tag?post=320926"}],"curies":[{"name":"wp","href":"https:\/\/api.w.org\/{rel}","templated":true}]}}