{"id":320938,"date":"2024-04-27T12:03:13","date_gmt":"2024-04-27T10:03:13","guid":{"rendered":"https:\/\/www.pomoline.com\/web-pruebas\/producto\/percha-sobrepuerta-base-acero-3-pomos-inox-mod-9600\/"},"modified":"2025-03-14T01:19:54","modified_gmt":"2025-03-14T00:19:54","slug":"turhangerhaken-basis-stahl-3-knopfe-edelstahl","status":"publish","type":"product","link":"https:\/\/www.pomoline.com\/de\/produkt\/turhangerhaken-basis-stahl-3-knopfe-edelstahl\/","title":{"rendered":"T\u00dcRH\u00c4NGERHAKEN BASIS STAHL 3 KN\u00d6PFE EDELSTAHL"},"content":{"rendered":"<p>Wandgarderobe und Wandaufh\u00e4nger zum Aufh\u00e4ngen von Kleidung, M\u00e4nteln und modischen Accessoires mod 9600<\/p>\n","protected":false},"excerpt":{"rendered":"<p>Wandgarderobe und Wandaufh\u00e4nger zum Aufh\u00e4ngen von Kleidung, M\u00e4nteln und modischen Accessoires mod 9600<\/p>\n","protected":false},"featured_media":411237,"template":"","meta":{"_joinchat":[]},"product_brand":[],"product_cat":[5358,5355,5183],"product_tag":[],"class_list":{"0":"post-320938","1":"product","2":"type-product","3":"status-publish","4":"has-post-thumbnail","6":"product_cat-ofertas-de","7":"product_cat-ofertas","8":"product_cat-garderobenstander-kleiderbugel-uber-der-tur","9":"pa_color-weis-schrank-griffe-griffe-wandhaken-turhaken-mobelbeine","10":"pa_color-chrom-schrank-knauf-griffe-wandaufhanger-turhaken-mobel-beine","11":"pa_tendencia-uber-tur-kleiderbugel-wohndeko","13":"first","14":"instock","15":"sale","16":"featured","17":"taxable","18":"shipping-taxable","19":"purchasable","20":"product-type-variable","21":"has-default-attributes","22":"wvs-archive-product-wrapper"},"_links":{"self":[{"href":"https:\/\/www.pomoline.com\/de\/wp-json\/wp\/v2\/product\/320938","targetHints":{"allow":["GET"]}}],"collection":[{"href":"https:\/\/www.pomoline.com\/de\/wp-json\/wp\/v2\/product"}],"about":[{"href":"https:\/\/www.pomoline.com\/de\/wp-json\/wp\/v2\/types\/product"}],"wp:featuredmedia":[{"embeddable":true,"href":"https:\/\/www.pomoline.com\/de\/wp-json\/wp\/v2\/media\/411237"}],"wp:attachment":[{"href":"https:\/\/www.pomoline.com\/de\/wp-json\/wp\/v2\/media?parent=320938"}],"wp:term":[{"taxonomy":"product_brand","embeddable":true,"href":"https:\/\/www.pomoline.com\/de\/wp-json\/wp\/v2\/product_brand?post=320938"},{"taxonomy":"product_cat","embeddable":true,"href":"https:\/\/www.pomoline.com\/de\/wp-json\/wp\/v2\/product_cat?post=320938"},{"taxonomy":"product_tag","embeddable":true,"href":"https:\/\/www.pomoline.com\/de\/wp-json\/wp\/v2\/product_tag?post=320938"}],"curies":[{"name":"wp","href":"https:\/\/api.w.org\/{rel}","templated":true}]}}