{"id":320962,"date":"2024-04-27T12:03:36","date_gmt":"2024-04-27T10:03:36","guid":{"rendered":"https:\/\/www.pomoline.com\/web-pruebas\/producto\/percha-pared-madera-mango-4-ganchos-metal-clasico-colonial-mod-9501-ma-mod-9501-ma\/"},"modified":"2025-03-14T01:18:17","modified_gmt":"2025-03-14T00:18:17","slug":"wandgarderobe-wand-holz-mangobaum-4-haken-metall-klassisch-kolonial-mod-9501-ma","status":"publish","type":"product","link":"https:\/\/www.pomoline.com\/de\/produkt\/wandgarderobe-wand-holz-mangobaum-4-haken-metall-klassisch-kolonial-mod-9501-ma\/","title":{"rendered":"WANDGARDEROBE WAND HOLZ MANGOBAUM 4 HAKEN METALL KLASSISCH KOLONIAL MOD 9501 MA"},"content":{"rendered":"<p>Wandgarderobe und Wandaufh\u00e4nger zum Aufh\u00e4ngen von Kleidung, M\u00e4nteln und modischen Accessoires f\u00fcr Wohnungen mit klassischem Design mod 9501 MA<\/p>\n","protected":false},"excerpt":{"rendered":"<p>Wandgarderobe und Wandaufh\u00e4nger zum Aufh\u00e4ngen von Kleidung, M\u00e4nteln und modischen Accessoires f\u00fcr Wohnungen mit klassischem Design mod 9501 MA<\/p>\n","protected":false},"featured_media":411213,"template":"","meta":{"_joinchat":[]},"product_brand":[],"product_cat":[5358,5355,1005],"product_tag":[],"class_list":{"0":"post-320962","1":"product","2":"type-product","3":"status-publish","4":"has-post-thumbnail","6":"product_cat-ofertas-de","7":"product_cat-ofertas","8":"product_cat-wandgarderobe-hakengarderobe","9":"pa_color-alte-bronze-schrankknopfe-griffe-wandaufhanger-turhaken-mobelbeine","10":"pa_tendencia-klassische-wandaufhanger-wohnkultur","12":"first","13":"instock","14":"sale","15":"featured","16":"taxable","17":"shipping-taxable","18":"purchasable","19":"product-type-variable","20":"has-default-attributes","21":"wvs-archive-product-wrapper"},"_links":{"self":[{"href":"https:\/\/www.pomoline.com\/de\/wp-json\/wp\/v2\/product\/320962","targetHints":{"allow":["GET"]}}],"collection":[{"href":"https:\/\/www.pomoline.com\/de\/wp-json\/wp\/v2\/product"}],"about":[{"href":"https:\/\/www.pomoline.com\/de\/wp-json\/wp\/v2\/types\/product"}],"wp:featuredmedia":[{"embeddable":true,"href":"https:\/\/www.pomoline.com\/de\/wp-json\/wp\/v2\/media\/411213"}],"wp:attachment":[{"href":"https:\/\/www.pomoline.com\/de\/wp-json\/wp\/v2\/media?parent=320962"}],"wp:term":[{"taxonomy":"product_brand","embeddable":true,"href":"https:\/\/www.pomoline.com\/de\/wp-json\/wp\/v2\/product_brand?post=320962"},{"taxonomy":"product_cat","embeddable":true,"href":"https:\/\/www.pomoline.com\/de\/wp-json\/wp\/v2\/product_cat?post=320962"},{"taxonomy":"product_tag","embeddable":true,"href":"https:\/\/www.pomoline.com\/de\/wp-json\/wp\/v2\/product_tag?post=320962"}],"curies":[{"name":"wp","href":"https:\/\/api.w.org\/{rel}","templated":true}]}}