{"id":320978,"date":"2024-04-27T12:03:58","date_gmt":"2024-04-27T10:03:58","guid":{"rendered":"https:\/\/www.pomoline.com\/web-pruebas\/producto\/percha-pared-con-pomos-inclinados-nordico-escandinavo-diseno-nordico-escandinavo-mod-9402-mod-9402\/"},"modified":"2025-03-14T01:17:10","modified_gmt":"2025-03-14T00:17:10","slug":"wandgarderobe-wand-mit-knopfe-schraggestellt-nordisch-skandinavisch-design-nordisch-skandinavisch-mod-9402","status":"publish","type":"product","link":"https:\/\/www.pomoline.com\/de\/produkt\/wandgarderobe-wand-mit-knopfe-schraggestellt-nordisch-skandinavisch-design-nordisch-skandinavisch-mod-9402\/","title":{"rendered":"WANDGARDEROBE WAND MIT KN\u00d6PFE SCHR\u00c4GGESTELLT N\u00d6RDISCH SKANDINAVISCH DESIGN N\u00d6RDISCH SKANDINAVISCH MOD 9402"},"content":{"rendered":"<p>Wandgarderobe und Wandaufh\u00e4nger zum Aufh\u00e4ngen von Kleidung, M\u00e4nteln und modischen Accessoires mod 9402<\/p>\n","protected":false},"excerpt":{"rendered":"<p>Wandgarderobe und Wandaufh\u00e4nger zum Aufh\u00e4ngen von Kleidung, M\u00e4nteln und modischen Accessoires mod 9402<\/p>\n","protected":false},"featured_media":411197,"template":"","meta":{"_joinchat":[]},"product_brand":[],"product_cat":[5358,5355,1005],"product_tag":[],"class_list":{"0":"post-320978","1":"product","2":"type-product","3":"status-publish","4":"has-post-thumbnail","6":"product_cat-ofertas-de","7":"product_cat-ofertas","8":"product_cat-wandgarderobe-hakengarderobe","9":"pa_color-schwarz-schrank-griffe-griffe-wandaufhanger-turhaken-mobelbeine","10":"pa_color-natur-buche-schrank-knauf-griffe-wandaufhanger-turhaken-mobel-beine","11":"pa_color-weis-schrank-griffe-griffe-wandhaken-turhaken-mobelbeine","12":"pa_color-alte-buche-schrank-knauf-griffe-wandaufhanger-turhaken-mobel-beine","13":"pa_color-buche-honig-schrank-knopfe-griffe-wandhanger-turhaken-mobelbeine","14":"pa_tendencia-moderne-wandaufhanger-wohnkultur","16":"first","17":"instock","18":"sale","19":"featured","20":"taxable","21":"shipping-taxable","22":"purchasable","23":"product-type-variable","24":"has-default-attributes","25":"wvs-archive-product-wrapper"},"_links":{"self":[{"href":"https:\/\/www.pomoline.com\/de\/wp-json\/wp\/v2\/product\/320978","targetHints":{"allow":["GET"]}}],"collection":[{"href":"https:\/\/www.pomoline.com\/de\/wp-json\/wp\/v2\/product"}],"about":[{"href":"https:\/\/www.pomoline.com\/de\/wp-json\/wp\/v2\/types\/product"}],"wp:featuredmedia":[{"embeddable":true,"href":"https:\/\/www.pomoline.com\/de\/wp-json\/wp\/v2\/media\/411197"}],"wp:attachment":[{"href":"https:\/\/www.pomoline.com\/de\/wp-json\/wp\/v2\/media?parent=320978"}],"wp:term":[{"taxonomy":"product_brand","embeddable":true,"href":"https:\/\/www.pomoline.com\/de\/wp-json\/wp\/v2\/product_brand?post=320978"},{"taxonomy":"product_cat","embeddable":true,"href":"https:\/\/www.pomoline.com\/de\/wp-json\/wp\/v2\/product_cat?post=320978"},{"taxonomy":"product_tag","embeddable":true,"href":"https:\/\/www.pomoline.com\/de\/wp-json\/wp\/v2\/product_tag?post=320978"}],"curies":[{"name":"wp","href":"https:\/\/api.w.org\/{rel}","templated":true}]}}