{"id":320986,"date":"2024-04-27T12:04:08","date_gmt":"2024-04-27T10:04:08","guid":{"rendered":"https:\/\/www.pomoline.com\/web-pruebas\/producto\/percha-sobrepuerta-con-pomos-inclinados-inox-nordico-escandinavo-diseno-nordico-escandinavo-mod-9400s-b-mod-9400s-b\/"},"modified":"2025-03-14T01:16:37","modified_gmt":"2025-03-14T00:16:37","slug":"turhangerhaken-mit-knopfe-schraggestellt-edelstahl-nordisch-skandinavisch-design-nordisch-skandinavisch-mod-9400s-b","status":"publish","type":"product","link":"https:\/\/www.pomoline.com\/de\/produkt\/turhangerhaken-mit-knopfe-schraggestellt-edelstahl-nordisch-skandinavisch-design-nordisch-skandinavisch-mod-9400s-b\/","title":{"rendered":"T\u00dcRH\u00c4NGERHAKEN MIT KN\u00d6PFE SCHR\u00c4GGESTELLT EDELSTAHL N\u00d6RDISCH SKANDINAVISCH DESIGN N\u00d6RDISCH SKANDINAVISCH MOD 9400S B"},"content":{"rendered":"<p>Wandgarderobe und Wandaufh\u00e4nger zum Aufh\u00e4ngen von Kleidung, M\u00e4nteln und modischen Accessoires mod 9400s B<\/p>\n","protected":false},"excerpt":{"rendered":"<p>Wandgarderobe und Wandaufh\u00e4nger zum Aufh\u00e4ngen von Kleidung, M\u00e4nteln und modischen Accessoires mod 9400s B<\/p>\n","protected":false},"featured_media":411189,"template":"","meta":{"_joinchat":[]},"product_brand":[],"product_cat":[5358,5355,5183],"product_tag":[],"class_list":{"0":"post-320986","1":"product","2":"type-product","3":"status-publish","4":"has-post-thumbnail","6":"product_cat-ofertas-de","7":"product_cat-ofertas","8":"product_cat-garderobenstander-kleiderbugel-uber-der-tur","9":"pa_color-schwarz-schrank-griffe-griffe-wandaufhanger-turhaken-mobelbeine","10":"pa_color-natur-buche-schrank-knauf-griffe-wandaufhanger-turhaken-mobel-beine","11":"pa_color-weis-schrank-griffe-griffe-wandhaken-turhaken-mobelbeine","12":"pa_tendencia-uber-tur-kleiderbugel-wohndeko","14":"first","15":"instock","16":"sale","17":"featured","18":"taxable","19":"shipping-taxable","20":"purchasable","21":"product-type-variable","22":"has-default-attributes","23":"wvs-archive-product-wrapper"},"_links":{"self":[{"href":"https:\/\/www.pomoline.com\/de\/wp-json\/wp\/v2\/product\/320986","targetHints":{"allow":["GET"]}}],"collection":[{"href":"https:\/\/www.pomoline.com\/de\/wp-json\/wp\/v2\/product"}],"about":[{"href":"https:\/\/www.pomoline.com\/de\/wp-json\/wp\/v2\/types\/product"}],"wp:featuredmedia":[{"embeddable":true,"href":"https:\/\/www.pomoline.com\/de\/wp-json\/wp\/v2\/media\/411189"}],"wp:attachment":[{"href":"https:\/\/www.pomoline.com\/de\/wp-json\/wp\/v2\/media?parent=320986"}],"wp:term":[{"taxonomy":"product_brand","embeddable":true,"href":"https:\/\/www.pomoline.com\/de\/wp-json\/wp\/v2\/product_brand?post=320986"},{"taxonomy":"product_cat","embeddable":true,"href":"https:\/\/www.pomoline.com\/de\/wp-json\/wp\/v2\/product_cat?post=320986"},{"taxonomy":"product_tag","embeddable":true,"href":"https:\/\/www.pomoline.com\/de\/wp-json\/wp\/v2\/product_tag?post=320986"}],"curies":[{"name":"wp","href":"https:\/\/api.w.org\/{rel}","templated":true}]}}