{"id":320994,"date":"2024-04-27T12:04:18","date_gmt":"2024-04-27T10:04:18","guid":{"rendered":"https:\/\/www.pomoline.com\/web-pruebas\/producto\/percha-pared-con-pomos-inclinados-inox-nordico-escandinavo-diseno-nordico-escandinavo-mod-9400-c-mod-9400-c\/"},"modified":"2025-03-14T01:16:02","modified_gmt":"2025-03-14T00:16:02","slug":"wandgarderobe-wand-mit-knopfe-schraggestellt-edelstahl-nordisch-skandinavisch-design-nordisch-skandinavisch-mod-9400-c","status":"publish","type":"product","link":"https:\/\/www.pomoline.com\/de\/produkt\/wandgarderobe-wand-mit-knopfe-schraggestellt-edelstahl-nordisch-skandinavisch-design-nordisch-skandinavisch-mod-9400-c\/","title":{"rendered":"WANDGARDEROBE WAND MIT KN\u00d6PFE SCHR\u00c4GGESTELLT EDELSTAHL N\u00d6RDISCH SKANDINAVISCH DESIGN N\u00d6RDISCH SKANDINAVISCH MOD 9400 C"},"content":{"rendered":"<p>Wandgarderobe und Wandaufh\u00e4nger zum Aufh\u00e4ngen von Kleidung, M\u00e4nteln und modischen Accessoires mod 9400 C<\/p>\n","protected":false},"excerpt":{"rendered":"<p>Wandgarderobe und Wandaufh\u00e4nger zum Aufh\u00e4ngen von Kleidung, M\u00e4nteln und modischen Accessoires mod 9400 C<\/p>\n","protected":false},"featured_media":411181,"template":"","meta":{"_joinchat":[]},"product_brand":[],"product_cat":[5358,5355,1005],"product_tag":[],"class_list":{"0":"post-320994","1":"product","2":"type-product","3":"status-publish","4":"has-post-thumbnail","6":"product_cat-ofertas-de","7":"product_cat-ofertas","8":"product_cat-wandgarderobe-hakengarderobe","9":"pa_color-schwarz-schrank-griffe-griffe-wandaufhanger-turhaken-mobelbeine","10":"pa_color-natur-buche-schrank-knauf-griffe-wandaufhanger-turhaken-mobel-beine","11":"pa_color-weis-schrank-griffe-griffe-wandhaken-turhaken-mobelbeine","12":"pa_tendencia-moderne-wandaufhanger-wohnkultur","14":"first","15":"instock","16":"sale","17":"featured","18":"taxable","19":"shipping-taxable","20":"purchasable","21":"product-type-variable","22":"has-default-attributes","23":"wvs-archive-product-wrapper"},"_links":{"self":[{"href":"https:\/\/www.pomoline.com\/de\/wp-json\/wp\/v2\/product\/320994","targetHints":{"allow":["GET"]}}],"collection":[{"href":"https:\/\/www.pomoline.com\/de\/wp-json\/wp\/v2\/product"}],"about":[{"href":"https:\/\/www.pomoline.com\/de\/wp-json\/wp\/v2\/types\/product"}],"wp:featuredmedia":[{"embeddable":true,"href":"https:\/\/www.pomoline.com\/de\/wp-json\/wp\/v2\/media\/411181"}],"wp:attachment":[{"href":"https:\/\/www.pomoline.com\/de\/wp-json\/wp\/v2\/media?parent=320994"}],"wp:term":[{"taxonomy":"product_brand","embeddable":true,"href":"https:\/\/www.pomoline.com\/de\/wp-json\/wp\/v2\/product_brand?post=320994"},{"taxonomy":"product_cat","embeddable":true,"href":"https:\/\/www.pomoline.com\/de\/wp-json\/wp\/v2\/product_cat?post=320994"},{"taxonomy":"product_tag","embeddable":true,"href":"https:\/\/www.pomoline.com\/de\/wp-json\/wp\/v2\/product_tag?post=320994"}],"curies":[{"name":"wp","href":"https:\/\/api.w.org\/{rel}","templated":true}]}}