{"id":321018,"date":"2024-04-27T12:04:51","date_gmt":"2024-04-27T10:04:51","guid":{"rendered":"https:\/\/www.pomoline.com\/web-pruebas\/producto\/percha-pared-piel-sintetica-4-ganchos-metal-mod-9207-mod-9207\/"},"modified":"2025-03-14T01:14:24","modified_gmt":"2025-03-14T00:14:24","slug":"wandgarderobe-wand-leder-kunstleder-4-haken-metall-mod-9207","status":"publish","type":"product","link":"https:\/\/www.pomoline.com\/de\/produkt\/wandgarderobe-wand-leder-kunstleder-4-haken-metall-mod-9207\/","title":{"rendered":"WANDGARDEROBE WAND LEDER KUNSTLEDER 4 HAKEN METALL MOD 9207"},"content":{"rendered":"<p>Wandgarderobe und Wandaufh\u00e4nger zum Aufh\u00e4ngen von Kleidung, M\u00e4nteln und modischen Accessoires f\u00fcr Wohnungen mit modernem Design mod 9207<\/p>\n","protected":false},"excerpt":{"rendered":"<p>Wandgarderobe und Wandaufh\u00e4nger zum Aufh\u00e4ngen von Kleidung, M\u00e4nteln und modischen Accessoires f\u00fcr Wohnungen mit modernem Design mod 9207<\/p>\n","protected":false},"featured_media":411157,"template":"","meta":{"_joinchat":[]},"product_brand":[],"product_cat":[1005],"product_tag":[],"class_list":{"0":"post-321018","1":"product","2":"type-product","3":"status-publish","4":"has-post-thumbnail","6":"product_cat-wandgarderobe-hakengarderobe","7":"pa_color-grau-schrank-knauf-griffe-wandaufhanger-turhaken-mobel-beine","8":"pa_tendencia-moderne-wandaufhanger-wohnkultur","10":"first","11":"outofstock","12":"featured","13":"taxable","14":"shipping-taxable","15":"purchasable","16":"product-type-variable","17":"has-default-attributes","18":"wvs-archive-product-wrapper"},"_links":{"self":[{"href":"https:\/\/www.pomoline.com\/de\/wp-json\/wp\/v2\/product\/321018","targetHints":{"allow":["GET"]}}],"collection":[{"href":"https:\/\/www.pomoline.com\/de\/wp-json\/wp\/v2\/product"}],"about":[{"href":"https:\/\/www.pomoline.com\/de\/wp-json\/wp\/v2\/types\/product"}],"wp:featuredmedia":[{"embeddable":true,"href":"https:\/\/www.pomoline.com\/de\/wp-json\/wp\/v2\/media\/411157"}],"wp:attachment":[{"href":"https:\/\/www.pomoline.com\/de\/wp-json\/wp\/v2\/media?parent=321018"}],"wp:term":[{"taxonomy":"product_brand","embeddable":true,"href":"https:\/\/www.pomoline.com\/de\/wp-json\/wp\/v2\/product_brand?post=321018"},{"taxonomy":"product_cat","embeddable":true,"href":"https:\/\/www.pomoline.com\/de\/wp-json\/wp\/v2\/product_cat?post=321018"},{"taxonomy":"product_tag","embeddable":true,"href":"https:\/\/www.pomoline.com\/de\/wp-json\/wp\/v2\/product_tag?post=321018"}],"curies":[{"name":"wp","href":"https:\/\/api.w.org\/{rel}","templated":true}]}}