{"id":321082,"date":"2024-04-27T12:06:33","date_gmt":"2024-04-27T10:06:33","guid":{"rendered":"https:\/\/www.pomoline.com\/web-pruebas\/producto\/percha-pared-metal-diseno-retro-flamingo-decoracion-flamenco-con-4-ganchos-porcelana-mod-9063-flam\/"},"modified":"2025-03-14T01:09:57","modified_gmt":"2025-03-14T00:09:57","slug":"wandgarderobe-wand-metall-design-retro-flamingo-dekoration-flamingo-mit-4-haken-porzellan","status":"publish","type":"product","link":"https:\/\/www.pomoline.com\/de\/produkt\/wandgarderobe-wand-metall-design-retro-flamingo-dekoration-flamingo-mit-4-haken-porzellan\/","title":{"rendered":"WANDGARDEROBE WAND METALL DESIGN RETRO FLAMINGO DEKORATION FLAMINGO MIT 4 HAKEN PORZELLAN"},"content":{"rendered":"<p>Wandgarderobe aus Metall mit mehreren Mustern und drei passenden Haken aus Porzellan Garderobe mit einem Haken aus Porzellan. Gro\u00dfe Originalit\u00e4t in dieser Sammlung von Flamingozeichnungen, die ein Kinderzimmer schm\u00fccken werden. Alle Garderobenst\u00e4nder enth<\/p>\n","protected":false},"excerpt":{"rendered":"<p>Wandgarderobe aus Metall mit mehreren Mustern und drei passenden Haken aus Porzellan Garderobe mit einem Haken aus Porzellan. Gro\u00dfe Originalit\u00e4t in dieser Sammlung von Flamingozeichnungen, die ein Kinderzimmer schm\u00fccken werden. Alle Garderobenst\u00e4nder enth<\/p>\n","protected":false},"featured_media":411093,"template":"","meta":{"_joinchat":[]},"product_brand":[],"product_cat":[5358,5355,1005],"product_tag":[],"class_list":{"0":"post-321082","1":"product","2":"type-product","3":"status-publish","4":"has-post-thumbnail","6":"product_cat-ofertas-de","7":"product_cat-ofertas","8":"product_cat-wandgarderobe-hakengarderobe","9":"pa_color-weis-schrank-griffe-griffe-wandhaken-turhaken-mobelbeine","10":"pa_tendencia-vintage-wandhanger-wohnkultur","12":"first","13":"instock","14":"sale","15":"featured","16":"taxable","17":"shipping-taxable","18":"purchasable","19":"product-type-variable","20":"has-default-attributes","21":"wvs-archive-product-wrapper"},"_links":{"self":[{"href":"https:\/\/www.pomoline.com\/de\/wp-json\/wp\/v2\/product\/321082","targetHints":{"allow":["GET"]}}],"collection":[{"href":"https:\/\/www.pomoline.com\/de\/wp-json\/wp\/v2\/product"}],"about":[{"href":"https:\/\/www.pomoline.com\/de\/wp-json\/wp\/v2\/types\/product"}],"wp:featuredmedia":[{"embeddable":true,"href":"https:\/\/www.pomoline.com\/de\/wp-json\/wp\/v2\/media\/411093"}],"wp:attachment":[{"href":"https:\/\/www.pomoline.com\/de\/wp-json\/wp\/v2\/media?parent=321082"}],"wp:term":[{"taxonomy":"product_brand","embeddable":true,"href":"https:\/\/www.pomoline.com\/de\/wp-json\/wp\/v2\/product_brand?post=321082"},{"taxonomy":"product_cat","embeddable":true,"href":"https:\/\/www.pomoline.com\/de\/wp-json\/wp\/v2\/product_cat?post=321082"},{"taxonomy":"product_tag","embeddable":true,"href":"https:\/\/www.pomoline.com\/de\/wp-json\/wp\/v2\/product_tag?post=321082"}],"curies":[{"name":"wp","href":"https:\/\/api.w.org\/{rel}","templated":true}]}}