{"id":321102,"date":"2024-04-27T12:07:06","date_gmt":"2024-04-27T10:07:06","guid":{"rendered":"https:\/\/www.pomoline.com\/web-pruebas\/producto\/tirador-asa-mueble-96mm-pintura-negra-cantos-laton-mod-897\/"},"modified":"2025-03-14T01:08:32","modified_gmt":"2025-03-14T00:08:32","slug":"mobelknopf-griff-mobel-96mm-farbe-schwarz-kante-messing","status":"publish","type":"product","link":"https:\/\/www.pomoline.com\/de\/produkt\/mobelknopf-griff-mobel-96mm-farbe-schwarz-kante-messing\/","title":{"rendered":"M\u00d6BELKNOPF GRIFF M\u00d6BEL 96MM FARBE SCHWARZ KANTE MESSING"},"content":{"rendered":"<p>Klassischer M\u00f6belgriff aus naturschwarz lackiertem Metall mit poliertem Touch, erh\u00e4ltlich in verschiedenen Gr\u00f6\u00dfen zwischen den Achsen 96 mm, 128 mm, perfekt f\u00fcr K\u00fcchen- und Wohnzimmerm\u00f6bel, hochwertig und in Europa hergestellt, bietet einen modernen Look<\/p>\n","protected":false},"excerpt":{"rendered":"<p>Klassischer M\u00f6belgriff aus naturschwarz lackiertem Metall mit poliertem Touch, erh\u00e4ltlich in verschiedenen Gr\u00f6\u00dfen zwischen den Achsen 96 mm, 128 mm, perfekt f\u00fcr K\u00fcchen- und Wohnzimmerm\u00f6bel, hochwertig und in Europa hergestellt, bietet einen modernen Look<\/p>\n","protected":false},"featured_media":411073,"template":"","meta":{"_joinchat":[]},"product_brand":[],"product_cat":[5187,3482,957],"product_tag":[],"class_list":{"0":"post-321102","1":"product","2":"type-product","3":"status-publish","4":"has-post-thumbnail","6":"product_cat-mobelgriffe-und-knopfe-fur-schubladen","7":"product_cat-mobelknopfe-griffe-industriemobel-chic-verschlissen-naturholz","8":"product_cat-moderne-kuchengriffe","9":"pa_color-schwarz-schrank-griffe-griffe-wandaufhanger-turhaken-mobelbeine","10":"pa_distancia-agujeros-tornillos-tiradores-96-mm-entre-centros-de-tornillos-cajon-puerta-mueble-de","11":"pa_distancia-agujeros-tornillos-tiradores-128-mm-entre-centros-de-tornillos-cajon-puerta-mueble-de","12":"pa_tendencia-rustikal-mobel-griffe-knaufe","14":"first","15":"instock","16":"featured","17":"taxable","18":"shipping-taxable","19":"purchasable","20":"product-type-variable","21":"has-default-attributes","22":"wvs-archive-product-wrapper"},"_links":{"self":[{"href":"https:\/\/www.pomoline.com\/de\/wp-json\/wp\/v2\/product\/321102","targetHints":{"allow":["GET"]}}],"collection":[{"href":"https:\/\/www.pomoline.com\/de\/wp-json\/wp\/v2\/product"}],"about":[{"href":"https:\/\/www.pomoline.com\/de\/wp-json\/wp\/v2\/types\/product"}],"wp:featuredmedia":[{"embeddable":true,"href":"https:\/\/www.pomoline.com\/de\/wp-json\/wp\/v2\/media\/411073"}],"wp:attachment":[{"href":"https:\/\/www.pomoline.com\/de\/wp-json\/wp\/v2\/media?parent=321102"}],"wp:term":[{"taxonomy":"product_brand","embeddable":true,"href":"https:\/\/www.pomoline.com\/de\/wp-json\/wp\/v2\/product_brand?post=321102"},{"taxonomy":"product_cat","embeddable":true,"href":"https:\/\/www.pomoline.com\/de\/wp-json\/wp\/v2\/product_cat?post=321102"},{"taxonomy":"product_tag","embeddable":true,"href":"https:\/\/www.pomoline.com\/de\/wp-json\/wp\/v2\/product_tag?post=321102"}],"curies":[{"name":"wp","href":"https:\/\/api.w.org\/{rel}","templated":true}]}}