{"id":321106,"date":"2024-04-27T12:07:12","date_gmt":"2024-04-27T10:07:12","guid":{"rendered":"https:\/\/www.pomoline.com\/web-pruebas\/producto\/tirador-asa-mueble-32mm-metal-mod-880\/"},"modified":"2025-03-14T01:08:17","modified_gmt":"2025-03-14T00:08:17","slug":"mobelknopf-griff-mobel-32mm-metall","status":"publish","type":"product","link":"https:\/\/www.pomoline.com\/de\/produkt\/mobelknopf-griff-mobel-32mm-metall\/","title":{"rendered":"M\u00d6BELKNOPF GRIFF M\u00d6BEL 32MM METALL"},"content":{"rendered":"<p>Dieser M\u00f6belknopf M\u00f6belgriff wurde f\u00fcr Schubladen und T\u00fcren moderner Industriem\u00f6bel entwickelt mod 880<\/p>\n","protected":false},"excerpt":{"rendered":"<p>Dieser M\u00f6belknopf M\u00f6belgriff wurde f\u00fcr Schubladen und T\u00fcren moderner Industriem\u00f6bel entwickelt mod 880<\/p>\n","protected":false},"featured_media":411069,"template":"","meta":{"_joinchat":[]},"product_brand":[],"product_cat":[5187,957],"product_tag":[],"class_list":{"0":"post-321106","1":"product","2":"type-product","3":"status-publish","4":"has-post-thumbnail","6":"product_cat-mobelgriffe-und-knopfe-fur-schubladen","7":"product_cat-moderne-kuchengriffe","8":"pa_color-chrom-schrank-knauf-griffe-wandaufhanger-turhaken-mobel-beine","9":"pa_color-geburstetes-nickel-schrank-griffe-griffe-wandaufhanger-turhaken-mobelbeine","10":"pa_color-matt-chrom-schrankgriffe-griffe-wandaufhanger-turhaken-mobelbeine","11":"pa_distancia-agujeros-tornillos-tiradores-32-mm-entre-centros-de-tornillos-cajon-puerta-mueble-de","12":"pa_tendencia-moderne-designer-mobelgriffe","14":"first","15":"instock","16":"featured","17":"taxable","18":"shipping-taxable","19":"purchasable","20":"product-type-variable","21":"has-default-attributes","22":"wvs-archive-product-wrapper"},"_links":{"self":[{"href":"https:\/\/www.pomoline.com\/de\/wp-json\/wp\/v2\/product\/321106","targetHints":{"allow":["GET"]}}],"collection":[{"href":"https:\/\/www.pomoline.com\/de\/wp-json\/wp\/v2\/product"}],"about":[{"href":"https:\/\/www.pomoline.com\/de\/wp-json\/wp\/v2\/types\/product"}],"wp:featuredmedia":[{"embeddable":true,"href":"https:\/\/www.pomoline.com\/de\/wp-json\/wp\/v2\/media\/411069"}],"wp:attachment":[{"href":"https:\/\/www.pomoline.com\/de\/wp-json\/wp\/v2\/media?parent=321106"}],"wp:term":[{"taxonomy":"product_brand","embeddable":true,"href":"https:\/\/www.pomoline.com\/de\/wp-json\/wp\/v2\/product_brand?post=321106"},{"taxonomy":"product_cat","embeddable":true,"href":"https:\/\/www.pomoline.com\/de\/wp-json\/wp\/v2\/product_cat?post=321106"},{"taxonomy":"product_tag","embeddable":true,"href":"https:\/\/www.pomoline.com\/de\/wp-json\/wp\/v2\/product_tag?post=321106"}],"curies":[{"name":"wp","href":"https:\/\/api.w.org\/{rel}","templated":true}]}}