{"id":321110,"date":"2024-04-27T12:07:18","date_gmt":"2024-04-27T10:07:18","guid":{"rendered":"https:\/\/www.pomoline.com\/web-pruebas\/producto\/tirador-asa-mueble-aluminio-32mm-ext-50mm-pintura-mate-mod-857-pint\/"},"modified":"2025-03-14T01:07:58","modified_gmt":"2025-03-14T00:07:58","slug":"mobelknopf-griff-mobel-aluminium-32mm-ext-50mm-farbe-matt","status":"publish","type":"product","link":"https:\/\/www.pomoline.com\/de\/produkt\/mobelknopf-griff-mobel-aluminium-32mm-ext-50mm-farbe-matt\/","title":{"rendered":"M\u00d6BELKNOPF GRIFF M\u00d6BEL ALUMINIUM 32MM EXT.50MM FARBE MATT"},"content":{"rendered":"<p>M\u00f6belgriff, der aus Metall besteht und mit wei\u00dfer oder schwarzer Mattfarbe lackiert ist. Es ist ideal f\u00fcr die K\u00fcche oder um jedem M\u00f6belst\u00fcck, das wir haben, ein modernes Aussehen zu verleihen. Mit seiner Form und seinem Design macht es die Schubladen sehr<\/p>\n","protected":false},"excerpt":{"rendered":"<p>M\u00f6belgriff, der aus Metall besteht und mit wei\u00dfer oder schwarzer Mattfarbe lackiert ist. Es ist ideal f\u00fcr die K\u00fcche oder um jedem M\u00f6belst\u00fcck, das wir haben, ein modernes Aussehen zu verleihen. Mit seiner Form und seinem Design macht es die Schubladen sehr<\/p>\n","protected":false},"featured_media":411065,"template":"","meta":{"_joinchat":[]},"product_brand":[],"product_cat":[5187,3482,957],"product_tag":[],"class_list":{"0":"post-321110","1":"product","2":"type-product","3":"status-publish","4":"has-post-thumbnail","6":"product_cat-mobelgriffe-und-knopfe-fur-schubladen","7":"product_cat-mobelknopfe-griffe-industriemobel-chic-verschlissen-naturholz","8":"product_cat-moderne-kuchengriffe","9":"pa_color-schwarz-schrank-griffe-griffe-wandaufhanger-turhaken-mobelbeine","10":"pa_color-weis-schrank-griffe-griffe-wandhaken-turhaken-mobelbeine","11":"pa_distancia-agujeros-tornillos-tiradores-32-mm-entre-centros-de-tornillos-cajon-puerta-mueble-de","12":"pa_distancia-agujeros-tornillos-tiradores-64-mm-entre-centros-de-tornillos-cajon-puerta-mueble-de","13":"pa_distancia-agujeros-tornillos-tiradores-96-mm-entre-centros-de-tornillos-cajon-puerta-mueble-de","14":"pa_distancia-agujeros-tornillos-tiradores-128-mm-entre-centros-de-tornillos-cajon-puerta-mueble-de","15":"pa_distancia-agujeros-tornillos-tiradores-160-mm-entre-centros-de-tornillos-cajon-puerta-mueble-de","16":"pa_distancia-agujeros-tornillos-tiradores-192-mm-entre-centros-de-tornillos-cajon-puerta-mueble-de","17":"pa_tendencia-moderne-designer-mobelgriffe","18":"pa_tendencia-kuchenschrank-griffe-mobel","20":"first","21":"instock","22":"featured","23":"taxable","24":"shipping-taxable","25":"purchasable","26":"product-type-variable","27":"has-default-attributes","28":"wvs-archive-product-wrapper"},"_links":{"self":[{"href":"https:\/\/www.pomoline.com\/de\/wp-json\/wp\/v2\/product\/321110","targetHints":{"allow":["GET"]}}],"collection":[{"href":"https:\/\/www.pomoline.com\/de\/wp-json\/wp\/v2\/product"}],"about":[{"href":"https:\/\/www.pomoline.com\/de\/wp-json\/wp\/v2\/types\/product"}],"wp:featuredmedia":[{"embeddable":true,"href":"https:\/\/www.pomoline.com\/de\/wp-json\/wp\/v2\/media\/411065"}],"wp:attachment":[{"href":"https:\/\/www.pomoline.com\/de\/wp-json\/wp\/v2\/media?parent=321110"}],"wp:term":[{"taxonomy":"product_brand","embeddable":true,"href":"https:\/\/www.pomoline.com\/de\/wp-json\/wp\/v2\/product_brand?post=321110"},{"taxonomy":"product_cat","embeddable":true,"href":"https:\/\/www.pomoline.com\/de\/wp-json\/wp\/v2\/product_cat?post=321110"},{"taxonomy":"product_tag","embeddable":true,"href":"https:\/\/www.pomoline.com\/de\/wp-json\/wp\/v2\/product_tag?post=321110"}],"curies":[{"name":"wp","href":"https:\/\/api.w.org\/{rel}","templated":true}]}}