{"id":321126,"date":"2024-04-27T12:07:49","date_gmt":"2024-04-27T10:07:49","guid":{"rendered":"https:\/\/www.pomoline.com\/web-pruebas\/producto\/pata-de-mueble-redonda-30mm-h100mm-acero-mod-5095\/"},"modified":"2025-03-14T01:07:09","modified_gmt":"2025-03-14T00:07:09","slug":"bein-aus-mobel-rund-30mm-h100mm-stahl","status":"publish","type":"product","link":"https:\/\/www.pomoline.com\/de\/produkt\/bein-aus-mobel-rund-30mm-h100mm-stahl\/","title":{"rendered":"BEIN AUS M\u00d6BEL RUND 30MM H100MM STAHL"},"content":{"rendered":"<p>Design von Beinen f\u00fcr Tisch und M\u00f6bel im modernen Stil mod 5095<\/p>\n","protected":false},"excerpt":{"rendered":"<p>Design von Beinen f\u00fcr Tisch und M\u00f6bel im modernen Stil mod 5095<\/p>\n","protected":false},"featured_media":411052,"template":"","meta":{"_joinchat":[]},"product_brand":[],"product_cat":[1017],"product_tag":[],"class_list":{"0":"post-321126","1":"product","2":"type-product","3":"status-publish","4":"has-post-thumbnail","6":"product_cat-mobelbeine-stahl-holz-kunststoff-stahl-fusse-regulierschrauben-tisch","7":"pa_color-schwarz-schrank-griffe-griffe-wandaufhanger-turhaken-mobelbeine","8":"pa_color-weis-schrank-griffe-griffe-wandhaken-turhaken-mobelbeine","9":"pa_color-chrom-schrank-knauf-griffe-wandaufhanger-turhaken-mobel-beine","10":"pa_color-matt-chrom-schrankgriffe-griffe-wandaufhanger-turhaken-mobelbeine","11":"pa_tendencia-mobelbeine-fur-kuchenschrank","12":"pa_tendencia-tischbeine","14":"first","15":"instock","16":"featured","17":"taxable","18":"shipping-taxable","19":"purchasable","20":"product-type-variable","21":"has-default-attributes","22":"wvs-archive-product-wrapper"},"_links":{"self":[{"href":"https:\/\/www.pomoline.com\/de\/wp-json\/wp\/v2\/product\/321126","targetHints":{"allow":["GET"]}}],"collection":[{"href":"https:\/\/www.pomoline.com\/de\/wp-json\/wp\/v2\/product"}],"about":[{"href":"https:\/\/www.pomoline.com\/de\/wp-json\/wp\/v2\/types\/product"}],"wp:featuredmedia":[{"embeddable":true,"href":"https:\/\/www.pomoline.com\/de\/wp-json\/wp\/v2\/media\/411052"}],"wp:attachment":[{"href":"https:\/\/www.pomoline.com\/de\/wp-json\/wp\/v2\/media?parent=321126"}],"wp:term":[{"taxonomy":"product_brand","embeddable":true,"href":"https:\/\/www.pomoline.com\/de\/wp-json\/wp\/v2\/product_brand?post=321126"},{"taxonomy":"product_cat","embeddable":true,"href":"https:\/\/www.pomoline.com\/de\/wp-json\/wp\/v2\/product_cat?post=321126"},{"taxonomy":"product_tag","embeddable":true,"href":"https:\/\/www.pomoline.com\/de\/wp-json\/wp\/v2\/product_tag?post=321126"}],"curies":[{"name":"wp","href":"https:\/\/api.w.org\/{rel}","templated":true}]}}