{"id":321130,"date":"2024-04-27T12:07:55","date_gmt":"2024-04-27T10:07:55","guid":{"rendered":"https:\/\/www.pomoline.com\/web-pruebas\/producto\/pata-inclinada-conica-150mm-metal-mueble-nordico-escandinavo-mod-5091\/"},"modified":"2025-03-14T01:06:51","modified_gmt":"2025-03-14T00:06:51","slug":"bein-schraggestellt-konisch-150mm-metall-mobel-nordisch-skandinavisch","status":"publish","type":"product","link":"https:\/\/www.pomoline.com\/de\/produkt\/bein-schraggestellt-konisch-150mm-metall-mobel-nordisch-skandinavisch\/","title":{"rendered":"BEIN SCHR\u00c4GGESTELLT KONISCH 150MM METALL M\u00d6BEL N\u00d6RDISCH SKANDINAVISCH"},"content":{"rendered":"<p>Design von Beinen f\u00fcr Tisch und M\u00f6bel im modernen, nordischen, skandinavischen Stil mod 5091<\/p>\n","protected":false},"excerpt":{"rendered":"<p>Design von Beinen f\u00fcr Tisch und M\u00f6bel im modernen, nordischen, skandinavischen Stil mod 5091<\/p>\n","protected":false},"featured_media":411048,"template":"","meta":{"_joinchat":[]},"product_brand":[],"product_cat":[1017],"product_tag":[],"class_list":{"0":"post-321130","1":"product","2":"type-product","3":"status-publish","4":"has-post-thumbnail","6":"product_cat-mobelbeine-stahl-holz-kunststoff-stahl-fusse-regulierschrauben-tisch","7":"pa_color-schwarz-schrank-griffe-griffe-wandaufhanger-turhaken-mobelbeine","8":"pa_color-natur-buche-schrank-knauf-griffe-wandaufhanger-turhaken-mobel-beine","9":"pa_color-weis-schrank-griffe-griffe-wandhaken-turhaken-mobelbeine","10":"pa_color-gold-schrank-knauf-griffe-wandaufhanger-turhaken-mobel-beine","11":"pa_tendencia-nordisch-skandinavische-mobelbeine","13":"first","14":"instock","15":"featured","16":"taxable","17":"shipping-taxable","18":"purchasable","19":"product-type-variable","20":"has-default-attributes","21":"wvs-archive-product-wrapper"},"_links":{"self":[{"href":"https:\/\/www.pomoline.com\/de\/wp-json\/wp\/v2\/product\/321130","targetHints":{"allow":["GET"]}}],"collection":[{"href":"https:\/\/www.pomoline.com\/de\/wp-json\/wp\/v2\/product"}],"about":[{"href":"https:\/\/www.pomoline.com\/de\/wp-json\/wp\/v2\/types\/product"}],"wp:featuredmedia":[{"embeddable":true,"href":"https:\/\/www.pomoline.com\/de\/wp-json\/wp\/v2\/media\/411048"}],"wp:attachment":[{"href":"https:\/\/www.pomoline.com\/de\/wp-json\/wp\/v2\/media?parent=321130"}],"wp:term":[{"taxonomy":"product_brand","embeddable":true,"href":"https:\/\/www.pomoline.com\/de\/wp-json\/wp\/v2\/product_brand?post=321130"},{"taxonomy":"product_cat","embeddable":true,"href":"https:\/\/www.pomoline.com\/de\/wp-json\/wp\/v2\/product_cat?post=321130"},{"taxonomy":"product_tag","embeddable":true,"href":"https:\/\/www.pomoline.com\/de\/wp-json\/wp\/v2\/product_tag?post=321130"}],"curies":[{"name":"wp","href":"https:\/\/api.w.org\/{rel}","templated":true}]}}