{"id":321134,"date":"2024-04-27T12:08:05","date_gmt":"2024-04-27T10:08:05","guid":{"rendered":"https:\/\/www.pomoline.com\/web-pruebas\/producto\/pata-recta-conica-150mm-metal-mueble-nordico-escandinavo-mod-5090\/"},"modified":"2025-03-14T01:06:36","modified_gmt":"2025-03-14T00:06:36","slug":"bein-konisch-straight-150mm-metall-mobel-nordisch-skandinavisch","status":"publish","type":"product","link":"https:\/\/www.pomoline.com\/de\/produkt\/bein-konisch-straight-150mm-metall-mobel-nordisch-skandinavisch\/","title":{"rendered":"BEIN KONISCH STRAIGHT 150MM METALL M\u00d6BEL N\u00d6RDISCH SKANDINAVISCH"},"content":{"rendered":"<p>Design von Beinen f\u00fcr Tisch und M\u00f6bel im modernen, nordischen, skandinavischen Stil mod 5090<\/p>\n","protected":false},"excerpt":{"rendered":"<p>Design von Beinen f\u00fcr Tisch und M\u00f6bel im modernen, nordischen, skandinavischen Stil mod 5090<\/p>\n","protected":false},"featured_media":411044,"template":"","meta":{"_joinchat":[]},"product_brand":[],"product_cat":[1017],"product_tag":[],"class_list":{"0":"post-321134","1":"product","2":"type-product","3":"status-publish","4":"has-post-thumbnail","6":"product_cat-mobelbeine-stahl-holz-kunststoff-stahl-fusse-regulierschrauben-tisch","7":"pa_color-schwarz-schrank-griffe-griffe-wandaufhanger-turhaken-mobelbeine","8":"pa_color-weis-schrank-griffe-griffe-wandhaken-turhaken-mobelbeine","9":"pa_color-gold-schrank-knauf-griffe-wandaufhanger-turhaken-mobel-beine","10":"pa_tendencia-nordisch-skandinavische-mobelbeine","12":"first","13":"instock","14":"featured","15":"taxable","16":"shipping-taxable","17":"purchasable","18":"product-type-variable","19":"has-default-attributes","20":"wvs-archive-product-wrapper"},"_links":{"self":[{"href":"https:\/\/www.pomoline.com\/de\/wp-json\/wp\/v2\/product\/321134","targetHints":{"allow":["GET"]}}],"collection":[{"href":"https:\/\/www.pomoline.com\/de\/wp-json\/wp\/v2\/product"}],"about":[{"href":"https:\/\/www.pomoline.com\/de\/wp-json\/wp\/v2\/types\/product"}],"wp:featuredmedia":[{"embeddable":true,"href":"https:\/\/www.pomoline.com\/de\/wp-json\/wp\/v2\/media\/411044"}],"wp:attachment":[{"href":"https:\/\/www.pomoline.com\/de\/wp-json\/wp\/v2\/media?parent=321134"}],"wp:term":[{"taxonomy":"product_brand","embeddable":true,"href":"https:\/\/www.pomoline.com\/de\/wp-json\/wp\/v2\/product_brand?post=321134"},{"taxonomy":"product_cat","embeddable":true,"href":"https:\/\/www.pomoline.com\/de\/wp-json\/wp\/v2\/product_cat?post=321134"},{"taxonomy":"product_tag","embeddable":true,"href":"https:\/\/www.pomoline.com\/de\/wp-json\/wp\/v2\/product_tag?post=321134"}],"curies":[{"name":"wp","href":"https:\/\/api.w.org\/{rel}","templated":true}]}}