{"id":321138,"date":"2024-04-27T12:08:15","date_gmt":"2024-04-27T10:08:15","guid":{"rendered":"https:\/\/www.pomoline.com\/web-pruebas\/producto\/pomo-mueble-37mm-madera-con-tela-antimanchas-mod-450-tela\/"},"modified":"2025-03-14T01:06:19","modified_gmt":"2025-03-14T00:06:19","slug":"knopf-mobel-37mm-holz-mit-stoff-anti-flecken","status":"publish","type":"product","link":"https:\/\/www.pomoline.com\/de\/produkt\/knopf-mobel-37mm-holz-mit-stoff-anti-flecken\/","title":{"rendered":"KNOPF M\u00d6BEL 37MM HOLZ MIT STOFF ANTI-FLECKEN"},"content":{"rendered":"<p>Dieser M\u00f6belknopf M\u00f6belgriff wurde f\u00fcr Schubladen und T\u00fcren der Kinder Babym\u00f6bel entwickelt mod 450 TELA<\/p>\n","protected":false},"excerpt":{"rendered":"<p>Dieser M\u00f6belknopf M\u00f6belgriff wurde f\u00fcr Schubladen und T\u00fcren der Kinder Babym\u00f6bel entwickelt mod 450 TELA<\/p>\n","protected":false},"featured_media":411040,"template":"","meta":{"_joinchat":[]},"product_brand":[],"product_cat":[993],"product_tag":[],"class_list":{"0":"post-321138","1":"product","2":"type-product","3":"status-publish","4":"has-post-thumbnail","6":"product_cat-knopfe-kindermobel-baby-schubladen","7":"pa_color-grun-schrank-griffe-griffe-wandaufhanger-turhaken-mobel-beine","8":"pa_color-weis-schrank-griffe-griffe-wandhaken-turhaken-mobelbeine","9":"pa_color-braun-schrank-griffe-griffe-wandaufhanger-turhaken-mobel-beine","10":"pa_color-knochen-schrank-knaufe-griffe-wandaufhanger-turhaken-mobelbeine","11":"pa_color-rot-schrank-knauf-griffe-wandaufhanger-turhaken-mobel-beine","12":"pa_color-sand-schrank-griffe-griffe-wandhaken-turhaken-mobel-beine","13":"pa_tendencia-baby-schrank-griffe-mobel-griffe-fur-kinder-kind","15":"first","16":"instock","17":"featured","18":"taxable","19":"shipping-taxable","20":"purchasable","21":"product-type-variable","22":"has-default-attributes","23":"wvs-archive-product-wrapper"},"_links":{"self":[{"href":"https:\/\/www.pomoline.com\/de\/wp-json\/wp\/v2\/product\/321138","targetHints":{"allow":["GET"]}}],"collection":[{"href":"https:\/\/www.pomoline.com\/de\/wp-json\/wp\/v2\/product"}],"about":[{"href":"https:\/\/www.pomoline.com\/de\/wp-json\/wp\/v2\/types\/product"}],"wp:featuredmedia":[{"embeddable":true,"href":"https:\/\/www.pomoline.com\/de\/wp-json\/wp\/v2\/media\/411040"}],"wp:attachment":[{"href":"https:\/\/www.pomoline.com\/de\/wp-json\/wp\/v2\/media?parent=321138"}],"wp:term":[{"taxonomy":"product_brand","embeddable":true,"href":"https:\/\/www.pomoline.com\/de\/wp-json\/wp\/v2\/product_brand?post=321138"},{"taxonomy":"product_cat","embeddable":true,"href":"https:\/\/www.pomoline.com\/de\/wp-json\/wp\/v2\/product_cat?post=321138"},{"taxonomy":"product_tag","embeddable":true,"href":"https:\/\/www.pomoline.com\/de\/wp-json\/wp\/v2\/product_tag?post=321138"}],"curies":[{"name":"wp","href":"https:\/\/api.w.org\/{rel}","templated":true}]}}