{"id":321146,"date":"2024-04-27T12:08:29","date_gmt":"2024-04-27T10:08:29","guid":{"rendered":"https:\/\/www.pomoline.com\/web-pruebas\/producto\/pomo-mueble-bebe-circulo-50mm-madera-abedul-pintura-arena-mod-443m\/"},"modified":"2025-03-14T01:05:46","modified_gmt":"2025-03-14T00:05:46","slug":"knopf-mobel-baby-kreis-50mm-holz-birke-farbe-sand","status":"publish","type":"product","link":"https:\/\/www.pomoline.com\/de\/produkt\/knopf-mobel-baby-kreis-50mm-holz-birke-farbe-sand\/","title":{"rendered":"KNOPF M\u00d6BEL BABY KREIS 50MM HOLZ BIRKE FARBE SAND"},"content":{"rendered":"<p>Sch\u00f6ner Kinderm\u00f6belgriff. Ideal f\u00fcr alle Arten von M\u00f6beln und Kleiderschr\u00e4nken, eine neue Kollektion, bei der die Kanten aus Birkenholz sind, sehr modisch, mit einer romantischen Ausstrahlung, die Kinder lieben werden. Die Kanten sind abgerundet, um St\u00f6\u00dfe<\/p>\n","protected":false},"excerpt":{"rendered":"<p>Sch\u00f6ner Kinderm\u00f6belgriff. Ideal f\u00fcr alle Arten von M\u00f6beln und Kleiderschr\u00e4nken, eine neue Kollektion, bei der die Kanten aus Birkenholz sind, sehr modisch, mit einer romantischen Ausstrahlung, die Kinder lieben werden. Die Kanten sind abgerundet, um St\u00f6\u00dfe<\/p>\n","protected":false},"featured_media":411032,"template":"","meta":{"_joinchat":[]},"product_brand":[],"product_cat":[993],"product_tag":[],"class_list":{"0":"post-321146","1":"product","2":"type-product","3":"status-publish","4":"has-post-thumbnail","6":"product_cat-knopfe-kindermobel-baby-schubladen","7":"pa_color-natur-buche-schrank-knauf-griffe-wandaufhanger-turhaken-mobel-beine","8":"pa_color-weis-schrank-griffe-griffe-wandhaken-turhaken-mobelbeine","9":"pa_color-grau-schrank-knauf-griffe-wandaufhanger-turhaken-mobel-beine","10":"pa_color-hellblau-schrankgriffe-griffe-wandaufhanger-turhaken-mobelbeine","11":"pa_color-pink-schrank-knauf-griffe-wandaufhanger-turhaken-mobel-beine","12":"pa_color-sand-schrank-griffe-griffe-wandhaken-turhaken-mobel-beine","13":"pa_tendencia-baby-schrank-griffe-mobel-griffe-fur-kinder-kind","15":"first","16":"instock","17":"featured","18":"taxable","19":"shipping-taxable","20":"purchasable","21":"product-type-variable","22":"has-default-attributes","23":"wvs-archive-product-wrapper"},"_links":{"self":[{"href":"https:\/\/www.pomoline.com\/de\/wp-json\/wp\/v2\/product\/321146","targetHints":{"allow":["GET"]}}],"collection":[{"href":"https:\/\/www.pomoline.com\/de\/wp-json\/wp\/v2\/product"}],"about":[{"href":"https:\/\/www.pomoline.com\/de\/wp-json\/wp\/v2\/types\/product"}],"wp:featuredmedia":[{"embeddable":true,"href":"https:\/\/www.pomoline.com\/de\/wp-json\/wp\/v2\/media\/411032"}],"wp:attachment":[{"href":"https:\/\/www.pomoline.com\/de\/wp-json\/wp\/v2\/media?parent=321146"}],"wp:term":[{"taxonomy":"product_brand","embeddable":true,"href":"https:\/\/www.pomoline.com\/de\/wp-json\/wp\/v2\/product_brand?post=321146"},{"taxonomy":"product_cat","embeddable":true,"href":"https:\/\/www.pomoline.com\/de\/wp-json\/wp\/v2\/product_cat?post=321146"},{"taxonomy":"product_tag","embeddable":true,"href":"https:\/\/www.pomoline.com\/de\/wp-json\/wp\/v2\/product_tag?post=321146"}],"curies":[{"name":"wp","href":"https:\/\/api.w.org\/{rel}","templated":true}]}}