{"id":321154,"date":"2024-04-27T12:08:38","date_gmt":"2024-04-27T10:08:38","guid":{"rendered":"https:\/\/www.pomoline.com\/web-pruebas\/producto\/pomo-mueble-bebe-luna-66mm-madera-abedul-natural-mod-441m\/"},"modified":"2025-03-14T01:05:14","modified_gmt":"2025-03-14T00:05:14","slug":"knopf-mobel-baby-mond-66mm-holz-birke-natur","status":"publish","type":"product","link":"https:\/\/www.pomoline.com\/de\/produkt\/knopf-mobel-baby-mond-66mm-holz-birke-natur\/","title":{"rendered":"KNOPF M\u00d6BEL BABY MOND 66MM HOLZ BIRKE NATUR"},"content":{"rendered":"<p>Dieser M\u00f6belknopf M\u00f6belgriff wurde f\u00fcr Schubladen und T\u00fcren der Kinder Babym\u00f6bel entwickelt mod 441M<\/p>\n","protected":false},"excerpt":{"rendered":"<p>Dieser M\u00f6belknopf M\u00f6belgriff wurde f\u00fcr Schubladen und T\u00fcren der Kinder Babym\u00f6bel entwickelt mod 441M<\/p>\n","protected":false},"featured_media":411024,"template":"","meta":{"_joinchat":[]},"product_brand":[],"product_cat":[993],"product_tag":[],"class_list":{"0":"post-321154","1":"product","2":"type-product","3":"status-publish","4":"has-post-thumbnail","6":"product_cat-knopfe-kindermobel-baby-schubladen","7":"pa_color-natur-buche-schrank-knauf-griffe-wandaufhanger-turhaken-mobel-beine","8":"pa_color-weis-schrank-griffe-griffe-wandhaken-turhaken-mobelbeine","9":"pa_color-grau-schrank-knauf-griffe-wandaufhanger-turhaken-mobel-beine","10":"pa_color-hellblau-schrankgriffe-griffe-wandaufhanger-turhaken-mobelbeine","11":"pa_color-pink-schrank-knauf-griffe-wandaufhanger-turhaken-mobel-beine","12":"pa_color-sand-schrank-griffe-griffe-wandhaken-turhaken-mobel-beine","13":"pa_tendencia-baby-schrank-griffe-mobel-griffe-fur-kinder-kind","15":"first","16":"instock","17":"featured","18":"taxable","19":"shipping-taxable","20":"purchasable","21":"product-type-variable","22":"has-default-attributes","23":"wvs-archive-product-wrapper"},"_links":{"self":[{"href":"https:\/\/www.pomoline.com\/de\/wp-json\/wp\/v2\/product\/321154","targetHints":{"allow":["GET"]}}],"collection":[{"href":"https:\/\/www.pomoline.com\/de\/wp-json\/wp\/v2\/product"}],"about":[{"href":"https:\/\/www.pomoline.com\/de\/wp-json\/wp\/v2\/types\/product"}],"wp:featuredmedia":[{"embeddable":true,"href":"https:\/\/www.pomoline.com\/de\/wp-json\/wp\/v2\/media\/411024"}],"wp:attachment":[{"href":"https:\/\/www.pomoline.com\/de\/wp-json\/wp\/v2\/media?parent=321154"}],"wp:term":[{"taxonomy":"product_brand","embeddable":true,"href":"https:\/\/www.pomoline.com\/de\/wp-json\/wp\/v2\/product_brand?post=321154"},{"taxonomy":"product_cat","embeddable":true,"href":"https:\/\/www.pomoline.com\/de\/wp-json\/wp\/v2\/product_cat?post=321154"},{"taxonomy":"product_tag","embeddable":true,"href":"https:\/\/www.pomoline.com\/de\/wp-json\/wp\/v2\/product_tag?post=321154"}],"curies":[{"name":"wp","href":"https:\/\/api.w.org\/{rel}","templated":true}]}}