{"id":321166,"date":"2024-04-27T12:08:55","date_gmt":"2024-04-27T10:08:55","guid":{"rendered":"https:\/\/www.pomoline.com\/web-pruebas\/producto\/pomo-cajon-mueble-44mm-haya-lacada-mod-405\/"},"modified":"2025-03-14T01:04:23","modified_gmt":"2025-03-14T00:04:23","slug":"knopf-schublade-mobel-44mm-buche-lackiert","status":"publish","type":"product","link":"https:\/\/www.pomoline.com\/de\/produkt\/knopf-schublade-mobel-44mm-buche-lackiert\/","title":{"rendered":"KNOPF SCHUBLADE M\u00d6BEL 44MM BUCHE LACKIERT"},"content":{"rendered":"<p>M\u00f6belknauf aus Holz in runder Form und mehreren Oberfl\u00e4chen, wei\u00df, Buche natur, Buche roh, Honigbuche und Nussbaum. billig und sehr langlebig, es l\u00e4sst sich mit allen Arten von M\u00f6beln und Kommoden kombinieren. G\u00fcltig f\u00fcr die Platzierung in jedem Raum des<\/p>\n","protected":false},"excerpt":{"rendered":"<p>M\u00f6belknauf aus Holz in runder Form und mehreren Oberfl\u00e4chen, wei\u00df, Buche natur, Buche roh, Honigbuche und Nussbaum. billig und sehr langlebig, es l\u00e4sst sich mit allen Arten von M\u00f6beln und Kommoden kombinieren. G\u00fcltig f\u00fcr die Platzierung in jedem Raum des<\/p>\n","protected":false},"featured_media":411012,"template":"","meta":{"_joinchat":[]},"product_brand":[],"product_cat":[5187,989],"product_tag":[],"class_list":{"0":"post-321166","1":"product","2":"type-product","3":"status-publish","4":"has-post-thumbnail","6":"product_cat-mobelgriffe-und-knopfe-fur-schubladen","7":"product_cat-mobelknopfe-lackiertes-beizen-holz-griffe-kindermobel-klassische-mobel","8":"pa_color-natur-buche-schrank-knauf-griffe-wandaufhanger-turhaken-mobel-beine","9":"pa_color-weis-schrank-griffe-griffe-wandhaken-turhaken-mobelbeine","10":"pa_color-buche-honig-schrank-knopfe-griffe-wandhanger-turhaken-mobelbeine","11":"pa_color-nussbaum-schrank-knopfe-griffe-wandaufhanger-turhaken-mobelbeine","12":"pa_color-rohholz-schrank-knauf-griffe-wandaufhanger-turhaken-mobel-beine","13":"pa_color-weis-decape-schrankgriffe-griffe-wandhaken-turhaken-mobelbeine","14":"pa_tendencia-holzgriffe-und-knauf-fur-mobel","16":"first","17":"instock","18":"featured","19":"taxable","20":"shipping-taxable","21":"purchasable","22":"product-type-variable","23":"has-default-attributes","24":"wvs-archive-product-wrapper"},"_links":{"self":[{"href":"https:\/\/www.pomoline.com\/de\/wp-json\/wp\/v2\/product\/321166","targetHints":{"allow":["GET"]}}],"collection":[{"href":"https:\/\/www.pomoline.com\/de\/wp-json\/wp\/v2\/product"}],"about":[{"href":"https:\/\/www.pomoline.com\/de\/wp-json\/wp\/v2\/types\/product"}],"wp:featuredmedia":[{"embeddable":true,"href":"https:\/\/www.pomoline.com\/de\/wp-json\/wp\/v2\/media\/411012"}],"wp:attachment":[{"href":"https:\/\/www.pomoline.com\/de\/wp-json\/wp\/v2\/media?parent=321166"}],"wp:term":[{"taxonomy":"product_brand","embeddable":true,"href":"https:\/\/www.pomoline.com\/de\/wp-json\/wp\/v2\/product_brand?post=321166"},{"taxonomy":"product_cat","embeddable":true,"href":"https:\/\/www.pomoline.com\/de\/wp-json\/wp\/v2\/product_cat?post=321166"},{"taxonomy":"product_tag","embeddable":true,"href":"https:\/\/www.pomoline.com\/de\/wp-json\/wp\/v2\/product_tag?post=321166"}],"curies":[{"name":"wp","href":"https:\/\/api.w.org\/{rel}","templated":true}]}}