{"id":321182,"date":"2024-04-27T12:09:24","date_gmt":"2024-04-27T10:09:24","guid":{"rendered":"https:\/\/www.pomoline.com\/web-pruebas\/producto\/pomo-mueble-rustico-38mm-ceramica-plata-mod-1080\/"},"modified":"2025-03-14T01:03:15","modified_gmt":"2025-03-14T00:03:15","slug":"knopf-mobel-rustikal-38mm-keramik-silber","status":"publish","type":"product","link":"https:\/\/www.pomoline.com\/de\/produkt\/knopf-mobel-rustikal-38mm-keramik-silber\/","title":{"rendered":"KNOPF M\u00d6BEL RUSTIKAL 38MM KERAMIK SILBER"},"content":{"rendered":"<p>Origineller Keramik-M\u00f6belknopf in Craquel\u00e9 und gl\u00e4nzendem Metall mit abgerundeter Form, ideal f\u00fcr alle hochwertigen M\u00f6bel und hergestellt in Europa, verleiht Ihren M\u00f6beln eine besondere Note.Inklusive der 2,5 cm langen Schraube zur Befestigung.<\/p>\n","protected":false},"excerpt":{"rendered":"<p>Origineller Keramik-M\u00f6belknopf in Craquel\u00e9 und gl\u00e4nzendem Metall mit abgerundeter Form, ideal f\u00fcr alle hochwertigen M\u00f6bel und hergestellt in Europa, verleiht Ihren M\u00f6beln eine besondere Note.Inklusive der 2,5 cm langen Schraube zur Befestigung.<\/p>\n","protected":false},"featured_media":410996,"template":"","meta":{"_joinchat":[]},"product_brand":[],"product_cat":[985,5187],"product_tag":[],"class_list":{"0":"post-321182","1":"product","2":"type-product","3":"status-publish","4":"has-post-thumbnail","6":"product_cat-porzellanknaufe-mobelknaufen","7":"product_cat-mobelgriffe-und-knopfe-fur-schubladen","8":"pa_color-weis-schrank-griffe-griffe-wandhaken-turhaken-mobelbeine","9":"pa_tendencia-klassische-porzellan-knopfe-fur-mobel","11":"first","12":"instock","13":"featured","14":"taxable","15":"shipping-taxable","16":"purchasable","17":"product-type-variable","18":"has-default-attributes","19":"wvs-archive-product-wrapper"},"_links":{"self":[{"href":"https:\/\/www.pomoline.com\/de\/wp-json\/wp\/v2\/product\/321182","targetHints":{"allow":["GET"]}}],"collection":[{"href":"https:\/\/www.pomoline.com\/de\/wp-json\/wp\/v2\/product"}],"about":[{"href":"https:\/\/www.pomoline.com\/de\/wp-json\/wp\/v2\/types\/product"}],"wp:featuredmedia":[{"embeddable":true,"href":"https:\/\/www.pomoline.com\/de\/wp-json\/wp\/v2\/media\/410996"}],"wp:attachment":[{"href":"https:\/\/www.pomoline.com\/de\/wp-json\/wp\/v2\/media?parent=321182"}],"wp:term":[{"taxonomy":"product_brand","embeddable":true,"href":"https:\/\/www.pomoline.com\/de\/wp-json\/wp\/v2\/product_brand?post=321182"},{"taxonomy":"product_cat","embeddable":true,"href":"https:\/\/www.pomoline.com\/de\/wp-json\/wp\/v2\/product_cat?post=321182"},{"taxonomy":"product_tag","embeddable":true,"href":"https:\/\/www.pomoline.com\/de\/wp-json\/wp\/v2\/product_tag?post=321182"}],"curies":[{"name":"wp","href":"https:\/\/api.w.org\/{rel}","templated":true}]}}