{"id":321190,"date":"2024-04-27T12:09:37","date_gmt":"2024-04-27T10:09:37","guid":{"rendered":"https:\/\/www.pomoline.com\/web-pruebas\/producto\/pomo-mueble-clasico-40mm-resina-hueso-mod-1078\/"},"modified":"2025-03-14T01:02:43","modified_gmt":"2025-03-14T00:02:43","slug":"knopf-mobel-klassisch-40mm-harz-knochen","status":"publish","type":"product","link":"https:\/\/www.pomoline.com\/de\/produkt\/knopf-mobel-klassisch-40mm-harz-knochen\/","title":{"rendered":"KNOPF M\u00d6BEL KLASSISCH 40MM HARZ KNOCHEN"},"content":{"rendered":"<p>Dieser M\u00f6belknopf M\u00f6belgriff wurde f\u00fcr Schubladen und T\u00fcren von klassischen vintage M\u00f6beln entwickelt mod 1078<\/p>\n","protected":false},"excerpt":{"rendered":"<p>Dieser M\u00f6belknopf M\u00f6belgriff wurde f\u00fcr Schubladen und T\u00fcren von klassischen vintage M\u00f6beln entwickelt mod 1078<\/p>\n","protected":false},"featured_media":410988,"template":"","meta":{"_joinchat":[]},"product_brand":[],"product_cat":[5187,973],"product_tag":[],"class_list":{"0":"post-321190","1":"product","2":"type-product","3":"status-publish","4":"has-post-thumbnail","6":"product_cat-mobelgriffe-und-knopfe-fur-schubladen","7":"product_cat-knopfe-geschliffenes-horn-mobelknopfe-knochen-perlmutt-rustikale-ethnische","8":"pa_color-knochen-schrank-knaufe-griffe-wandaufhanger-turhaken-mobelbeine","9":"pa_tendencia-ethno-schrank-griffe-und-knopfe","11":"first","12":"instock","13":"featured","14":"taxable","15":"shipping-taxable","16":"purchasable","17":"product-type-variable","18":"has-default-attributes","19":"wvs-archive-product-wrapper"},"_links":{"self":[{"href":"https:\/\/www.pomoline.com\/de\/wp-json\/wp\/v2\/product\/321190","targetHints":{"allow":["GET"]}}],"collection":[{"href":"https:\/\/www.pomoline.com\/de\/wp-json\/wp\/v2\/product"}],"about":[{"href":"https:\/\/www.pomoline.com\/de\/wp-json\/wp\/v2\/types\/product"}],"wp:featuredmedia":[{"embeddable":true,"href":"https:\/\/www.pomoline.com\/de\/wp-json\/wp\/v2\/media\/410988"}],"wp:attachment":[{"href":"https:\/\/www.pomoline.com\/de\/wp-json\/wp\/v2\/media?parent=321190"}],"wp:term":[{"taxonomy":"product_brand","embeddable":true,"href":"https:\/\/www.pomoline.com\/de\/wp-json\/wp\/v2\/product_brand?post=321190"},{"taxonomy":"product_cat","embeddable":true,"href":"https:\/\/www.pomoline.com\/de\/wp-json\/wp\/v2\/product_cat?post=321190"},{"taxonomy":"product_tag","embeddable":true,"href":"https:\/\/www.pomoline.com\/de\/wp-json\/wp\/v2\/product_tag?post=321190"}],"curies":[{"name":"wp","href":"https:\/\/api.w.org\/{rel}","templated":true}]}}