{"id":321218,"date":"2024-04-27T12:10:16","date_gmt":"2024-04-27T10:10:16","guid":{"rendered":"https:\/\/www.pomoline.com\/web-pruebas\/producto\/pomo-mueble-arabesco-laton-pulido-redondo-38mm-mod-1071\/"},"modified":"2025-03-14T01:00:47","modified_gmt":"2025-03-14T00:00:47","slug":"knopf-mobel-arabeske-messing-poliert-rund-38mm","status":"publish","type":"product","link":"https:\/\/www.pomoline.com\/de\/produkt\/knopf-mobel-arabeske-messing-poliert-rund-38mm\/","title":{"rendered":"KNOPF M\u00d6BEL ARABESKE MESSING POLIERT RUND 38MM"},"content":{"rendered":"<p>Dieser M\u00f6belknopf M\u00f6belgriff wurde f\u00fcr Schubladen und T\u00fcren von klassischen vintage M\u00f6beln entwickelt mod 1071<\/p>\n","protected":false},"excerpt":{"rendered":"<p>Dieser M\u00f6belknopf M\u00f6belgriff wurde f\u00fcr Schubladen und T\u00fcren von klassischen vintage M\u00f6beln entwickelt mod 1071<\/p>\n","protected":false},"featured_media":410960,"template":"","meta":{"_joinchat":[]},"product_brand":[],"product_cat":[5187,977],"product_tag":[],"class_list":{"0":"post-321218","1":"product","2":"type-product","3":"status-publish","4":"has-post-thumbnail","6":"product_cat-mobelgriffe-und-knopfe-fur-schubladen","7":"product_cat-mobelknopfe-griffe-vintage-shabby-chic-klassische-provence-schublade","8":"pa_color-gold-schrank-knauf-griffe-wandaufhanger-turhaken-mobel-beine","9":"pa_tendencia-ethno-schrank-griffe-und-knopfe","11":"first","12":"instock","13":"featured","14":"taxable","15":"shipping-taxable","16":"purchasable","17":"product-type-variable","18":"has-default-attributes","19":"wvs-archive-product-wrapper"},"_links":{"self":[{"href":"https:\/\/www.pomoline.com\/de\/wp-json\/wp\/v2\/product\/321218","targetHints":{"allow":["GET"]}}],"collection":[{"href":"https:\/\/www.pomoline.com\/de\/wp-json\/wp\/v2\/product"}],"about":[{"href":"https:\/\/www.pomoline.com\/de\/wp-json\/wp\/v2\/types\/product"}],"wp:featuredmedia":[{"embeddable":true,"href":"https:\/\/www.pomoline.com\/de\/wp-json\/wp\/v2\/media\/410960"}],"wp:attachment":[{"href":"https:\/\/www.pomoline.com\/de\/wp-json\/wp\/v2\/media?parent=321218"}],"wp:term":[{"taxonomy":"product_brand","embeddable":true,"href":"https:\/\/www.pomoline.com\/de\/wp-json\/wp\/v2\/product_brand?post=321218"},{"taxonomy":"product_cat","embeddable":true,"href":"https:\/\/www.pomoline.com\/de\/wp-json\/wp\/v2\/product_cat?post=321218"},{"taxonomy":"product_tag","embeddable":true,"href":"https:\/\/www.pomoline.com\/de\/wp-json\/wp\/v2\/product_tag?post=321218"}],"curies":[{"name":"wp","href":"https:\/\/api.w.org\/{rel}","templated":true}]}}