{"id":321238,"date":"2024-04-27T12:10:42","date_gmt":"2024-04-27T10:10:42","guid":{"rendered":"https:\/\/www.pomoline.com\/web-pruebas\/producto\/tirador-asa-de-mueble-acero-inoxidable-grafilado-puerta-cocina-96mm-total-156mm-mod-065g\/"},"modified":"2025-03-14T00:59:26","modified_gmt":"2025-03-13T23:59:26","slug":"mobelknopf-mobelgriff-edelstahl-grafilado-tur-kuche-96mm-total-156mm","status":"publish","type":"product","link":"https:\/\/www.pomoline.com\/de\/produkt\/mobelknopf-mobelgriff-edelstahl-grafilado-tur-kuche-96mm-total-156mm\/","title":{"rendered":"M\u00d6BELKNOPF M\u00d6BELGRIFF EDELSTAHL GRAFILADO T\u00dcR K\u00dcCHE 96MM TOTAL 156MM"},"content":{"rendered":"<p>Dieser innovative M\u00f6belgriff aus Edelstahl mit drei verf\u00fcgbaren Gr\u00f6\u00dfen zwischen den Achsen hat eine R\u00e4ndelung, um ihm einen Hauch von Originalit\u00e4t zu verleihen, um ein modernes oder industrielles Umfeld zu schaffen. Es bietet gro\u00dfe Widerstandsf\u00e4higkeit un<\/p>\n","protected":false},"excerpt":{"rendered":"<p>Dieser innovative M\u00f6belgriff aus Edelstahl mit drei verf\u00fcgbaren Gr\u00f6\u00dfen zwischen den Achsen hat eine R\u00e4ndelung, um ihm einen Hauch von Originalit\u00e4t zu verleihen, um ein modernes oder industrielles Umfeld zu schaffen. Es bietet gro\u00dfe Widerstandsf\u00e4higkeit un<\/p>\n","protected":false},"featured_media":410940,"template":"","meta":{"_joinchat":[]},"product_brand":[],"product_cat":[5187,957],"product_tag":[],"class_list":{"0":"post-321238","1":"product","2":"type-product","3":"status-publish","4":"has-post-thumbnail","6":"product_cat-mobelgriffe-und-knopfe-fur-schubladen","7":"product_cat-moderne-kuchengriffe","8":"pa_color-rostfreier-stahl-griffe-griffe-wandaufhanger-turhaken-mobelbeine","9":"pa_distancia-agujeros-tornillos-tiradores-96-mm-entre-centros-de-tornillos-cajon-puerta-mueble-de","10":"pa_distancia-agujeros-tornillos-tiradores-128-mm-entre-centros-de-tornillos-cajon-puerta-mueble-de","11":"pa_distancia-agujeros-tornillos-tiradores-160-mm-entre-centros-de-tornillos-cajon-puerta-mueble-de","12":"pa_tendencia-edelstahl-mobelknopfe-griffe","14":"first","15":"instock","16":"featured","17":"taxable","18":"shipping-taxable","19":"purchasable","20":"product-type-variable","21":"has-default-attributes","22":"wvs-archive-product-wrapper"},"_links":{"self":[{"href":"https:\/\/www.pomoline.com\/de\/wp-json\/wp\/v2\/product\/321238","targetHints":{"allow":["GET"]}}],"collection":[{"href":"https:\/\/www.pomoline.com\/de\/wp-json\/wp\/v2\/product"}],"about":[{"href":"https:\/\/www.pomoline.com\/de\/wp-json\/wp\/v2\/types\/product"}],"wp:featuredmedia":[{"embeddable":true,"href":"https:\/\/www.pomoline.com\/de\/wp-json\/wp\/v2\/media\/410940"}],"wp:attachment":[{"href":"https:\/\/www.pomoline.com\/de\/wp-json\/wp\/v2\/media?parent=321238"}],"wp:term":[{"taxonomy":"product_brand","embeddable":true,"href":"https:\/\/www.pomoline.com\/de\/wp-json\/wp\/v2\/product_brand?post=321238"},{"taxonomy":"product_cat","embeddable":true,"href":"https:\/\/www.pomoline.com\/de\/wp-json\/wp\/v2\/product_cat?post=321238"},{"taxonomy":"product_tag","embeddable":true,"href":"https:\/\/www.pomoline.com\/de\/wp-json\/wp\/v2\/product_tag?post=321238"}],"curies":[{"name":"wp","href":"https:\/\/api.w.org\/{rel}","templated":true}]}}