{"id":321242,"date":"2024-04-27T12:10:49","date_gmt":"2024-04-27T10:10:49","guid":{"rendered":"https:\/\/www.pomoline.com\/web-pruebas\/producto\/tirador-asa-de-mueble-acero-pintura-negro-mate-para-puerta-cocina-96mm-total-156mm-mod-065-negro\/"},"modified":"2025-12-24T16:53:23","modified_gmt":"2025-12-24T15:53:23","slug":"mobelknopf-mobelgriff-stahl-farbe-schwarz-matt-fur-tur-kuche-96mm-total-156mm","status":"publish","type":"product","link":"https:\/\/www.pomoline.com\/de\/produkt\/mobelknopf-mobelgriff-stahl-farbe-schwarz-matt-fur-tur-kuche-96mm-total-156mm\/","title":{"rendered":"M\u00d6BELKNOPF M\u00d6BELGRIFF STAHL FARBE SCHWARZ MATT F\u00dcR T\u00dcR K\u00dcCHE 96MM TOTAL 156MM"},"content":{"rendered":"<p>Moderner mattschwarz oder wei\u00df lackierter M\u00f6belgriff aus Metall, erh\u00e4ltlich in verschiedenen Gr\u00f6\u00dfen zwischen den Achsen 96 mm, 128 mm, 160 mm und 192 mm, perfekt f\u00fcr K\u00fcchen- und Wohnzimmerm\u00f6bel, hochwertig und in Europa hergestellt, bietet einen modernen<\/p>\n","protected":false},"excerpt":{"rendered":"<p>Moderner mattschwarz oder wei\u00df lackierter M\u00f6belgriff aus Metall, erh\u00e4ltlich in verschiedenen Gr\u00f6\u00dfen zwischen den Achsen 96 mm, 128 mm, 160 mm und 192 mm, perfekt f\u00fcr K\u00fcchen- und Wohnzimmerm\u00f6bel, hochwertig und in Europa hergestellt, bietet einen modernen<\/p>\n","protected":false},"featured_media":435789,"template":"","meta":{"_joinchat":[]},"product_brand":[],"product_cat":[5187,3482,957],"product_tag":[],"class_list":{"0":"post-321242","1":"product","2":"type-product","3":"status-publish","4":"has-post-thumbnail","6":"product_cat-mobelgriffe-und-knopfe-fur-schubladen","7":"product_cat-mobelknopfe-griffe-industriemobel-chic-verschlissen-naturholz","8":"product_cat-moderne-kuchengriffe","9":"pa_color-schwarz-schrank-griffe-griffe-wandaufhanger-turhaken-mobelbeine","10":"pa_tendencia-kuchenschrank-griffe-mobel","12":"first","13":"instock","14":"featured","15":"taxable","16":"shipping-taxable","17":"purchasable","18":"product-type-variable","19":"has-default-attributes","20":"wvs-archive-product-wrapper"},"_links":{"self":[{"href":"https:\/\/www.pomoline.com\/de\/wp-json\/wp\/v2\/product\/321242","targetHints":{"allow":["GET"]}}],"collection":[{"href":"https:\/\/www.pomoline.com\/de\/wp-json\/wp\/v2\/product"}],"about":[{"href":"https:\/\/www.pomoline.com\/de\/wp-json\/wp\/v2\/types\/product"}],"wp:featuredmedia":[{"embeddable":true,"href":"https:\/\/www.pomoline.com\/de\/wp-json\/wp\/v2\/media\/435789"}],"wp:attachment":[{"href":"https:\/\/www.pomoline.com\/de\/wp-json\/wp\/v2\/media?parent=321242"}],"wp:term":[{"taxonomy":"product_brand","embeddable":true,"href":"https:\/\/www.pomoline.com\/de\/wp-json\/wp\/v2\/product_brand?post=321242"},{"taxonomy":"product_cat","embeddable":true,"href":"https:\/\/www.pomoline.com\/de\/wp-json\/wp\/v2\/product_cat?post=321242"},{"taxonomy":"product_tag","embeddable":true,"href":"https:\/\/www.pomoline.com\/de\/wp-json\/wp\/v2\/product_tag?post=321242"}],"curies":[{"name":"wp","href":"https:\/\/api.w.org\/{rel}","templated":true}]}}