{"id":321246,"date":"2024-04-27T12:10:54","date_gmt":"2024-04-27T10:10:54","guid":{"rendered":"https:\/\/www.pomoline.com\/web-pruebas\/producto\/tirador-pomo-de-mueble-metal-acabado-pintura-negro-mate-para-armario-bano-mod-021-negro\/"},"modified":"2025-03-14T00:58:53","modified_gmt":"2025-03-13T23:58:53","slug":"mobelknopf-knopf-von-mobel-metall-finish-farbe-schwarz-matt-fur-schrank-badezimmer","status":"publish","type":"product","link":"https:\/\/www.pomoline.com\/de\/produkt\/mobelknopf-knopf-von-mobel-metall-finish-farbe-schwarz-matt-fur-schrank-badezimmer\/","title":{"rendered":"M\u00d6BELKNOPF KNOPF VON M\u00d6BEL METALL FINISH FARBE SCHWARZ MATT F\u00dcR SCHRANK BADEZIMMER"},"content":{"rendered":"<p>Moderner M\u00f6belknauf aus mattschwarz oder wei\u00df lackiertem Metall, abgerundet, ideal f\u00fcr jedes M\u00f6belst\u00fcck, hochwertig und in Europa hergestellt, bietet ein modernes Aussehen und l\u00e4sst sich mit den anderen Elementen des Raums kombinieren, inklusive 2,5 cm la<\/p>\n","protected":false},"excerpt":{"rendered":"<p>Moderner M\u00f6belknauf aus mattschwarz oder wei\u00df lackiertem Metall, abgerundet, ideal f\u00fcr jedes M\u00f6belst\u00fcck, hochwertig und in Europa hergestellt, bietet ein modernes Aussehen und l\u00e4sst sich mit den anderen Elementen des Raums kombinieren, inklusive 2,5 cm la<\/p>\n","protected":false},"featured_media":410932,"template":"","meta":{"_joinchat":[]},"product_brand":[],"product_cat":[961,5187,3482],"product_tag":[],"class_list":{"0":"post-321246","1":"product","2":"type-product","3":"status-publish","4":"has-post-thumbnail","6":"product_cat-griffe-fur-mobel","7":"product_cat-mobelgriffe-und-knopfe-fur-schubladen","8":"product_cat-mobelknopfe-griffe-industriemobel-chic-verschlissen-naturholz","9":"pa_color-schwarz-schrank-griffe-griffe-wandaufhanger-turhaken-mobelbeine","10":"pa_tendencia-schrank-knopfe-moderne-schublade","12":"first","13":"instock","14":"featured","15":"taxable","16":"shipping-taxable","17":"purchasable","18":"product-type-variable","19":"has-default-attributes","20":"wvs-archive-product-wrapper"},"_links":{"self":[{"href":"https:\/\/www.pomoline.com\/de\/wp-json\/wp\/v2\/product\/321246","targetHints":{"allow":["GET"]}}],"collection":[{"href":"https:\/\/www.pomoline.com\/de\/wp-json\/wp\/v2\/product"}],"about":[{"href":"https:\/\/www.pomoline.com\/de\/wp-json\/wp\/v2\/types\/product"}],"wp:featuredmedia":[{"embeddable":true,"href":"https:\/\/www.pomoline.com\/de\/wp-json\/wp\/v2\/media\/410932"}],"wp:attachment":[{"href":"https:\/\/www.pomoline.com\/de\/wp-json\/wp\/v2\/media?parent=321246"}],"wp:term":[{"taxonomy":"product_brand","embeddable":true,"href":"https:\/\/www.pomoline.com\/de\/wp-json\/wp\/v2\/product_brand?post=321246"},{"taxonomy":"product_cat","embeddable":true,"href":"https:\/\/www.pomoline.com\/de\/wp-json\/wp\/v2\/product_cat?post=321246"},{"taxonomy":"product_tag","embeddable":true,"href":"https:\/\/www.pomoline.com\/de\/wp-json\/wp\/v2\/product_tag?post=321246"}],"curies":[{"name":"wp","href":"https:\/\/api.w.org\/{rel}","templated":true}]}}