{"id":321250,"date":"2024-04-27T12:10:59","date_gmt":"2024-04-27T10:10:59","guid":{"rendered":"https:\/\/www.pomoline.com\/web-pruebas\/producto\/percha-base-madera-lacada-blanca-4-osos-azules-habitacion-bebe\/"},"modified":"2025-03-14T00:58:36","modified_gmt":"2025-03-13T23:58:36","slug":"wandgarderobe-basis-holz-lackiert-weiss-4-baren-blau-zimmer-baby","status":"publish","type":"product","link":"https:\/\/www.pomoline.com\/de\/produkt\/wandgarderobe-basis-holz-lackiert-weiss-4-baren-blau-zimmer-baby\/","title":{"rendered":"WANDGARDEROBE BASIS HOLZ LACKIERT WEISS 4 B\u00c4REN BLAU ZIMMER BABY"},"content":{"rendered":"<p>Wandh\u00e4nger aus lackiertem Holz, die Ihrem Haus ein sehr nat\u00fcrliches und frisches Aussehen verleihen. Es gibt Kinder- und Jugenddesigns. Bei diesem speziellen Modell handelt es sich um den Kleiderb\u00fcgel MOD 999 mit wei\u00df lackiertem Holzsockel und 4 blauen B\u00e4<\/p>\n","protected":false},"excerpt":{"rendered":"<p>Wandh\u00e4nger aus lackiertem Holz, die Ihrem Haus ein sehr nat\u00fcrliches und frisches Aussehen verleihen. Es gibt Kinder- und Jugenddesigns. Bei diesem speziellen Modell handelt es sich um den Kleiderb\u00fcgel MOD 999 mit wei\u00df lackiertem Holzsockel und 4 blauen B\u00e4<\/p>\n","protected":false},"featured_media":410928,"template":"","meta":{"_joinchat":[]},"product_brand":[],"product_cat":[5358,5355,1005],"product_tag":[],"class_list":{"0":"post-321250","1":"product","2":"type-product","3":"status-publish","4":"has-post-thumbnail","6":"product_cat-ofertas-de","7":"product_cat-ofertas","8":"product_cat-wandgarderobe-hakengarderobe","9":"pa_color-weis-schrank-griffe-griffe-wandhaken-turhaken-mobelbeine","10":"pa_color-hellblau-schrankgriffe-griffe-wandaufhanger-turhaken-mobelbeine","11":"pa_color-pink-schrank-knauf-griffe-wandaufhanger-turhaken-mobel-beine","12":"pa_tendencia-baby-wand-aufhanger","14":"first","15":"instock","16":"sale","17":"taxable","18":"shipping-taxable","19":"purchasable","20":"product-type-variable","21":"has-default-attributes","22":"wvs-archive-product-wrapper"},"_links":{"self":[{"href":"https:\/\/www.pomoline.com\/de\/wp-json\/wp\/v2\/product\/321250","targetHints":{"allow":["GET"]}}],"collection":[{"href":"https:\/\/www.pomoline.com\/de\/wp-json\/wp\/v2\/product"}],"about":[{"href":"https:\/\/www.pomoline.com\/de\/wp-json\/wp\/v2\/types\/product"}],"wp:featuredmedia":[{"embeddable":true,"href":"https:\/\/www.pomoline.com\/de\/wp-json\/wp\/v2\/media\/410928"}],"wp:attachment":[{"href":"https:\/\/www.pomoline.com\/de\/wp-json\/wp\/v2\/media?parent=321250"}],"wp:term":[{"taxonomy":"product_brand","embeddable":true,"href":"https:\/\/www.pomoline.com\/de\/wp-json\/wp\/v2\/product_brand?post=321250"},{"taxonomy":"product_cat","embeddable":true,"href":"https:\/\/www.pomoline.com\/de\/wp-json\/wp\/v2\/product_cat?post=321250"},{"taxonomy":"product_tag","embeddable":true,"href":"https:\/\/www.pomoline.com\/de\/wp-json\/wp\/v2\/product_tag?post=321250"}],"curies":[{"name":"wp","href":"https:\/\/api.w.org\/{rel}","templated":true}]}}