{"id":321302,"date":"2024-04-27T12:12:13","date_gmt":"2024-04-27T10:12:13","guid":{"rendered":"https:\/\/www.pomoline.com\/web-pruebas\/producto\/tirador-pomo-puerta-cuadrado-con-base-de-62mm-acero-inox-satinado\/"},"modified":"2025-03-14T00:56:57","modified_gmt":"2025-03-13T23:56:57","slug":"mobelknopf-knopf-tur-quadratisch-mit-basis-aus-62mm-edelstahl-satiniert","status":"publish","type":"product","link":"https:\/\/www.pomoline.com\/de\/produkt\/mobelknopf-knopf-tur-quadratisch-mit-basis-aus-62mm-edelstahl-satiniert\/","title":{"rendered":"M\u00d6BELKNOPF KNOPF T\u00dcR QUADRATISCH MIT BASIS AUS 62MM EDELSTAHL SATINIERT"},"content":{"rendered":"<p>Drehkn\u00f6pfen mit Schild f\u00fcr T\u00fcren Innen aus Holz. Passende Designs haben wir in unserer Rubrik T\u00fcrgriffe. Dieses besondere Modell ist MOD POM700 M\u00f6belgriff M\u00f6belknopf T\u00fcr quadratisch mit Basis de 62mm Edelstahl satiniert<\/p>\n","protected":false},"excerpt":{"rendered":"<p>Drehkn\u00f6pfen mit Schild f\u00fcr T\u00fcren Innen aus Holz. Passende Designs haben wir in unserer Rubrik T\u00fcrgriffe. Dieses besondere Modell ist MOD POM700 M\u00f6belgriff M\u00f6belknopf T\u00fcr quadratisch mit Basis de 62mm Edelstahl satiniert<\/p>\n","protected":false},"featured_media":410904,"template":"","meta":{"_joinchat":[]},"product_brand":[],"product_cat":[5358,5355,1013],"product_tag":[],"class_list":{"0":"post-321302","1":"product","2":"type-product","3":"status-publish","4":"has-post-thumbnail","6":"product_cat-ofertas-de","7":"product_cat-ofertas","8":"product_cat-turgriffe-schiebe-turgriffe-rossette-turknopfe-schlusselloch-drehriegel-klinkenschloss","9":"pa_color-rostfreier-stahl-griffe-griffe-wandaufhanger-turhaken-mobelbeine","10":"pa_tendencia-eingangsturgriffe","12":"first","13":"instock","14":"sale","15":"taxable","16":"shipping-taxable","17":"purchasable","18":"product-type-variable","19":"has-default-attributes","20":"wvs-archive-product-wrapper"},"_links":{"self":[{"href":"https:\/\/www.pomoline.com\/de\/wp-json\/wp\/v2\/product\/321302","targetHints":{"allow":["GET"]}}],"collection":[{"href":"https:\/\/www.pomoline.com\/de\/wp-json\/wp\/v2\/product"}],"about":[{"href":"https:\/\/www.pomoline.com\/de\/wp-json\/wp\/v2\/types\/product"}],"wp:featuredmedia":[{"embeddable":true,"href":"https:\/\/www.pomoline.com\/de\/wp-json\/wp\/v2\/media\/410904"}],"wp:attachment":[{"href":"https:\/\/www.pomoline.com\/de\/wp-json\/wp\/v2\/media?parent=321302"}],"wp:term":[{"taxonomy":"product_brand","embeddable":true,"href":"https:\/\/www.pomoline.com\/de\/wp-json\/wp\/v2\/product_brand?post=321302"},{"taxonomy":"product_cat","embeddable":true,"href":"https:\/\/www.pomoline.com\/de\/wp-json\/wp\/v2\/product_cat?post=321302"},{"taxonomy":"product_tag","embeddable":true,"href":"https:\/\/www.pomoline.com\/de\/wp-json\/wp\/v2\/product_tag?post=321302"}],"curies":[{"name":"wp","href":"https:\/\/api.w.org\/{rel}","templated":true}]}}