{"id":321322,"date":"2024-04-27T12:12:47","date_gmt":"2024-04-27T10:12:47","guid":{"rendered":"https:\/\/www.pomoline.com\/web-pruebas\/producto\/manillon-180mm-roseta-redonda-laton-acabado-cromo-cromo-sat\/"},"modified":"2025-03-14T00:56:26","modified_gmt":"2025-03-13T23:56:26","slug":"schiebe-turgriff-180mm-rossette-rund-messing-finish-chrom-sat","status":"publish","type":"product","link":"https:\/\/www.pomoline.com\/de\/produkt\/schiebe-turgriff-180mm-rossette-rund-messing-finish-chrom-sat\/","title":{"rendered":"SCHIEBE T\u00dcRGRIFF 180MM ROSSETTE RUND MESSING FINISH CHROM SAT"},"content":{"rendered":"<p>Schiebet\u00fcrgriffe innen. Sie sind mit hochwertigen Metallen gefertigt und konstruiert und an den T\u00fcren montiert sehen toll aus. Dieses besondere Modell ist MOD OLI Schiebet\u00fcrgriff 180mm Rossette rund Messing Finish Chrom satiniert<\/p>\n","protected":false},"excerpt":{"rendered":"<p>Schiebet\u00fcrgriffe innen. Sie sind mit hochwertigen Metallen gefertigt und konstruiert und an den T\u00fcren montiert sehen toll aus. Dieses besondere Modell ist MOD OLI Schiebet\u00fcrgriff 180mm Rossette rund Messing Finish Chrom satiniert<\/p>\n","protected":false},"featured_media":410896,"template":"","meta":{"_joinchat":[]},"product_brand":[],"product_cat":[5358,5355,1013],"product_tag":[],"class_list":{"0":"post-321322","1":"product","2":"type-product","3":"status-publish","4":"has-post-thumbnail","6":"product_cat-ofertas-de","7":"product_cat-ofertas","8":"product_cat-turgriffe-schiebe-turgriffe-rossette-turknopfe-schlusselloch-drehriegel-klinkenschloss","9":"pa_color-chrom-schrank-knauf-griffe-wandaufhanger-turhaken-mobel-beine","10":"pa_tendencia-schiebeturgriffe","12":"first","13":"instock","14":"sale","15":"taxable","16":"shipping-taxable","17":"purchasable","18":"product-type-variable","19":"has-default-attributes","20":"wvs-archive-product-wrapper"},"_links":{"self":[{"href":"https:\/\/www.pomoline.com\/de\/wp-json\/wp\/v2\/product\/321322","targetHints":{"allow":["GET"]}}],"collection":[{"href":"https:\/\/www.pomoline.com\/de\/wp-json\/wp\/v2\/product"}],"about":[{"href":"https:\/\/www.pomoline.com\/de\/wp-json\/wp\/v2\/types\/product"}],"wp:featuredmedia":[{"embeddable":true,"href":"https:\/\/www.pomoline.com\/de\/wp-json\/wp\/v2\/media\/410896"}],"wp:attachment":[{"href":"https:\/\/www.pomoline.com\/de\/wp-json\/wp\/v2\/media?parent=321322"}],"wp:term":[{"taxonomy":"product_brand","embeddable":true,"href":"https:\/\/www.pomoline.com\/de\/wp-json\/wp\/v2\/product_brand?post=321322"},{"taxonomy":"product_cat","embeddable":true,"href":"https:\/\/www.pomoline.com\/de\/wp-json\/wp\/v2\/product_cat?post=321322"},{"taxonomy":"product_tag","embeddable":true,"href":"https:\/\/www.pomoline.com\/de\/wp-json\/wp\/v2\/product_tag?post=321322"}],"curies":[{"name":"wp","href":"https:\/\/api.w.org\/{rel}","templated":true}]}}