{"id":321326,"date":"2024-04-27T12:12:53","date_gmt":"2024-04-27T10:12:53","guid":{"rendered":"https:\/\/www.pomoline.com\/web-pruebas\/producto\/juego-2-manillas-aluminio-acabado-niquel-satinado-para-puerta\/"},"modified":"2025-03-14T00:56:10","modified_gmt":"2025-03-13T23:56:10","slug":"set-2-turgriffe-aluminium-finish-nickel-satiniert-fur-tur","status":"publish","type":"product","link":"https:\/\/www.pomoline.com\/de\/produkt\/set-2-turgriffe-aluminium-finish-nickel-satiniert-fur-tur\/","title":{"rendered":"SET 2 T\u00dcRGRIFFE ALUMINIUM FINISH NICKEL SATINIERT F\u00dcR T\u00dcR"},"content":{"rendered":"<p>Innent\u00fcrgriffe aus Holz mit runder Rosette aus Metall. Der Preis entspricht dem Set von zwei Griffen und sie werden in einer Box mit 2 St\u00fcck geliefert. Dieses besondere Modell ist MOD OCEANA MANIV Set 2 T\u00fcrgriffe Aluminium Finish Nickel satiniert f\u00fcr T\u00fcr<\/p>\n","protected":false},"excerpt":{"rendered":"<p>Innent\u00fcrgriffe aus Holz mit runder Rosette aus Metall. Der Preis entspricht dem Set von zwei Griffen und sie werden in einer Box mit 2 St\u00fcck geliefert. Dieses besondere Modell ist MOD OCEANA MANIV Set 2 T\u00fcrgriffe Aluminium Finish Nickel satiniert f\u00fcr T\u00fcr<\/p>\n","protected":false},"featured_media":410892,"template":"","meta":{"_joinchat":[]},"product_brand":[],"product_cat":[5358,5355,1013],"product_tag":[],"class_list":{"0":"post-321326","1":"product","2":"type-product","3":"status-publish","4":"has-post-thumbnail","6":"product_cat-ofertas-de","7":"product_cat-ofertas","8":"product_cat-turgriffe-schiebe-turgriffe-rossette-turknopfe-schlusselloch-drehriegel-klinkenschloss","9":"pa_color-geburstetes-nickel-schrank-griffe-griffe-wandaufhanger-turhaken-mobelbeine","10":"pa_tendencia-tur-innen-griffe","12":"first","13":"instock","14":"sale","15":"taxable","16":"shipping-taxable","17":"purchasable","18":"product-type-variable","19":"has-default-attributes","20":"wvs-archive-product-wrapper"},"_links":{"self":[{"href":"https:\/\/www.pomoline.com\/de\/wp-json\/wp\/v2\/product\/321326","targetHints":{"allow":["GET"]}}],"collection":[{"href":"https:\/\/www.pomoline.com\/de\/wp-json\/wp\/v2\/product"}],"about":[{"href":"https:\/\/www.pomoline.com\/de\/wp-json\/wp\/v2\/types\/product"}],"wp:featuredmedia":[{"embeddable":true,"href":"https:\/\/www.pomoline.com\/de\/wp-json\/wp\/v2\/media\/410892"}],"wp:attachment":[{"href":"https:\/\/www.pomoline.com\/de\/wp-json\/wp\/v2\/media?parent=321326"}],"wp:term":[{"taxonomy":"product_brand","embeddable":true,"href":"https:\/\/www.pomoline.com\/de\/wp-json\/wp\/v2\/product_brand?post=321326"},{"taxonomy":"product_cat","embeddable":true,"href":"https:\/\/www.pomoline.com\/de\/wp-json\/wp\/v2\/product_cat?post=321326"},{"taxonomy":"product_tag","embeddable":true,"href":"https:\/\/www.pomoline.com\/de\/wp-json\/wp\/v2\/product_tag?post=321326"}],"curies":[{"name":"wp","href":"https:\/\/api.w.org\/{rel}","templated":true}]}}