{"id":321378,"date":"2024-04-27T12:14:39","date_gmt":"2024-04-27T10:14:39","guid":{"rendered":"https:\/\/www.pomoline.com\/web-pruebas\/producto\/muletilla-con-desbloqueo-roseta-redonda-de-50mm-acabado-niquel-sat\/"},"modified":"2025-03-14T00:53:28","modified_gmt":"2025-03-13T23:53:28","slug":"klinkenschloss-mit-entriegelung-rossette-rund-aus-50mm-finish-nickel-satiniert","status":"publish","type":"product","link":"https:\/\/www.pomoline.com\/de\/produkt\/klinkenschloss-mit-entriegelung-rossette-rund-aus-50mm-finish-nickel-satiniert\/","title":{"rendered":"KLINKENSCHLOSS MIT ENTRIEGELUNG. ROSSETTE RUND AUS 50MM. FINISH NICKEL SATINIERT"},"content":{"rendered":"<p>T\u00fcrzubeh\u00f6r wie Rosetten mit Schl\u00fcssell\u00f6chern, Drehriegel und Klinken, die zusammen mit unseren T\u00fcrgriffen an T\u00fcren montiert werden. Dieses besondere Modell ist MOD MU906 Klinkenschloss mit Entriegelung Rossette rund de 50mm Finish Nickel satiniert<\/p>\n","protected":false},"excerpt":{"rendered":"<p>T\u00fcrzubeh\u00f6r wie Rosetten mit Schl\u00fcssell\u00f6chern, Drehriegel und Klinken, die zusammen mit unseren T\u00fcrgriffen an T\u00fcren montiert werden. Dieses besondere Modell ist MOD MU906 Klinkenschloss mit Entriegelung Rossette rund de 50mm Finish Nickel satiniert<\/p>\n","protected":false},"featured_media":410852,"template":"","meta":{"_joinchat":[]},"product_brand":[],"product_cat":[5358,5355,1013],"product_tag":[],"class_list":{"0":"post-321378","1":"product","2":"type-product","3":"status-publish","4":"has-post-thumbnail","6":"product_cat-ofertas-de","7":"product_cat-ofertas","8":"product_cat-turgriffe-schiebe-turgriffe-rossette-turknopfe-schlusselloch-drehriegel-klinkenschloss","9":"pa_color-rostfreier-stahl-griffe-griffe-wandaufhanger-turhaken-mobelbeine","10":"pa_tendencia-tur-schlussellocher-rosetten-verschlusse-scharniere","12":"first","13":"instock","14":"sale","15":"taxable","16":"shipping-taxable","17":"purchasable","18":"product-type-variable","19":"has-default-attributes","20":"wvs-archive-product-wrapper"},"_links":{"self":[{"href":"https:\/\/www.pomoline.com\/de\/wp-json\/wp\/v2\/product\/321378","targetHints":{"allow":["GET"]}}],"collection":[{"href":"https:\/\/www.pomoline.com\/de\/wp-json\/wp\/v2\/product"}],"about":[{"href":"https:\/\/www.pomoline.com\/de\/wp-json\/wp\/v2\/types\/product"}],"wp:featuredmedia":[{"embeddable":true,"href":"https:\/\/www.pomoline.com\/de\/wp-json\/wp\/v2\/media\/410852"}],"wp:attachment":[{"href":"https:\/\/www.pomoline.com\/de\/wp-json\/wp\/v2\/media?parent=321378"}],"wp:term":[{"taxonomy":"product_brand","embeddable":true,"href":"https:\/\/www.pomoline.com\/de\/wp-json\/wp\/v2\/product_brand?post=321378"},{"taxonomy":"product_cat","embeddable":true,"href":"https:\/\/www.pomoline.com\/de\/wp-json\/wp\/v2\/product_cat?post=321378"},{"taxonomy":"product_tag","embeddable":true,"href":"https:\/\/www.pomoline.com\/de\/wp-json\/wp\/v2\/product_tag?post=321378"}],"curies":[{"name":"wp","href":"https:\/\/api.w.org\/{rel}","templated":true}]}}