{"id":321410,"date":"2024-04-27T12:15:22","date_gmt":"2024-04-27T10:15:22","guid":{"rendered":"https:\/\/www.pomoline.com\/web-pruebas\/producto\/manilla-puerta-interior-cromo-brillo-corredera-oli\/"},"modified":"2025-03-14T00:51:18","modified_gmt":"2025-03-13T23:51:18","slug":"schiebe-turgriff-messing-finish-chrom-glanzend-satiniert-fur-tur","status":"publish","type":"product","link":"https:\/\/www.pomoline.com\/de\/produkt\/schiebe-turgriff-messing-finish-chrom-glanzend-satiniert-fur-tur\/","title":{"rendered":"SCHIEBE T\u00dcRGRIFF MESSING FINISH CHROM GL\u00c4NZEND SATINIERT F\u00dcR T\u00dcR"},"content":{"rendered":"<p>Schiebet\u00fcrgriffe innen. Sie sind mit hochwertigen Metallen gefertigt und konstruiert und an den T\u00fcren montiert sehen toll aus. Dieses besondere Modell ist MOD MOLI Schiebet\u00fcrgriff Messing Finish Chrom Glanz satiniert f\u00fcr T\u00fcr<\/p>\n","protected":false},"excerpt":{"rendered":"<p>Schiebet\u00fcrgriffe innen. Sie sind mit hochwertigen Metallen gefertigt und konstruiert und an den T\u00fcren montiert sehen toll aus. Dieses besondere Modell ist MOD MOLI Schiebet\u00fcrgriff Messing Finish Chrom Glanz satiniert f\u00fcr T\u00fcr<\/p>\n","protected":false},"featured_media":410820,"template":"","meta":{"_joinchat":[]},"product_brand":[],"product_cat":[5358,5355,1013],"product_tag":[],"class_list":{"0":"post-321410","1":"product","2":"type-product","3":"status-publish","4":"has-post-thumbnail","6":"product_cat-ofertas-de","7":"product_cat-ofertas","8":"product_cat-turgriffe-schiebe-turgriffe-rossette-turknopfe-schlusselloch-drehriegel-klinkenschloss","9":"pa_color-chrom-schrank-knauf-griffe-wandaufhanger-turhaken-mobel-beine","10":"pa_tendencia-schiebeturgriffe","12":"first","13":"instock","14":"sale","15":"taxable","16":"shipping-taxable","17":"purchasable","18":"product-type-variable","19":"has-default-attributes","20":"wvs-archive-product-wrapper"},"_links":{"self":[{"href":"https:\/\/www.pomoline.com\/de\/wp-json\/wp\/v2\/product\/321410","targetHints":{"allow":["GET"]}}],"collection":[{"href":"https:\/\/www.pomoline.com\/de\/wp-json\/wp\/v2\/product"}],"about":[{"href":"https:\/\/www.pomoline.com\/de\/wp-json\/wp\/v2\/types\/product"}],"wp:featuredmedia":[{"embeddable":true,"href":"https:\/\/www.pomoline.com\/de\/wp-json\/wp\/v2\/media\/410820"}],"wp:attachment":[{"href":"https:\/\/www.pomoline.com\/de\/wp-json\/wp\/v2\/media?parent=321410"}],"wp:term":[{"taxonomy":"product_brand","embeddable":true,"href":"https:\/\/www.pomoline.com\/de\/wp-json\/wp\/v2\/product_brand?post=321410"},{"taxonomy":"product_cat","embeddable":true,"href":"https:\/\/www.pomoline.com\/de\/wp-json\/wp\/v2\/product_cat?post=321410"},{"taxonomy":"product_tag","embeddable":true,"href":"https:\/\/www.pomoline.com\/de\/wp-json\/wp\/v2\/product_tag?post=321410"}],"curies":[{"name":"wp","href":"https:\/\/api.w.org\/{rel}","templated":true}]}}