{"id":321454,"date":"2024-04-27T12:16:32","date_gmt":"2024-04-27T10:16:32","guid":{"rendered":"https:\/\/www.pomoline.com\/web-pruebas\/producto\/juego-2-manillas-laton-brillo-roseta-redonda\/"},"modified":"2025-03-14T00:48:49","modified_gmt":"2025-03-13T23:48:49","slug":"set-2-turgriffe-messing-glanzend-rossette-rund","status":"publish","type":"product","link":"https:\/\/www.pomoline.com\/de\/produkt\/set-2-turgriffe-messing-glanzend-rossette-rund\/","title":{"rendered":"SET 2 T\u00dcRGRIFFE MESSING GL\u00c4NZEND ROSSETTE RUND"},"content":{"rendered":"<p>Innent\u00fcrgriffe aus Holz mit runder Rosette aus Metall. Der Preis entspricht dem Set von zwei Griffen und sie werden in einer Box mit 2 St\u00fcck geliefert. Dieses besondere Modell ist MOD MA848 Set 2 T\u00fcrgriffe Messing Glanz Rossette rund<\/p>\n","protected":false},"excerpt":{"rendered":"<p>Innent\u00fcrgriffe aus Holz mit runder Rosette aus Metall. Der Preis entspricht dem Set von zwei Griffen und sie werden in einer Box mit 2 St\u00fcck geliefert. Dieses besondere Modell ist MOD MA848 Set 2 T\u00fcrgriffe Messing Glanz Rossette rund<\/p>\n","protected":false},"featured_media":410780,"template":"","meta":{"_joinchat":[]},"product_brand":[],"product_cat":[5358,5355,1013],"product_tag":[],"class_list":{"0":"post-321454","1":"product","2":"type-product","3":"status-publish","4":"has-post-thumbnail","6":"product_cat-ofertas-de","7":"product_cat-ofertas","8":"product_cat-turgriffe-schiebe-turgriffe-rossette-turknopfe-schlusselloch-drehriegel-klinkenschloss","9":"pa_color-chrom-schrank-knauf-griffe-wandaufhanger-turhaken-mobel-beine","10":"pa_color-gold-schrank-knauf-griffe-wandaufhanger-turhaken-mobel-beine","11":"pa_tendencia-tur-innen-griffe","13":"first","14":"instock","15":"sale","16":"taxable","17":"shipping-taxable","18":"purchasable","19":"product-type-variable","20":"has-default-attributes","21":"wvs-archive-product-wrapper"},"_links":{"self":[{"href":"https:\/\/www.pomoline.com\/de\/wp-json\/wp\/v2\/product\/321454","targetHints":{"allow":["GET"]}}],"collection":[{"href":"https:\/\/www.pomoline.com\/de\/wp-json\/wp\/v2\/product"}],"about":[{"href":"https:\/\/www.pomoline.com\/de\/wp-json\/wp\/v2\/types\/product"}],"wp:featuredmedia":[{"embeddable":true,"href":"https:\/\/www.pomoline.com\/de\/wp-json\/wp\/v2\/media\/410780"}],"wp:attachment":[{"href":"https:\/\/www.pomoline.com\/de\/wp-json\/wp\/v2\/media?parent=321454"}],"wp:term":[{"taxonomy":"product_brand","embeddable":true,"href":"https:\/\/www.pomoline.com\/de\/wp-json\/wp\/v2\/product_brand?post=321454"},{"taxonomy":"product_cat","embeddable":true,"href":"https:\/\/www.pomoline.com\/de\/wp-json\/wp\/v2\/product_cat?post=321454"},{"taxonomy":"product_tag","embeddable":true,"href":"https:\/\/www.pomoline.com\/de\/wp-json\/wp\/v2\/product_tag?post=321454"}],"curies":[{"name":"wp","href":"https:\/\/api.w.org\/{rel}","templated":true}]}}