{"id":321506,"date":"2024-04-27T12:30:12","date_gmt":"2024-04-27T10:30:12","guid":{"rendered":"https:\/\/www.pomoline.com\/web-pruebas\/producto\/juego-2-manillas-acero-inox-satinado-roseta-redonda-puerta-moderna\/"},"modified":"2025-03-14T00:46:05","modified_gmt":"2025-03-13T23:46:05","slug":"set-2-griffe-edelstahl-satiniert-rossette-rund-tur","status":"publish","type":"product","link":"https:\/\/www.pomoline.com\/de\/produkt\/set-2-griffe-edelstahl-satiniert-rossette-rund-tur\/","title":{"rendered":"SET 2 GRIFFE EDELSTAHL SATINIERT ROSSETTE RUND T\u00dcR"},"content":{"rendered":"<p>Innent\u00fcrgriffe aus Holz mit runder Rosette aus Metall. Der Preis entspricht dem Set von zwei Griffen und sie werden in einer Box mit 2 St\u00fcck geliefert. Dieses besondere Modell ist MOD MA2026 Set 2 T\u00fcrgriffe Edelstahl satiniert Rossette rund T\u00fcr<\/p>\n","protected":false},"excerpt":{"rendered":"<p>Innent\u00fcrgriffe aus Holz mit runder Rosette aus Metall. Der Preis entspricht dem Set von zwei Griffen und sie werden in einer Box mit 2 St\u00fcck geliefert. Dieses besondere Modell ist MOD MA2026 Set 2 T\u00fcrgriffe Edelstahl satiniert Rossette rund T\u00fcr<\/p>\n","protected":false},"featured_media":410732,"template":"","meta":{"_joinchat":[]},"product_brand":[],"product_cat":[5358,5355,1013],"product_tag":[],"class_list":{"0":"post-321506","1":"product","2":"type-product","3":"status-publish","4":"has-post-thumbnail","6":"product_cat-ofertas-de","7":"product_cat-ofertas","8":"product_cat-turgriffe-schiebe-turgriffe-rossette-turknopfe-schlusselloch-drehriegel-klinkenschloss","9":"pa_color-rostfreier-stahl-griffe-griffe-wandaufhanger-turhaken-mobelbeine","10":"pa_tendencia-tur-innen-griffe","12":"first","13":"instock","14":"sale","15":"taxable","16":"shipping-taxable","17":"purchasable","18":"product-type-variable","19":"has-default-attributes","20":"wvs-archive-product-wrapper"},"_links":{"self":[{"href":"https:\/\/www.pomoline.com\/de\/wp-json\/wp\/v2\/product\/321506","targetHints":{"allow":["GET"]}}],"collection":[{"href":"https:\/\/www.pomoline.com\/de\/wp-json\/wp\/v2\/product"}],"about":[{"href":"https:\/\/www.pomoline.com\/de\/wp-json\/wp\/v2\/types\/product"}],"wp:featuredmedia":[{"embeddable":true,"href":"https:\/\/www.pomoline.com\/de\/wp-json\/wp\/v2\/media\/410732"}],"wp:attachment":[{"href":"https:\/\/www.pomoline.com\/de\/wp-json\/wp\/v2\/media?parent=321506"}],"wp:term":[{"taxonomy":"product_brand","embeddable":true,"href":"https:\/\/www.pomoline.com\/de\/wp-json\/wp\/v2\/product_brand?post=321506"},{"taxonomy":"product_cat","embeddable":true,"href":"https:\/\/www.pomoline.com\/de\/wp-json\/wp\/v2\/product_cat?post=321506"},{"taxonomy":"product_tag","embeddable":true,"href":"https:\/\/www.pomoline.com\/de\/wp-json\/wp\/v2\/product_tag?post=321506"}],"curies":[{"name":"wp","href":"https:\/\/api.w.org\/{rel}","templated":true}]}}