{"id":321546,"date":"2024-04-27T12:31:06","date_gmt":"2024-04-27T10:31:06","guid":{"rendered":"https:\/\/www.pomoline.com\/web-pruebas\/producto\/juego-2-manillas-para-puerta-con-placa-en-acero-inox\/"},"modified":"2025-03-14T00:43:54","modified_gmt":"2025-03-13T23:43:54","slug":"set-2-turgriffe-fur-tur-mit-schild-aus-edelstahl","status":"publish","type":"product","link":"https:\/\/www.pomoline.com\/de\/produkt\/set-2-turgriffe-fur-tur-mit-schild-aus-edelstahl\/","title":{"rendered":"SET 2 T\u00dcRGRIFFE F\u00dcR T\u00dcR MIT SCHILD AUS EDELSTAHL"},"content":{"rendered":"<p>Innent\u00fcrgriffe aus Holz mit LangSchild aus Metall. Der Preis entspricht einem Satz von zwei Griffen und wird in einer Box mit 2 St\u00fcck geliefert. Dieses besondere Modell ist MOD MA2000-LP Set 2 T\u00fcrgriffe f\u00fcr T\u00fcr mit Schild aus Edelstahl<\/p>\n","protected":false},"excerpt":{"rendered":"<p>Innent\u00fcrgriffe aus Holz mit LangSchild aus Metall. Der Preis entspricht einem Satz von zwei Griffen und wird in einer Box mit 2 St\u00fcck geliefert. Dieses besondere Modell ist MOD MA2000-LP Set 2 T\u00fcrgriffe f\u00fcr T\u00fcr mit Schild aus Edelstahl<\/p>\n","protected":false},"featured_media":432122,"template":"","meta":{"_joinchat":[]},"product_brand":[],"product_cat":[5358,5355,1013],"product_tag":[],"class_list":{"0":"post-321546","1":"product","2":"type-product","3":"status-publish","4":"has-post-thumbnail","6":"product_cat-ofertas-de","7":"product_cat-ofertas","8":"product_cat-turgriffe-schiebe-turgriffe-rossette-turknopfe-schlusselloch-drehriegel-klinkenschloss","9":"pa_color-rostfreier-stahl-griffe-griffe-wandaufhanger-turhaken-mobelbeine","10":"pa_tendencia-tur-innen-griffe","12":"first","13":"instock","14":"sale","15":"taxable","16":"shipping-taxable","17":"purchasable","18":"product-type-variable","19":"has-default-attributes","20":"wvs-archive-product-wrapper"},"_links":{"self":[{"href":"https:\/\/www.pomoline.com\/de\/wp-json\/wp\/v2\/product\/321546","targetHints":{"allow":["GET"]}}],"collection":[{"href":"https:\/\/www.pomoline.com\/de\/wp-json\/wp\/v2\/product"}],"about":[{"href":"https:\/\/www.pomoline.com\/de\/wp-json\/wp\/v2\/types\/product"}],"wp:featuredmedia":[{"embeddable":true,"href":"https:\/\/www.pomoline.com\/de\/wp-json\/wp\/v2\/media\/432122"}],"wp:attachment":[{"href":"https:\/\/www.pomoline.com\/de\/wp-json\/wp\/v2\/media?parent=321546"}],"wp:term":[{"taxonomy":"product_brand","embeddable":true,"href":"https:\/\/www.pomoline.com\/de\/wp-json\/wp\/v2\/product_brand?post=321546"},{"taxonomy":"product_cat","embeddable":true,"href":"https:\/\/www.pomoline.com\/de\/wp-json\/wp\/v2\/product_cat?post=321546"},{"taxonomy":"product_tag","embeddable":true,"href":"https:\/\/www.pomoline.com\/de\/wp-json\/wp\/v2\/product_tag?post=321546"}],"curies":[{"name":"wp","href":"https:\/\/api.w.org\/{rel}","templated":true}]}}