{"id":321582,"date":"2024-04-27T12:32:13","date_gmt":"2024-04-27T10:32:13","guid":{"rendered":"https:\/\/www.pomoline.com\/web-pruebas\/producto\/manillon-asa-puerta-corredera-de-acero-inox-011\/"},"modified":"2025-03-14T00:41:29","modified_gmt":"2025-03-13T23:41:29","slug":"schiebe-turgriffgriff-schiebetur-aus-edelstahl-011","status":"publish","type":"product","link":"https:\/\/www.pomoline.com\/de\/produkt\/schiebe-turgriffgriff-schiebetur-aus-edelstahl-011\/","title":{"rendered":"SCHIEBE T\u00dcRGRIFFGRIFF SCHIEBET\u00dcR AUS EDELSTAHL 011"},"content":{"rendered":"<p>Schiebet\u00fcrgriffe innen. Sie sind mit hochwertigen Metallen gefertigt und konstruiert und an den T\u00fcren montiert sehen toll aus. Dieses besondere Modell ist MOD M2011 Schiebet\u00fcrgriff Griff Schiebet\u00fcr aus Edelstahl 011<\/p>\n","protected":false},"excerpt":{"rendered":"<p>Schiebet\u00fcrgriffe innen. Sie sind mit hochwertigen Metallen gefertigt und konstruiert und an den T\u00fcren montiert sehen toll aus. Dieses besondere Modell ist MOD M2011 Schiebet\u00fcrgriff Griff Schiebet\u00fcr aus Edelstahl 011<\/p>\n","protected":false},"featured_media":410656,"template":"","meta":{"_joinchat":[]},"product_brand":[],"product_cat":[5358,5355,1013],"product_tag":[],"class_list":{"0":"post-321582","1":"product","2":"type-product","3":"status-publish","4":"has-post-thumbnail","6":"product_cat-ofertas-de","7":"product_cat-ofertas","8":"product_cat-turgriffe-schiebe-turgriffe-rossette-turknopfe-schlusselloch-drehriegel-klinkenschloss","9":"pa_color-rostfreier-stahl-griffe-griffe-wandaufhanger-turhaken-mobelbeine","10":"pa_tendencia-schiebeturgriffe","12":"first","13":"instock","14":"sale","15":"taxable","16":"shipping-taxable","17":"purchasable","18":"product-type-variable","19":"has-default-attributes","20":"wvs-archive-product-wrapper"},"_links":{"self":[{"href":"https:\/\/www.pomoline.com\/de\/wp-json\/wp\/v2\/product\/321582","targetHints":{"allow":["GET"]}}],"collection":[{"href":"https:\/\/www.pomoline.com\/de\/wp-json\/wp\/v2\/product"}],"about":[{"href":"https:\/\/www.pomoline.com\/de\/wp-json\/wp\/v2\/types\/product"}],"wp:featuredmedia":[{"embeddable":true,"href":"https:\/\/www.pomoline.com\/de\/wp-json\/wp\/v2\/media\/410656"}],"wp:attachment":[{"href":"https:\/\/www.pomoline.com\/de\/wp-json\/wp\/v2\/media?parent=321582"}],"wp:term":[{"taxonomy":"product_brand","embeddable":true,"href":"https:\/\/www.pomoline.com\/de\/wp-json\/wp\/v2\/product_brand?post=321582"},{"taxonomy":"product_cat","embeddable":true,"href":"https:\/\/www.pomoline.com\/de\/wp-json\/wp\/v2\/product_cat?post=321582"},{"taxonomy":"product_tag","embeddable":true,"href":"https:\/\/www.pomoline.com\/de\/wp-json\/wp\/v2\/product_tag?post=321582"}],"curies":[{"name":"wp","href":"https:\/\/api.w.org\/{rel}","templated":true}]}}