{"id":321618,"date":"2024-04-27T12:33:30","date_gmt":"2024-04-27T10:33:30","guid":{"rendered":"https:\/\/www.pomoline.com\/web-pruebas\/producto\/juego-2-manillas-para-puerta-con-placa-acabado-laton-satinado\/"},"modified":"2025-03-14T00:39:18","modified_gmt":"2025-03-13T23:39:18","slug":"set-2-turgriffe-fur-tur-mit-schild-finish-messing-satiniert","status":"publish","type":"product","link":"https:\/\/www.pomoline.com\/de\/produkt\/set-2-turgriffe-fur-tur-mit-schild-finish-messing-satiniert\/","title":{"rendered":"SET 2 T\u00dcRGRIFFE F\u00dcR T\u00dcR MIT SCHILD FINISH MESSING SATINIERT"},"content":{"rendered":"<p>Innent\u00fcrgriffe aus Holz mit LangSchild aus Metall. Der Preis entspricht einem Satz von zwei Griffen und wird in einer Box mit 2 St\u00fcck geliefert. Dieses besondere Modell ist MOD LILIANA Set 2 T\u00fcrgriffe f\u00fcr T\u00fcr mit Schild Finisch Messing satiniert<\/p>\n","protected":false},"excerpt":{"rendered":"<p>Innent\u00fcrgriffe aus Holz mit LangSchild aus Metall. Der Preis entspricht einem Satz von zwei Griffen und wird in einer Box mit 2 St\u00fcck geliefert. Dieses besondere Modell ist MOD LILIANA Set 2 T\u00fcrgriffe f\u00fcr T\u00fcr mit Schild Finisch Messing satiniert<\/p>\n","protected":false},"featured_media":410624,"template":"","meta":{"_joinchat":[]},"product_brand":[],"product_cat":[5358,5355,1013],"product_tag":[],"class_list":{"0":"post-321618","1":"product","2":"type-product","3":"status-publish","4":"has-post-thumbnail","6":"product_cat-ofertas-de","7":"product_cat-ofertas","8":"product_cat-turgriffe-schiebe-turgriffe-rossette-turknopfe-schlusselloch-drehriegel-klinkenschloss","9":"pa_color-geburstetes-messing-schrankknopfe-griffe-wandhaken-turhaken-mobelbeine","10":"pa_color-gold-schrank-knauf-griffe-wandaufhanger-turhaken-mobel-beine","11":"pa_tendencia-tur-innen-griffe","13":"first","14":"instock","15":"sale","16":"taxable","17":"shipping-taxable","18":"purchasable","19":"product-type-variable","20":"has-default-attributes","21":"wvs-archive-product-wrapper"},"_links":{"self":[{"href":"https:\/\/www.pomoline.com\/de\/wp-json\/wp\/v2\/product\/321618","targetHints":{"allow":["GET"]}}],"collection":[{"href":"https:\/\/www.pomoline.com\/de\/wp-json\/wp\/v2\/product"}],"about":[{"href":"https:\/\/www.pomoline.com\/de\/wp-json\/wp\/v2\/types\/product"}],"wp:featuredmedia":[{"embeddable":true,"href":"https:\/\/www.pomoline.com\/de\/wp-json\/wp\/v2\/media\/410624"}],"wp:attachment":[{"href":"https:\/\/www.pomoline.com\/de\/wp-json\/wp\/v2\/media?parent=321618"}],"wp:term":[{"taxonomy":"product_brand","embeddable":true,"href":"https:\/\/www.pomoline.com\/de\/wp-json\/wp\/v2\/product_brand?post=321618"},{"taxonomy":"product_cat","embeddable":true,"href":"https:\/\/www.pomoline.com\/de\/wp-json\/wp\/v2\/product_cat?post=321618"},{"taxonomy":"product_tag","embeddable":true,"href":"https:\/\/www.pomoline.com\/de\/wp-json\/wp\/v2\/product_tag?post=321618"}],"curies":[{"name":"wp","href":"https:\/\/api.w.org\/{rel}","templated":true}]}}