{"id":321702,"date":"2024-04-27T12:35:21","date_gmt":"2024-04-27T10:35:21","guid":{"rendered":"https:\/\/www.pomoline.com\/web-pruebas\/producto\/cerradura-empotrada-inox-bombillo-pestillo-y-para-puerta-de-paso\/"},"modified":"2025-03-14T00:36:35","modified_gmt":"2025-03-13T23:36:35","slug":"schlosern-eingebaut-edelstahl-zylinderschloss-riegel-und-fur-einfahrtstor","status":"publish","type":"product","link":"https:\/\/www.pomoline.com\/de\/produkt\/schlosern-eingebaut-edelstahl-zylinderschloss-riegel-und-fur-einfahrtstor\/","title":{"rendered":"SCHL\u00d6SERN EINGEBAUT EDELSTAHL ZYLINDERSCHLOSS, RIEGEL UND F\u00dcR EINFAHRTSTOR"},"content":{"rendered":"<p>Schl\u00f6sser f\u00fcr die Montage und den Eingebaut in Holzinnent\u00fcren im Wohnbereich Dieses besondere Modell ist MOD CERRADURA INOX Edelstahl Schl\u00f6sser Eingebaut Edelstahl Zylinderschloss, Riegel f\u00fcr T\u00fcr Einfahrtstor<\/p>\n","protected":false},"excerpt":{"rendered":"<p>Schl\u00f6sser f\u00fcr die Montage und den Eingebaut in Holzinnent\u00fcren im Wohnbereich Dieses besondere Modell ist MOD CERRADURA INOX Edelstahl Schl\u00f6sser Eingebaut Edelstahl Zylinderschloss, Riegel f\u00fcr T\u00fcr Einfahrtstor<\/p>\n","protected":false},"featured_media":410588,"template":"","meta":{"_joinchat":[]},"product_brand":[],"product_cat":[5358,5355,1013],"product_tag":[],"class_list":{"0":"post-321702","1":"product","2":"type-product","3":"status-publish","4":"has-post-thumbnail","6":"product_cat-ofertas-de","7":"product_cat-ofertas","8":"product_cat-turgriffe-schiebe-turgriffe-rossette-turknopfe-schlusselloch-drehriegel-klinkenschloss","9":"pa_color-rostfreier-stahl-griffe-griffe-wandaufhanger-turhaken-mobelbeine","10":"pa_tendencia-tur-schlussellocher-rosetten-verschlusse-scharniere","12":"first","13":"instock","14":"sale","15":"taxable","16":"shipping-taxable","17":"purchasable","18":"product-type-variable","19":"has-default-attributes","20":"wvs-archive-product-wrapper"},"_links":{"self":[{"href":"https:\/\/www.pomoline.com\/de\/wp-json\/wp\/v2\/product\/321702","targetHints":{"allow":["GET"]}}],"collection":[{"href":"https:\/\/www.pomoline.com\/de\/wp-json\/wp\/v2\/product"}],"about":[{"href":"https:\/\/www.pomoline.com\/de\/wp-json\/wp\/v2\/types\/product"}],"wp:featuredmedia":[{"embeddable":true,"href":"https:\/\/www.pomoline.com\/de\/wp-json\/wp\/v2\/media\/410588"}],"wp:attachment":[{"href":"https:\/\/www.pomoline.com\/de\/wp-json\/wp\/v2\/media?parent=321702"}],"wp:term":[{"taxonomy":"product_brand","embeddable":true,"href":"https:\/\/www.pomoline.com\/de\/wp-json\/wp\/v2\/product_brand?post=321702"},{"taxonomy":"product_cat","embeddable":true,"href":"https:\/\/www.pomoline.com\/de\/wp-json\/wp\/v2\/product_cat?post=321702"},{"taxonomy":"product_tag","embeddable":true,"href":"https:\/\/www.pomoline.com\/de\/wp-json\/wp\/v2\/product_tag?post=321702"}],"curies":[{"name":"wp","href":"https:\/\/api.w.org\/{rel}","templated":true}]}}