{"id":321714,"date":"2024-04-27T12:35:41","date_gmt":"2024-04-27T10:35:41","guid":{"rendered":"https:\/\/www.pomoline.com\/web-pruebas\/producto\/bocallave-redondo-pera-52mm-laton-oro\/"},"modified":"2025-03-14T00:36:01","modified_gmt":"2025-03-13T23:36:01","slug":"schlusselloch-rund-birne-52mm-messing-gold","status":"publish","type":"product","link":"https:\/\/www.pomoline.com\/de\/produkt\/schlusselloch-rund-birne-52mm-messing-gold\/","title":{"rendered":"SCHL\u00dcSSELLOCH RUND BIRNE 52MM MESSING GOLD"},"content":{"rendered":"<p>T\u00fcrzubeh\u00f6r wie Rosetten mit Schl\u00fcssell\u00f6chern, Drehriegel und Klinken, die zusammen mit unseren T\u00fcrgriffen an T\u00fcren montiert werden. Dieses besondere Modell ist MOD BOCSIM Sch\u00fcsselloch rund Birne 52mm Messing Gold<\/p>\n","protected":false},"excerpt":{"rendered":"<p>T\u00fcrzubeh\u00f6r wie Rosetten mit Schl\u00fcssell\u00f6chern, Drehriegel und Klinken, die zusammen mit unseren T\u00fcrgriffen an T\u00fcren montiert werden. Dieses besondere Modell ist MOD BOCSIM Sch\u00fcsselloch rund Birne 52mm Messing Gold<\/p>\n","protected":false},"featured_media":410580,"template":"","meta":{"_joinchat":[]},"product_brand":[],"product_cat":[1013],"product_tag":[],"class_list":{"0":"post-321714","1":"product","2":"type-product","3":"status-publish","4":"has-post-thumbnail","6":"product_cat-turgriffe-schiebe-turgriffe-rossette-turknopfe-schlusselloch-drehriegel-klinkenschloss","7":"pa_color-gold-schrank-knauf-griffe-wandaufhanger-turhaken-mobel-beine","8":"pa_tendencia-tur-schlussellocher-rosetten-verschlusse-scharniere","10":"first","11":"instock","12":"taxable","13":"shipping-taxable","14":"purchasable","15":"product-type-variable","16":"has-default-attributes","17":"wvs-archive-product-wrapper"},"_links":{"self":[{"href":"https:\/\/www.pomoline.com\/de\/wp-json\/wp\/v2\/product\/321714","targetHints":{"allow":["GET"]}}],"collection":[{"href":"https:\/\/www.pomoline.com\/de\/wp-json\/wp\/v2\/product"}],"about":[{"href":"https:\/\/www.pomoline.com\/de\/wp-json\/wp\/v2\/types\/product"}],"wp:featuredmedia":[{"embeddable":true,"href":"https:\/\/www.pomoline.com\/de\/wp-json\/wp\/v2\/media\/410580"}],"wp:attachment":[{"href":"https:\/\/www.pomoline.com\/de\/wp-json\/wp\/v2\/media?parent=321714"}],"wp:term":[{"taxonomy":"product_brand","embeddable":true,"href":"https:\/\/www.pomoline.com\/de\/wp-json\/wp\/v2\/product_brand?post=321714"},{"taxonomy":"product_cat","embeddable":true,"href":"https:\/\/www.pomoline.com\/de\/wp-json\/wp\/v2\/product_cat?post=321714"},{"taxonomy":"product_tag","embeddable":true,"href":"https:\/\/www.pomoline.com\/de\/wp-json\/wp\/v2\/product_tag?post=321714"}],"curies":[{"name":"wp","href":"https:\/\/api.w.org\/{rel}","templated":true}]}}